{"id":1000,"date":"2016-07-18T10:31:57","date_gmt":"2016-07-18T10:31:57","guid":{"rendered":"http:\/\/jadebeauty.hu\/termek\/45-darabos-lavako-keszlet\/"},"modified":"2025-01-24T21:19:00","modified_gmt":"2025-01-24T21:19:00","slug":"45-darabos-lavako-keszlet","status":"publish","type":"product","link":"http:\/\/jadebeauty.hu\/?product=45-darabos-lavako-keszlet","title":{"rendered":"45 darabos l\u00e1vak\u0151 k\u00e9szlet"},"content":{"rendered":"","protected":false},"excerpt":{"rendered":"<p>K\u00e9zzel csiszolt l\u00e1vak\u00f6vek.<\/p>\n<p>1 db l\u00e1vak\u0151 &#8211; 11x7x3 cm<br \/>\n10 db l\u00e1vak\u0151 &#8211; 3,5&#215;2,5&#215;0,5 cm<br \/>\n8 db l\u00e1vak\u0151 &#8211; 7,5&#215;5,5&#215;3 cm<br \/>\n12 db l\u00e1vak\u0151 &#8211; \u00a06,5&#215;4,5&#215;1,5 cm<br \/>\n2 db l\u00e1vak\u0151 &#8211; 8x3x2 cm<br \/>\n12 db l\u00e1vak\u0151 &#8211; 4x3x2 cm<br \/>\n&#8211; jav\u00edtja a kering\u00e9st<br \/>\n&#8211; seg\u00edt az izmok ellaz\u00edt\u00e1s\u00e1ban<br \/>\n&#8211; felmeleg\u00edti a testet<br \/>\n&#8211; jav\u00edtja a nyirokkering\u00e9st<br \/>\n&#8211; gyors\u00edtja az anyagcser\u00e9t<br \/>\n&#8211; enyh\u00edti az izomf\u00e1jdalmakat<br \/>\n&#8211; seg\u00edti a m\u00e9regtelen\u00edt\u00e9s folyamat\u00e1t<br \/>\n&#8211; er\u0151s\u00edti a k\u00f6t\u0151sz\u00f6veteket<br \/>\n&#8211; stresszold\u00f3 hat\u00e1s\u00fa<br \/>\n&#8211; jav\u00edtja\u00a0a vese kiv\u00e1laszt\u00e1s\u00e1t<br \/>\n&#8211; feloldja az izommerevs\u00e9get<\/p>\n<p>&nbsp;<\/p>\n","protected":false},"featured_media":2756,"template":"","meta":[],"product_cat":[253],"product_tag":[251,254,252],"yoast_head":"<!-- This site is optimized with the Yoast SEO plugin v17.4 - https:\/\/yoast.com\/wordpress\/plugins\/seo\/ -->\n<title>45 darabos l\u00e1vak\u0151 k\u00e9szlet - Emspoma webshop<\/title>\n<meta name=\"robots\" content=\"index, follow, max-snippet:-1, max-image-preview:large, max-video-preview:-1\" \/>\n<link rel=\"canonical\" href=\"http:\/\/jadebeauty.hu\/?product=45-darabos-lavako-keszlet\" \/>\n<meta property=\"og:locale\" content=\"hu_HU\" \/>\n<meta property=\"og:type\" content=\"article\" \/>\n<meta property=\"og:title\" content=\"45 darabos l\u00e1vak\u0151 k\u00e9szlet - Emspoma webshop\" \/>\n<meta property=\"og:description\" content=\"K\u00e9zzel csiszolt l\u00e1vak\u00f6vek. 1 db l\u00e1vak\u0151 - 11x7x3 cm 10 db l\u00e1vak\u0151 - 3,5x2,5x0,5 cm 8 db l\u00e1vak\u0151 - 7,5x5,5x3 cm 12 db l\u00e1vak\u0151 - \u00a06,5x4,5x1,5 cm 2 db l\u00e1vak\u0151 - 8x3x2 cm 12 db l\u00e1vak\u0151 - 4x3x2 cm - jav\u00edtja a kering\u00e9st - seg\u00edt az izmok ellaz\u00edt\u00e1s\u00e1ban - felmeleg\u00edti a testet - jav\u00edtja a nyirokkering\u00e9st - gyors\u00edtja az anyagcser\u00e9t - enyh\u00edti az izomf\u00e1jdalmakat - seg\u00edti a m\u00e9regtelen\u00edt\u00e9s folyamat\u00e1t - er\u0151s\u00edti a k\u00f6t\u0151sz\u00f6veteket - stresszold\u00f3 hat\u00e1s\u00fa - jav\u00edtja\u00a0a vese kiv\u00e1laszt\u00e1s\u00e1t - feloldja az izommerevs\u00e9get &nbsp;\" \/>\n<meta property=\"og:url\" content=\"http:\/\/jadebeauty.hu\/?product=45-darabos-lavako-keszlet\" \/>\n<meta property=\"og:site_name\" content=\"Emspoma webshop\" \/>\n<meta property=\"article:publisher\" content=\"https:\/\/www.facebook.com\/masszazsbirodalom\/\" \/>\n<meta property=\"article:modified_time\" content=\"2025-01-24T21:19:00+00:00\" \/>\n<meta property=\"og:image\" content=\"http:\/\/jadebeauty.hu\/wp-content\/uploads\/2025\/01\/45-darabos-keszlet.jpg\" \/>\n\t<meta property=\"og:image:width\" content=\"300\" \/>\n\t<meta property=\"og:image:height\" content=\"300\" \/>\n<meta name=\"twitter:card\" content=\"summary\" \/>\n<meta name=\"twitter:site\" content=\"@masszazs_bir\" \/>\n<script type=\"application\/ld+json\" class=\"yoast-schema-graph\">{\"@context\":\"https:\/\/schema.org\",\"@graph\":[{\"@type\":\"WebSite\",\"@id\":\"http:\/\/jadebeauty.hu\/#website\",\"url\":\"http:\/\/jadebeauty.hu\/\",\"name\":\"Emspoma webshop\",\"description\":\"\",\"potentialAction\":[{\"@type\":\"SearchAction\",\"target\":{\"@type\":\"EntryPoint\",\"urlTemplate\":\"http:\/\/jadebeauty.hu\/?s={search_term_string}\"},\"query-input\":\"required name=search_term_string\"}],\"inLanguage\":\"hu\"},{\"@type\":\"ImageObject\",\"@id\":\"http:\/\/jadebeauty.hu\/?product=45-darabos-lavako-keszlet#primaryimage\",\"inLanguage\":\"hu\",\"url\":\"http:\/\/jadebeauty.hu\/wp-content\/uploads\/2025\/01\/45-darabos-keszlet.jpg\",\"contentUrl\":\"http:\/\/jadebeauty.hu\/wp-content\/uploads\/2025\/01\/45-darabos-keszlet.jpg\",\"width\":300,\"height\":300,\"caption\":\"45 darabos l\\u00e1vak\\u0151 k\\u00e9szlet\"},{\"@type\":\"WebPage\",\"@id\":\"http:\/\/jadebeauty.hu\/?product=45-darabos-lavako-keszlet#webpage\",\"url\":\"http:\/\/jadebeauty.hu\/?product=45-darabos-lavako-keszlet\",\"name\":\"45 darabos l\\u00e1vak\\u0151 k\\u00e9szlet - Emspoma webshop\",\"isPartOf\":{\"@id\":\"http:\/\/jadebeauty.hu\/#website\"},\"primaryImageOfPage\":{\"@id\":\"http:\/\/jadebeauty.hu\/?product=45-darabos-lavako-keszlet#primaryimage\"},\"datePublished\":\"2016-07-18T10:31:57+00:00\",\"dateModified\":\"2025-01-24T21:19:00+00:00\",\"breadcrumb\":{\"@id\":\"http:\/\/jadebeauty.hu\/?product=45-darabos-lavako-keszlet#breadcrumb\"},\"inLanguage\":\"hu\",\"potentialAction\":[{\"@type\":\"ReadAction\",\"target\":[\"http:\/\/jadebeauty.hu\/?product=45-darabos-lavako-keszlet\"]}]},{\"@type\":\"BreadcrumbList\",\"@id\":\"http:\/\/jadebeauty.hu\/?product=45-darabos-lavako-keszlet#breadcrumb\",\"itemListElement\":[{\"@type\":\"ListItem\",\"position\":1,\"name\":\"Home\",\"item\":\"http:\/\/jadebeauty.hu\/\"},{\"@type\":\"ListItem\",\"position\":2,\"name\":\"\\u00dczlet\",\"item\":\"http:\/\/jadebeauty.hu\/?page_id=4\"},{\"@type\":\"ListItem\",\"position\":3,\"name\":\"45 darabos l\\u00e1vak\\u0151 k\\u00e9szlet\"}]}]}<\/script>\n<!-- \/ Yoast SEO plugin. -->","yoast_head_json":{"title":"45 darabos l\u00e1vak\u0151 k\u00e9szlet - Emspoma webshop","robots":{"index":"index","follow":"follow","max-snippet":"max-snippet:-1","max-image-preview":"max-image-preview:large","max-video-preview":"max-video-preview:-1"},"canonical":"http:\/\/jadebeauty.hu\/?product=45-darabos-lavako-keszlet","og_locale":"hu_HU","og_type":"article","og_title":"45 darabos l\u00e1vak\u0151 k\u00e9szlet - Emspoma webshop","og_description":"K\u00e9zzel csiszolt l\u00e1vak\u00f6vek. 1 db l\u00e1vak\u0151 - 11x7x3 cm 10 db l\u00e1vak\u0151 - 3,5x2,5x0,5 cm 8 db l\u00e1vak\u0151 - 7,5x5,5x3 cm 12 db l\u00e1vak\u0151 - \u00a06,5x4,5x1,5 cm 2 db l\u00e1vak\u0151 - 8x3x2 cm 12 db l\u00e1vak\u0151 - 4x3x2 cm - jav\u00edtja a kering\u00e9st - seg\u00edt az izmok ellaz\u00edt\u00e1s\u00e1ban - felmeleg\u00edti a testet - jav\u00edtja a nyirokkering\u00e9st - gyors\u00edtja az anyagcser\u00e9t - enyh\u00edti az izomf\u00e1jdalmakat - seg\u00edti a m\u00e9regtelen\u00edt\u00e9s folyamat\u00e1t - er\u0151s\u00edti a k\u00f6t\u0151sz\u00f6veteket - stresszold\u00f3 hat\u00e1s\u00fa - jav\u00edtja\u00a0a vese kiv\u00e1laszt\u00e1s\u00e1t - feloldja az izommerevs\u00e9get &nbsp;","og_url":"http:\/\/jadebeauty.hu\/?product=45-darabos-lavako-keszlet","og_site_name":"Emspoma webshop","article_publisher":"https:\/\/www.facebook.com\/masszazsbirodalom\/","article_modified_time":"2025-01-24T21:19:00+00:00","og_image":[{"width":300,"height":300,"url":"http:\/\/jadebeauty.hu\/wp-content\/uploads\/2025\/01\/45-darabos-keszlet.jpg","type":"image\/jpeg"}],"twitter_card":"summary","twitter_site":"@masszazs_bir","schema":{"@context":"https:\/\/schema.org","@graph":[{"@type":"WebSite","@id":"http:\/\/jadebeauty.hu\/#website","url":"http:\/\/jadebeauty.hu\/","name":"Emspoma webshop","description":"","potentialAction":[{"@type":"SearchAction","target":{"@type":"EntryPoint","urlTemplate":"http:\/\/jadebeauty.hu\/?s={search_term_string}"},"query-input":"required name=search_term_string"}],"inLanguage":"hu"},{"@type":"ImageObject","@id":"http:\/\/jadebeauty.hu\/?product=45-darabos-lavako-keszlet#primaryimage","inLanguage":"hu","url":"http:\/\/jadebeauty.hu\/wp-content\/uploads\/2025\/01\/45-darabos-keszlet.jpg","contentUrl":"http:\/\/jadebeauty.hu\/wp-content\/uploads\/2025\/01\/45-darabos-keszlet.jpg","width":300,"height":300,"caption":"45 darabos l\u00e1vak\u0151 k\u00e9szlet"},{"@type":"WebPage","@id":"http:\/\/jadebeauty.hu\/?product=45-darabos-lavako-keszlet#webpage","url":"http:\/\/jadebeauty.hu\/?product=45-darabos-lavako-keszlet","name":"45 darabos l\u00e1vak\u0151 k\u00e9szlet - Emspoma webshop","isPartOf":{"@id":"http:\/\/jadebeauty.hu\/#website"},"primaryImageOfPage":{"@id":"http:\/\/jadebeauty.hu\/?product=45-darabos-lavako-keszlet#primaryimage"},"datePublished":"2016-07-18T10:31:57+00:00","dateModified":"2025-01-24T21:19:00+00:00","breadcrumb":{"@id":"http:\/\/jadebeauty.hu\/?product=45-darabos-lavako-keszlet#breadcrumb"},"inLanguage":"hu","potentialAction":[{"@type":"ReadAction","target":["http:\/\/jadebeauty.hu\/?product=45-darabos-lavako-keszlet"]}]},{"@type":"BreadcrumbList","@id":"http:\/\/jadebeauty.hu\/?product=45-darabos-lavako-keszlet#breadcrumb","itemListElement":[{"@type":"ListItem","position":1,"name":"Home","item":"http:\/\/jadebeauty.hu\/"},{"@type":"ListItem","position":2,"name":"\u00dczlet","item":"http:\/\/jadebeauty.hu\/?page_id=4"},{"@type":"ListItem","position":3,"name":"45 darabos l\u00e1vak\u0151 k\u00e9szlet"}]}]}},"_links":{"self":[{"href":"http:\/\/jadebeauty.hu\/index.php?rest_route=\/wp\/v2\/product\/1000"}],"collection":[{"href":"http:\/\/jadebeauty.hu\/index.php?rest_route=\/wp\/v2\/product"}],"about":[{"href":"http:\/\/jadebeauty.hu\/index.php?rest_route=\/wp\/v2\/types\/product"}],"wp:featuredmedia":[{"embeddable":true,"href":"http:\/\/jadebeauty.hu\/index.php?rest_route=\/wp\/v2\/media\/2756"}],"wp:attachment":[{"href":"http:\/\/jadebeauty.hu\/index.php?rest_route=%2Fwp%2Fv2%2Fmedia&parent=1000"}],"wp:term":[{"taxonomy":"product_cat","embeddable":true,"href":"http:\/\/jadebeauty.hu\/index.php?rest_route=%2Fwp%2Fv2%2Fproduct_cat&post=1000"},{"taxonomy":"product_tag","embeddable":true,"href":"http:\/\/jadebeauty.hu\/index.php?rest_route=%2Fwp%2Fv2%2Fproduct_tag&post=1000"}],"curies":[{"name":"wp","href":"https:\/\/api.w.org\/{rel}","templated":true}]}}