{"id":1008,"date":"2016-07-18T10:49:03","date_gmt":"2016-07-18T10:49:03","guid":{"rendered":"http:\/\/jadebeauty.hu\/termek\/uvegkopoly-vakuumpumpaval-12-darabos\/"},"modified":"2025-01-25T10:13:29","modified_gmt":"2025-01-25T10:13:29","slug":"uvegkopoly-vakuumpumpaval-12-darabos","status":"publish","type":"product","link":"http:\/\/jadebeauty.hu\/?product=uvegkopoly-vakuumpumpaval-12-darabos","title":{"rendered":"T\u0171z n\u00e9lk\u00fcl haszn\u00e1lhat\u00f3 \u00fcvegk\u00f6p\u00f6ly v\u00e1kuumpump\u00e1val 8 darabos vagy 12 darabos"},"content":{"rendered":"","protected":false},"excerpt":{"rendered":"<p>A k\u00f6p\u00f6ly\u00f6z\u00e9s ezer \u00e9ves trad\u00edci\u00f3val rendelkezik. Manaps\u00e1g, az orvosl\u00e1s rohamos m\u00e9rt\u00e9k\u0171 fejl\u0151d\u00e9s\u00e9nek kor\u00e1ban a k\u00f6p\u00f6ly\u00f6z\u00e9s teljes \u00e9rt\u00e9k\u0171 gy\u00f3gym\u00f3dja rengeteg betegs\u00e9gnek.<\/p>\n<p>A k\u00f6p\u00f6ly\u00f6z\u00e9s megfelel\u0151 id\u0151ben val\u00f3 alkalmaz\u00e1sa n\u00e9ha hat\u00e1sosabb az antibiotikumos kezel\u00e9sn\u00e9l, illetve gyakran helyettes\u00edti azt. A v\u00edrusos megbeteged\u00e9sek, melyek az antibiotikus kezel\u00e9sekre nem \u00e9rz\u00e9kenyek, meglep\u0151en j\u00f3l hat.<\/p>\n<p>8 vagy 12 darabos k\u00e9szlet v\u00e1laszthat\u00f3, v\u00e1kuumpump\u00e1val.<\/p>\n","protected":false},"featured_media":1502,"template":"","meta":[],"product_cat":[253],"product_tag":[255,256],"yoast_head":"<!-- This site is optimized with the Yoast SEO plugin v17.4 - https:\/\/yoast.com\/wordpress\/plugins\/seo\/ -->\n<title>T\u0171z n\u00e9lk\u00fcl haszn\u00e1lhat\u00f3 \u00fcvegk\u00f6p\u00f6ly v\u00e1kuumpump\u00e1val 8 darabos vagy 12 darabos - Emspoma webshop<\/title>\n<meta name=\"robots\" content=\"index, follow, max-snippet:-1, max-image-preview:large, max-video-preview:-1\" \/>\n<link rel=\"canonical\" href=\"http:\/\/jadebeauty.hu\/?product=uvegkopoly-vakuumpumpaval-12-darabos\" \/>\n<meta property=\"og:locale\" content=\"hu_HU\" \/>\n<meta property=\"og:type\" content=\"article\" \/>\n<meta property=\"og:title\" content=\"T\u0171z n\u00e9lk\u00fcl haszn\u00e1lhat\u00f3 \u00fcvegk\u00f6p\u00f6ly v\u00e1kuumpump\u00e1val 8 darabos vagy 12 darabos - Emspoma webshop\" \/>\n<meta property=\"og:description\" content=\"A k\u00f6p\u00f6ly\u00f6z\u00e9s ezer \u00e9ves trad\u00edci\u00f3val rendelkezik. Manaps\u00e1g, az orvosl\u00e1s rohamos m\u00e9rt\u00e9k\u0171 fejl\u0151d\u00e9s\u00e9nek kor\u00e1ban a k\u00f6p\u00f6ly\u00f6z\u00e9s teljes \u00e9rt\u00e9k\u0171 gy\u00f3gym\u00f3dja rengeteg betegs\u00e9gnek.  A k\u00f6p\u00f6ly\u00f6z\u00e9s megfelel\u0151 id\u0151ben val\u00f3 alkalmaz\u00e1sa n\u00e9ha hat\u00e1sosabb az antibiotikumos kezel\u00e9sn\u00e9l, illetve gyakran helyettes\u00edti azt. A v\u00edrusos megbeteged\u00e9sek, melyek az antibiotikus kezel\u00e9sekre nem \u00e9rz\u00e9kenyek, meglep\u0151en j\u00f3l hat.  8 vagy 12 darabos k\u00e9szlet v\u00e1laszthat\u00f3, v\u00e1kuumpump\u00e1val.\" \/>\n<meta property=\"og:url\" content=\"http:\/\/jadebeauty.hu\/?product=uvegkopoly-vakuumpumpaval-12-darabos\" \/>\n<meta property=\"og:site_name\" content=\"Emspoma webshop\" \/>\n<meta property=\"article:publisher\" content=\"https:\/\/www.facebook.com\/masszazsbirodalom\/\" \/>\n<meta property=\"article:modified_time\" content=\"2025-01-25T10:13:29+00:00\" \/>\n<meta property=\"og:image\" content=\"http:\/\/jadebeauty.hu\/wp-content\/uploads\/2016\/09\/tz-nelkul-hasznalhato-uvegkopoly.jpg\" \/>\n\t<meta property=\"og:image:width\" content=\"300\" \/>\n\t<meta property=\"og:image:height\" content=\"300\" \/>\n<meta name=\"twitter:card\" content=\"summary\" \/>\n<meta name=\"twitter:site\" content=\"@masszazs_bir\" \/>\n<script type=\"application\/ld+json\" class=\"yoast-schema-graph\">{\"@context\":\"https:\/\/schema.org\",\"@graph\":[{\"@type\":\"WebSite\",\"@id\":\"http:\/\/jadebeauty.hu\/#website\",\"url\":\"http:\/\/jadebeauty.hu\/\",\"name\":\"Emspoma webshop\",\"description\":\"\",\"potentialAction\":[{\"@type\":\"SearchAction\",\"target\":{\"@type\":\"EntryPoint\",\"urlTemplate\":\"http:\/\/jadebeauty.hu\/?s={search_term_string}\"},\"query-input\":\"required name=search_term_string\"}],\"inLanguage\":\"hu\"},{\"@type\":\"ImageObject\",\"@id\":\"http:\/\/jadebeauty.hu\/?product=uvegkopoly-vakuumpumpaval-12-darabos#primaryimage\",\"inLanguage\":\"hu\",\"url\":\"http:\/\/jadebeauty.hu\/wp-content\/uploads\/2016\/09\/tz-nelkul-hasznalhato-uvegkopoly.jpg\",\"contentUrl\":\"http:\/\/jadebeauty.hu\/wp-content\/uploads\/2016\/09\/tz-nelkul-hasznalhato-uvegkopoly.jpg\",\"width\":300,\"height\":300,\"caption\":\"tz-nelkul-hasznalhato-uvegkopoly\"},{\"@type\":\"WebPage\",\"@id\":\"http:\/\/jadebeauty.hu\/?product=uvegkopoly-vakuumpumpaval-12-darabos#webpage\",\"url\":\"http:\/\/jadebeauty.hu\/?product=uvegkopoly-vakuumpumpaval-12-darabos\",\"name\":\"T\\u0171z n\\u00e9lk\\u00fcl haszn\\u00e1lhat\\u00f3 \\u00fcvegk\\u00f6p\\u00f6ly v\\u00e1kuumpump\\u00e1val 8 darabos vagy 12 darabos - Emspoma webshop\",\"isPartOf\":{\"@id\":\"http:\/\/jadebeauty.hu\/#website\"},\"primaryImageOfPage\":{\"@id\":\"http:\/\/jadebeauty.hu\/?product=uvegkopoly-vakuumpumpaval-12-darabos#primaryimage\"},\"datePublished\":\"2016-07-18T10:49:03+00:00\",\"dateModified\":\"2025-01-25T10:13:29+00:00\",\"breadcrumb\":{\"@id\":\"http:\/\/jadebeauty.hu\/?product=uvegkopoly-vakuumpumpaval-12-darabos#breadcrumb\"},\"inLanguage\":\"hu\",\"potentialAction\":[{\"@type\":\"ReadAction\",\"target\":[\"http:\/\/jadebeauty.hu\/?product=uvegkopoly-vakuumpumpaval-12-darabos\"]}]},{\"@type\":\"BreadcrumbList\",\"@id\":\"http:\/\/jadebeauty.hu\/?product=uvegkopoly-vakuumpumpaval-12-darabos#breadcrumb\",\"itemListElement\":[{\"@type\":\"ListItem\",\"position\":1,\"name\":\"Home\",\"item\":\"http:\/\/jadebeauty.hu\/\"},{\"@type\":\"ListItem\",\"position\":2,\"name\":\"\\u00dczlet\",\"item\":\"http:\/\/jadebeauty.hu\/?page_id=4\"},{\"@type\":\"ListItem\",\"position\":3,\"name\":\"T\\u0171z n\\u00e9lk\\u00fcl haszn\\u00e1lhat\\u00f3 \\u00fcvegk\\u00f6p\\u00f6ly v\\u00e1kuumpump\\u00e1val 8 darabos vagy 12 darabos\"}]}]}<\/script>\n<!-- \/ Yoast SEO plugin. -->","yoast_head_json":{"title":"T\u0171z n\u00e9lk\u00fcl haszn\u00e1lhat\u00f3 \u00fcvegk\u00f6p\u00f6ly v\u00e1kuumpump\u00e1val 8 darabos vagy 12 darabos - Emspoma webshop","robots":{"index":"index","follow":"follow","max-snippet":"max-snippet:-1","max-image-preview":"max-image-preview:large","max-video-preview":"max-video-preview:-1"},"canonical":"http:\/\/jadebeauty.hu\/?product=uvegkopoly-vakuumpumpaval-12-darabos","og_locale":"hu_HU","og_type":"article","og_title":"T\u0171z n\u00e9lk\u00fcl haszn\u00e1lhat\u00f3 \u00fcvegk\u00f6p\u00f6ly v\u00e1kuumpump\u00e1val 8 darabos vagy 12 darabos - Emspoma webshop","og_description":"A k\u00f6p\u00f6ly\u00f6z\u00e9s ezer \u00e9ves trad\u00edci\u00f3val rendelkezik. Manaps\u00e1g, az orvosl\u00e1s rohamos m\u00e9rt\u00e9k\u0171 fejl\u0151d\u00e9s\u00e9nek kor\u00e1ban a k\u00f6p\u00f6ly\u00f6z\u00e9s teljes \u00e9rt\u00e9k\u0171 gy\u00f3gym\u00f3dja rengeteg betegs\u00e9gnek.  A k\u00f6p\u00f6ly\u00f6z\u00e9s megfelel\u0151 id\u0151ben val\u00f3 alkalmaz\u00e1sa n\u00e9ha hat\u00e1sosabb az antibiotikumos kezel\u00e9sn\u00e9l, illetve gyakran helyettes\u00edti azt. A v\u00edrusos megbeteged\u00e9sek, melyek az antibiotikus kezel\u00e9sekre nem \u00e9rz\u00e9kenyek, meglep\u0151en j\u00f3l hat.  8 vagy 12 darabos k\u00e9szlet v\u00e1laszthat\u00f3, v\u00e1kuumpump\u00e1val.","og_url":"http:\/\/jadebeauty.hu\/?product=uvegkopoly-vakuumpumpaval-12-darabos","og_site_name":"Emspoma webshop","article_publisher":"https:\/\/www.facebook.com\/masszazsbirodalom\/","article_modified_time":"2025-01-25T10:13:29+00:00","og_image":[{"width":300,"height":300,"url":"http:\/\/jadebeauty.hu\/wp-content\/uploads\/2016\/09\/tz-nelkul-hasznalhato-uvegkopoly.jpg","type":"image\/jpeg"}],"twitter_card":"summary","twitter_site":"@masszazs_bir","schema":{"@context":"https:\/\/schema.org","@graph":[{"@type":"WebSite","@id":"http:\/\/jadebeauty.hu\/#website","url":"http:\/\/jadebeauty.hu\/","name":"Emspoma webshop","description":"","potentialAction":[{"@type":"SearchAction","target":{"@type":"EntryPoint","urlTemplate":"http:\/\/jadebeauty.hu\/?s={search_term_string}"},"query-input":"required name=search_term_string"}],"inLanguage":"hu"},{"@type":"ImageObject","@id":"http:\/\/jadebeauty.hu\/?product=uvegkopoly-vakuumpumpaval-12-darabos#primaryimage","inLanguage":"hu","url":"http:\/\/jadebeauty.hu\/wp-content\/uploads\/2016\/09\/tz-nelkul-hasznalhato-uvegkopoly.jpg","contentUrl":"http:\/\/jadebeauty.hu\/wp-content\/uploads\/2016\/09\/tz-nelkul-hasznalhato-uvegkopoly.jpg","width":300,"height":300,"caption":"tz-nelkul-hasznalhato-uvegkopoly"},{"@type":"WebPage","@id":"http:\/\/jadebeauty.hu\/?product=uvegkopoly-vakuumpumpaval-12-darabos#webpage","url":"http:\/\/jadebeauty.hu\/?product=uvegkopoly-vakuumpumpaval-12-darabos","name":"T\u0171z n\u00e9lk\u00fcl haszn\u00e1lhat\u00f3 \u00fcvegk\u00f6p\u00f6ly v\u00e1kuumpump\u00e1val 8 darabos vagy 12 darabos - Emspoma webshop","isPartOf":{"@id":"http:\/\/jadebeauty.hu\/#website"},"primaryImageOfPage":{"@id":"http:\/\/jadebeauty.hu\/?product=uvegkopoly-vakuumpumpaval-12-darabos#primaryimage"},"datePublished":"2016-07-18T10:49:03+00:00","dateModified":"2025-01-25T10:13:29+00:00","breadcrumb":{"@id":"http:\/\/jadebeauty.hu\/?product=uvegkopoly-vakuumpumpaval-12-darabos#breadcrumb"},"inLanguage":"hu","potentialAction":[{"@type":"ReadAction","target":["http:\/\/jadebeauty.hu\/?product=uvegkopoly-vakuumpumpaval-12-darabos"]}]},{"@type":"BreadcrumbList","@id":"http:\/\/jadebeauty.hu\/?product=uvegkopoly-vakuumpumpaval-12-darabos#breadcrumb","itemListElement":[{"@type":"ListItem","position":1,"name":"Home","item":"http:\/\/jadebeauty.hu\/"},{"@type":"ListItem","position":2,"name":"\u00dczlet","item":"http:\/\/jadebeauty.hu\/?page_id=4"},{"@type":"ListItem","position":3,"name":"T\u0171z n\u00e9lk\u00fcl haszn\u00e1lhat\u00f3 \u00fcvegk\u00f6p\u00f6ly v\u00e1kuumpump\u00e1val 8 darabos vagy 12 darabos"}]}]}},"_links":{"self":[{"href":"http:\/\/jadebeauty.hu\/index.php?rest_route=\/wp\/v2\/product\/1008"}],"collection":[{"href":"http:\/\/jadebeauty.hu\/index.php?rest_route=\/wp\/v2\/product"}],"about":[{"href":"http:\/\/jadebeauty.hu\/index.php?rest_route=\/wp\/v2\/types\/product"}],"wp:featuredmedia":[{"embeddable":true,"href":"http:\/\/jadebeauty.hu\/index.php?rest_route=\/wp\/v2\/media\/1502"}],"wp:attachment":[{"href":"http:\/\/jadebeauty.hu\/index.php?rest_route=%2Fwp%2Fv2%2Fmedia&parent=1008"}],"wp:term":[{"taxonomy":"product_cat","embeddable":true,"href":"http:\/\/jadebeauty.hu\/index.php?rest_route=%2Fwp%2Fv2%2Fproduct_cat&post=1008"},{"taxonomy":"product_tag","embeddable":true,"href":"http:\/\/jadebeauty.hu\/index.php?rest_route=%2Fwp%2Fv2%2Fproduct_tag&post=1008"}],"curies":[{"name":"wp","href":"https:\/\/api.w.org\/{rel}","templated":true}]}}