{"id":1568,"date":"2016-09-15T21:55:46","date_gmt":"2016-09-15T21:55:46","guid":{"rendered":"http:\/\/rekongem.hu\/?post_type=product&#038;p=1568"},"modified":"2026-01-14T07:58:32","modified_gmt":"2026-01-14T07:58:32","slug":"dr-kelen-bazis-masszazskrem-500ml","status":"publish","type":"product","link":"http:\/\/jadebeauty.hu\/?product=dr-kelen-bazis-masszazskrem-500ml","title":{"rendered":"Dr.Kelen B\u00e1zis massz\u00e1zskr\u00e9m 500 ml"},"content":{"rendered":"<p>Lehet\u0151s\u00e9get k\u00edn\u00e1l, hogy vend\u00e9ge sz\u00e1m\u00e1ra a legkedvez\u0151bb massz\u00e1zskr\u00e9met \u00d6n \u00e1ll\u00edtsa \u00f6ssze. A massz\u00e1zskr\u00e9m b\u00e1rmilyen term\u00e9szetes ill\u00f3olajjal, b\u0151rt\u00e1pl\u00e1l\u00f3 ampull\u00e1val keverhet\u0151, de \u00f6nmag\u00e1ban is kiv\u00e1l\u00f3.<br \/>\nR\u00f6vid \u00e9s hosszabb ideig tart\u00f3 massz\u00e1zs sor\u00e1n a massz\u00e1zsfog\u00e1sok t\u00f6k\u00e9letesen kivitelezhet\u0151k. Hypoallerg\u00e9n: klinikai vizsg\u00e1lat garant\u00e1lja, hogy m\u00e9g az \u00e9rz\u00e9keny b\u0151rt sem irrit\u00e1lja!<\/p>\n<p>&nbsp;<\/p>\n<p><strong>Tart\u00f3s\u00edt\u00f3szert, mesters\u00e9ges illat- \u00e9s sz\u00ednez\u0151anyagot nem tartalmaz.<\/strong><\/p>\n<p><strong>Gy\u00f3gyszer\u00e9szek \u00e1ltal fejlesztett. \u00a0<\/strong><\/p>\n<p>&nbsp;<\/p>\n<p>Akt\u00edv anyagai: eukaliptuszolaj<br \/>\nKiszerel\u00e9se: 500 ml<\/p>\n","protected":false},"excerpt":{"rendered":"<p>Lehet\u0151s\u00e9get k\u00edn\u00e1l, hogy vend\u00e9ge sz\u00e1m\u00e1ra a legkedvez\u0151bb massz\u00e1zskr\u00e9met \u00d6n \u00e1ll\u00edtsa \u00f6ssze. A massz\u00e1zskr\u00e9m b\u00e1rmilyen term\u00e9szetes ill\u00f3olajjal, b\u0151rt\u00e1pl\u00e1l\u00f3 ampull\u00e1val keverhet\u0151, de \u00f6nmag\u00e1ban is kiv\u00e1l\u00f3. R\u00f6vid \u00e9s hosszabb ideig tart\u00f3 massz\u00e1zs sor\u00e1n a massz\u00e1zsfog\u00e1sok t\u00f6k\u00e9letesen kivitelezhet\u0151k. Hypoallerg\u00e9n: klinikai vizsg\u00e1lat garant\u00e1lja, hogy m\u00e9g az \u00e9rz\u00e9keny b\u0151rt sem irrit\u00e1lja! &nbsp; Tart\u00f3s\u00edt\u00f3szert, mesters\u00e9ges illat- \u00e9s sz\u00ednez\u0151anyagot nem tartalmaz. Gy\u00f3gyszer\u00e9szek \u00e1ltal [&hellip;]<\/p>\n","protected":false},"featured_media":2790,"template":"","meta":[],"product_cat":[6,184],"product_tag":[56,169,11],"yoast_head":"<!-- This site is optimized with the Yoast SEO plugin v17.4 - https:\/\/yoast.com\/wordpress\/plugins\/seo\/ -->\n<title>Dr.Kelen B\u00e1zis massz\u00e1zskr\u00e9m 500 ml - Emspoma webshop<\/title>\n<meta name=\"robots\" content=\"index, follow, max-snippet:-1, max-image-preview:large, max-video-preview:-1\" \/>\n<link rel=\"canonical\" href=\"http:\/\/jadebeauty.hu\/?product=dr-kelen-bazis-masszazskrem-500ml\" \/>\n<meta property=\"og:locale\" content=\"hu_HU\" \/>\n<meta property=\"og:type\" content=\"article\" \/>\n<meta property=\"og:title\" content=\"Dr.Kelen B\u00e1zis massz\u00e1zskr\u00e9m 500 ml - Emspoma webshop\" \/>\n<meta property=\"og:description\" content=\"Lehet\u0151s\u00e9get k\u00edn\u00e1l, hogy vend\u00e9ge sz\u00e1m\u00e1ra a legkedvez\u0151bb massz\u00e1zskr\u00e9met \u00d6n \u00e1ll\u00edtsa \u00f6ssze. A massz\u00e1zskr\u00e9m b\u00e1rmilyen term\u00e9szetes ill\u00f3olajjal, b\u0151rt\u00e1pl\u00e1l\u00f3 ampull\u00e1val keverhet\u0151, de \u00f6nmag\u00e1ban is kiv\u00e1l\u00f3. R\u00f6vid \u00e9s hosszabb ideig tart\u00f3 massz\u00e1zs sor\u00e1n a massz\u00e1zsfog\u00e1sok t\u00f6k\u00e9letesen kivitelezhet\u0151k. Hypoallerg\u00e9n: klinikai vizsg\u00e1lat garant\u00e1lja, hogy m\u00e9g az \u00e9rz\u00e9keny b\u0151rt sem irrit\u00e1lja! &nbsp; Tart\u00f3s\u00edt\u00f3szert, mesters\u00e9ges illat- \u00e9s sz\u00ednez\u0151anyagot nem tartalmaz. Gy\u00f3gyszer\u00e9szek \u00e1ltal [&hellip;]\" \/>\n<meta property=\"og:url\" content=\"http:\/\/jadebeauty.hu\/?product=dr-kelen-bazis-masszazskrem-500ml\" \/>\n<meta property=\"og:site_name\" content=\"Emspoma webshop\" \/>\n<meta property=\"article:publisher\" content=\"https:\/\/www.facebook.com\/masszazsbirodalom\/\" \/>\n<meta property=\"article:modified_time\" content=\"2026-01-14T07:58:32+00:00\" \/>\n<meta property=\"og:image\" content=\"http:\/\/jadebeauty.hu\/wp-content\/uploads\/2026\/01\/Dr.Kelen-BAZIS-univerzalis-alapmasszazskrem-500-ml.jpg\" \/>\n\t<meta property=\"og:image:width\" content=\"400\" \/>\n\t<meta property=\"og:image:height\" content=\"400\" \/>\n<meta name=\"twitter:card\" content=\"summary\" \/>\n<meta name=\"twitter:site\" content=\"@masszazs_bir\" \/>\n<meta name=\"twitter:label1\" content=\"Becs\u00fclt olvas\u00e1si id\u0151\" \/>\n\t<meta name=\"twitter:data1\" content=\"1 perc\" \/>\n<script type=\"application\/ld+json\" class=\"yoast-schema-graph\">{\"@context\":\"https:\/\/schema.org\",\"@graph\":[{\"@type\":\"WebSite\",\"@id\":\"http:\/\/jadebeauty.hu\/#website\",\"url\":\"http:\/\/jadebeauty.hu\/\",\"name\":\"Emspoma webshop\",\"description\":\"\",\"potentialAction\":[{\"@type\":\"SearchAction\",\"target\":{\"@type\":\"EntryPoint\",\"urlTemplate\":\"http:\/\/jadebeauty.hu\/?s={search_term_string}\"},\"query-input\":\"required name=search_term_string\"}],\"inLanguage\":\"hu\"},{\"@type\":\"ImageObject\",\"@id\":\"http:\/\/jadebeauty.hu\/?product=dr-kelen-bazis-masszazskrem-500ml#primaryimage\",\"inLanguage\":\"hu\",\"url\":\"http:\/\/jadebeauty.hu\/wp-content\/uploads\/2026\/01\/Dr.Kelen-BAZIS-univerzalis-alapmasszazskrem-500-ml.jpg\",\"contentUrl\":\"http:\/\/jadebeauty.hu\/wp-content\/uploads\/2026\/01\/Dr.Kelen-BAZIS-univerzalis-alapmasszazskrem-500-ml.jpg\",\"width\":400,\"height\":400},{\"@type\":\"WebPage\",\"@id\":\"http:\/\/jadebeauty.hu\/?product=dr-kelen-bazis-masszazskrem-500ml#webpage\",\"url\":\"http:\/\/jadebeauty.hu\/?product=dr-kelen-bazis-masszazskrem-500ml\",\"name\":\"Dr.Kelen B\\u00e1zis massz\\u00e1zskr\\u00e9m 500 ml - Emspoma webshop\",\"isPartOf\":{\"@id\":\"http:\/\/jadebeauty.hu\/#website\"},\"primaryImageOfPage\":{\"@id\":\"http:\/\/jadebeauty.hu\/?product=dr-kelen-bazis-masszazskrem-500ml#primaryimage\"},\"datePublished\":\"2016-09-15T21:55:46+00:00\",\"dateModified\":\"2026-01-14T07:58:32+00:00\",\"breadcrumb\":{\"@id\":\"http:\/\/jadebeauty.hu\/?product=dr-kelen-bazis-masszazskrem-500ml#breadcrumb\"},\"inLanguage\":\"hu\",\"potentialAction\":[{\"@type\":\"ReadAction\",\"target\":[\"http:\/\/jadebeauty.hu\/?product=dr-kelen-bazis-masszazskrem-500ml\"]}]},{\"@type\":\"BreadcrumbList\",\"@id\":\"http:\/\/jadebeauty.hu\/?product=dr-kelen-bazis-masszazskrem-500ml#breadcrumb\",\"itemListElement\":[{\"@type\":\"ListItem\",\"position\":1,\"name\":\"Home\",\"item\":\"http:\/\/jadebeauty.hu\/\"},{\"@type\":\"ListItem\",\"position\":2,\"name\":\"\\u00dczlet\",\"item\":\"http:\/\/jadebeauty.hu\/?page_id=4\"},{\"@type\":\"ListItem\",\"position\":3,\"name\":\"Dr.Kelen B\\u00e1zis massz\\u00e1zskr\\u00e9m 500 ml\"}]}]}<\/script>\n<!-- \/ Yoast SEO plugin. -->","yoast_head_json":{"title":"Dr.Kelen B\u00e1zis massz\u00e1zskr\u00e9m 500 ml - Emspoma webshop","robots":{"index":"index","follow":"follow","max-snippet":"max-snippet:-1","max-image-preview":"max-image-preview:large","max-video-preview":"max-video-preview:-1"},"canonical":"http:\/\/jadebeauty.hu\/?product=dr-kelen-bazis-masszazskrem-500ml","og_locale":"hu_HU","og_type":"article","og_title":"Dr.Kelen B\u00e1zis massz\u00e1zskr\u00e9m 500 ml - Emspoma webshop","og_description":"Lehet\u0151s\u00e9get k\u00edn\u00e1l, hogy vend\u00e9ge sz\u00e1m\u00e1ra a legkedvez\u0151bb massz\u00e1zskr\u00e9met \u00d6n \u00e1ll\u00edtsa \u00f6ssze. A massz\u00e1zskr\u00e9m b\u00e1rmilyen term\u00e9szetes ill\u00f3olajjal, b\u0151rt\u00e1pl\u00e1l\u00f3 ampull\u00e1val keverhet\u0151, de \u00f6nmag\u00e1ban is kiv\u00e1l\u00f3. R\u00f6vid \u00e9s hosszabb ideig tart\u00f3 massz\u00e1zs sor\u00e1n a massz\u00e1zsfog\u00e1sok t\u00f6k\u00e9letesen kivitelezhet\u0151k. Hypoallerg\u00e9n: klinikai vizsg\u00e1lat garant\u00e1lja, hogy m\u00e9g az \u00e9rz\u00e9keny b\u0151rt sem irrit\u00e1lja! &nbsp; Tart\u00f3s\u00edt\u00f3szert, mesters\u00e9ges illat- \u00e9s sz\u00ednez\u0151anyagot nem tartalmaz. Gy\u00f3gyszer\u00e9szek \u00e1ltal [&hellip;]","og_url":"http:\/\/jadebeauty.hu\/?product=dr-kelen-bazis-masszazskrem-500ml","og_site_name":"Emspoma webshop","article_publisher":"https:\/\/www.facebook.com\/masszazsbirodalom\/","article_modified_time":"2026-01-14T07:58:32+00:00","og_image":[{"width":400,"height":400,"url":"http:\/\/jadebeauty.hu\/wp-content\/uploads\/2026\/01\/Dr.Kelen-BAZIS-univerzalis-alapmasszazskrem-500-ml.jpg","type":"image\/jpeg"}],"twitter_card":"summary","twitter_site":"@masszazs_bir","twitter_misc":{"Becs\u00fclt olvas\u00e1si id\u0151":"1 perc"},"schema":{"@context":"https:\/\/schema.org","@graph":[{"@type":"WebSite","@id":"http:\/\/jadebeauty.hu\/#website","url":"http:\/\/jadebeauty.hu\/","name":"Emspoma webshop","description":"","potentialAction":[{"@type":"SearchAction","target":{"@type":"EntryPoint","urlTemplate":"http:\/\/jadebeauty.hu\/?s={search_term_string}"},"query-input":"required name=search_term_string"}],"inLanguage":"hu"},{"@type":"ImageObject","@id":"http:\/\/jadebeauty.hu\/?product=dr-kelen-bazis-masszazskrem-500ml#primaryimage","inLanguage":"hu","url":"http:\/\/jadebeauty.hu\/wp-content\/uploads\/2026\/01\/Dr.Kelen-BAZIS-univerzalis-alapmasszazskrem-500-ml.jpg","contentUrl":"http:\/\/jadebeauty.hu\/wp-content\/uploads\/2026\/01\/Dr.Kelen-BAZIS-univerzalis-alapmasszazskrem-500-ml.jpg","width":400,"height":400},{"@type":"WebPage","@id":"http:\/\/jadebeauty.hu\/?product=dr-kelen-bazis-masszazskrem-500ml#webpage","url":"http:\/\/jadebeauty.hu\/?product=dr-kelen-bazis-masszazskrem-500ml","name":"Dr.Kelen B\u00e1zis massz\u00e1zskr\u00e9m 500 ml - Emspoma webshop","isPartOf":{"@id":"http:\/\/jadebeauty.hu\/#website"},"primaryImageOfPage":{"@id":"http:\/\/jadebeauty.hu\/?product=dr-kelen-bazis-masszazskrem-500ml#primaryimage"},"datePublished":"2016-09-15T21:55:46+00:00","dateModified":"2026-01-14T07:58:32+00:00","breadcrumb":{"@id":"http:\/\/jadebeauty.hu\/?product=dr-kelen-bazis-masszazskrem-500ml#breadcrumb"},"inLanguage":"hu","potentialAction":[{"@type":"ReadAction","target":["http:\/\/jadebeauty.hu\/?product=dr-kelen-bazis-masszazskrem-500ml"]}]},{"@type":"BreadcrumbList","@id":"http:\/\/jadebeauty.hu\/?product=dr-kelen-bazis-masszazskrem-500ml#breadcrumb","itemListElement":[{"@type":"ListItem","position":1,"name":"Home","item":"http:\/\/jadebeauty.hu\/"},{"@type":"ListItem","position":2,"name":"\u00dczlet","item":"http:\/\/jadebeauty.hu\/?page_id=4"},{"@type":"ListItem","position":3,"name":"Dr.Kelen B\u00e1zis massz\u00e1zskr\u00e9m 500 ml"}]}]}},"_links":{"self":[{"href":"http:\/\/jadebeauty.hu\/index.php?rest_route=\/wp\/v2\/product\/1568"}],"collection":[{"href":"http:\/\/jadebeauty.hu\/index.php?rest_route=\/wp\/v2\/product"}],"about":[{"href":"http:\/\/jadebeauty.hu\/index.php?rest_route=\/wp\/v2\/types\/product"}],"wp:featuredmedia":[{"embeddable":true,"href":"http:\/\/jadebeauty.hu\/index.php?rest_route=\/wp\/v2\/media\/2790"}],"wp:attachment":[{"href":"http:\/\/jadebeauty.hu\/index.php?rest_route=%2Fwp%2Fv2%2Fmedia&parent=1568"}],"wp:term":[{"taxonomy":"product_cat","embeddable":true,"href":"http:\/\/jadebeauty.hu\/index.php?rest_route=%2Fwp%2Fv2%2Fproduct_cat&post=1568"},{"taxonomy":"product_tag","embeddable":true,"href":"http:\/\/jadebeauty.hu\/index.php?rest_route=%2Fwp%2Fv2%2Fproduct_tag&post=1568"}],"curies":[{"name":"wp","href":"https:\/\/api.w.org\/{rel}","templated":true}]}}