{"id":1583,"date":"2016-09-16T09:35:28","date_gmt":"2016-09-16T09:35:28","guid":{"rendered":"http:\/\/rekongem.hu\/termek\/relaxalo-masszazsolaj-500-ml\/"},"modified":"2026-01-14T07:58:33","modified_gmt":"2026-01-14T07:58:33","slug":"relaxalo-masszazsolaj-500-ml","status":"publish","type":"product","link":"http:\/\/jadebeauty.hu\/?product=relaxalo-masszazsolaj-500-ml","title":{"rendered":"Dr.Kelen Relax\u00e1l\u00f3 massz\u00e1zsolaj 500 ml"},"content":{"rendered":"<p>Regener\u00e1l\u00f3, relax\u00e1l\u00f3 hat\u00e1s\u00e1nak k\u00f6sz\u00f6nhet\u0151en a napi stressz okozta fesz\u00fclts\u00e9get, f\u00e1radts\u00e1got megsz\u00fcnteti, a frissess\u00e9g, k\u00f6nnyeds\u00e9g, kiegyens\u00falyozotts\u00e1g \u00e9rzet\u00e9t biztos\u00edtja. Sportmassz\u0151r\u00f6k r\u00e9sz\u00e9re is aj\u00e1nlott a sportol\u00e1s alatt elf\u00e1radt, t\u00falterhelt izmok, \u00edz\u00fcletek laz\u00edt\u00e1s\u00e1ra, izomg\u00f6rcs\u00f6k old\u00e1s\u00e1ra, izoml\u00e1z okozta f\u00e1jdalmak csillap\u00edt\u00e1s\u00e1ra. Kiz\u00e1r\u00f3lag n\u00f6v\u00e9nyi hat\u00f3anyagokat tartalmaz (Herbal-System).<\/p>\n","protected":false},"excerpt":{"rendered":"<p>Regener\u00e1l\u00f3, relax\u00e1l\u00f3 hat\u00e1s\u00e1nak k\u00f6sz\u00f6nhet\u0151en a napi stressz okozta fesz\u00fclts\u00e9get, f\u00e1radts\u00e1got megsz\u00fcnteti, a frissess\u00e9g, k\u00f6nnyeds\u00e9g, kiegyens\u00falyozotts\u00e1g \u00e9rzet\u00e9t biztos\u00edtja. Sportmassz\u0151r\u00f6k r\u00e9sz\u00e9re is aj\u00e1nlott a sportol\u00e1s alatt elf\u00e1radt, t\u00falterhelt izmok, \u00edz\u00fcletek laz\u00edt\u00e1s\u00e1ra, izomg\u00f6rcs\u00f6k old\u00e1s\u00e1ra, izoml\u00e1z okozta f\u00e1jdalmak csillap\u00edt\u00e1s\u00e1ra. Kiz\u00e1r\u00f3lag n\u00f6v\u00e9nyi hat\u00f3anyagokat tartalmaz (Herbal-System).<\/p>\n","protected":false},"featured_media":2795,"template":"","meta":[],"product_cat":[61,184],"product_tag":[169,60,32],"yoast_head":"<!-- This site is optimized with the Yoast SEO plugin v17.4 - https:\/\/yoast.com\/wordpress\/plugins\/seo\/ -->\n<title>Dr.Kelen Relax\u00e1l\u00f3 massz\u00e1zsolaj 500 ml - Emspoma webshop<\/title>\n<meta name=\"robots\" content=\"index, follow, max-snippet:-1, max-image-preview:large, max-video-preview:-1\" \/>\n<link rel=\"canonical\" href=\"http:\/\/jadebeauty.hu\/?product=relaxalo-masszazsolaj-500-ml\" \/>\n<meta property=\"og:locale\" content=\"hu_HU\" \/>\n<meta property=\"og:type\" content=\"article\" \/>\n<meta property=\"og:title\" content=\"Dr.Kelen Relax\u00e1l\u00f3 massz\u00e1zsolaj 500 ml - Emspoma webshop\" \/>\n<meta property=\"og:description\" content=\"Regener\u00e1l\u00f3, relax\u00e1l\u00f3 hat\u00e1s\u00e1nak k\u00f6sz\u00f6nhet\u0151en a napi stressz okozta fesz\u00fclts\u00e9get, f\u00e1radts\u00e1got megsz\u00fcnteti, a frissess\u00e9g, k\u00f6nnyeds\u00e9g, kiegyens\u00falyozotts\u00e1g \u00e9rzet\u00e9t biztos\u00edtja. Sportmassz\u0151r\u00f6k r\u00e9sz\u00e9re is aj\u00e1nlott a sportol\u00e1s alatt elf\u00e1radt, t\u00falterhelt izmok, \u00edz\u00fcletek laz\u00edt\u00e1s\u00e1ra, izomg\u00f6rcs\u00f6k old\u00e1s\u00e1ra, izoml\u00e1z okozta f\u00e1jdalmak csillap\u00edt\u00e1s\u00e1ra. Kiz\u00e1r\u00f3lag n\u00f6v\u00e9nyi hat\u00f3anyagokat tartalmaz (Herbal-System).\" \/>\n<meta property=\"og:url\" content=\"http:\/\/jadebeauty.hu\/?product=relaxalo-masszazsolaj-500-ml\" \/>\n<meta property=\"og:site_name\" content=\"Emspoma webshop\" \/>\n<meta property=\"article:publisher\" content=\"https:\/\/www.facebook.com\/masszazsbirodalom\/\" \/>\n<meta property=\"article:modified_time\" content=\"2026-01-14T07:58:33+00:00\" \/>\n<meta property=\"og:image\" content=\"http:\/\/jadebeauty.hu\/wp-content\/uploads\/2026\/01\/Dr.Kelen-Relaxalo-masszazsolaj-500-ml.jpg\" \/>\n\t<meta property=\"og:image:width\" content=\"400\" \/>\n\t<meta property=\"og:image:height\" content=\"400\" \/>\n<meta name=\"twitter:card\" content=\"summary\" \/>\n<meta name=\"twitter:site\" content=\"@masszazs_bir\" \/>\n<script type=\"application\/ld+json\" class=\"yoast-schema-graph\">{\"@context\":\"https:\/\/schema.org\",\"@graph\":[{\"@type\":\"WebSite\",\"@id\":\"http:\/\/jadebeauty.hu\/#website\",\"url\":\"http:\/\/jadebeauty.hu\/\",\"name\":\"Emspoma webshop\",\"description\":\"\",\"potentialAction\":[{\"@type\":\"SearchAction\",\"target\":{\"@type\":\"EntryPoint\",\"urlTemplate\":\"http:\/\/jadebeauty.hu\/?s={search_term_string}\"},\"query-input\":\"required name=search_term_string\"}],\"inLanguage\":\"hu\"},{\"@type\":\"ImageObject\",\"@id\":\"http:\/\/jadebeauty.hu\/?product=relaxalo-masszazsolaj-500-ml#primaryimage\",\"inLanguage\":\"hu\",\"url\":\"http:\/\/jadebeauty.hu\/wp-content\/uploads\/2026\/01\/Dr.Kelen-Relaxalo-masszazsolaj-500-ml.jpg\",\"contentUrl\":\"http:\/\/jadebeauty.hu\/wp-content\/uploads\/2026\/01\/Dr.Kelen-Relaxalo-masszazsolaj-500-ml.jpg\",\"width\":400,\"height\":400},{\"@type\":\"WebPage\",\"@id\":\"http:\/\/jadebeauty.hu\/?product=relaxalo-masszazsolaj-500-ml#webpage\",\"url\":\"http:\/\/jadebeauty.hu\/?product=relaxalo-masszazsolaj-500-ml\",\"name\":\"Dr.Kelen Relax\\u00e1l\\u00f3 massz\\u00e1zsolaj 500 ml - Emspoma webshop\",\"isPartOf\":{\"@id\":\"http:\/\/jadebeauty.hu\/#website\"},\"primaryImageOfPage\":{\"@id\":\"http:\/\/jadebeauty.hu\/?product=relaxalo-masszazsolaj-500-ml#primaryimage\"},\"datePublished\":\"2016-09-16T09:35:28+00:00\",\"dateModified\":\"2026-01-14T07:58:33+00:00\",\"breadcrumb\":{\"@id\":\"http:\/\/jadebeauty.hu\/?product=relaxalo-masszazsolaj-500-ml#breadcrumb\"},\"inLanguage\":\"hu\",\"potentialAction\":[{\"@type\":\"ReadAction\",\"target\":[\"http:\/\/jadebeauty.hu\/?product=relaxalo-masszazsolaj-500-ml\"]}]},{\"@type\":\"BreadcrumbList\",\"@id\":\"http:\/\/jadebeauty.hu\/?product=relaxalo-masszazsolaj-500-ml#breadcrumb\",\"itemListElement\":[{\"@type\":\"ListItem\",\"position\":1,\"name\":\"Home\",\"item\":\"http:\/\/jadebeauty.hu\/\"},{\"@type\":\"ListItem\",\"position\":2,\"name\":\"\\u00dczlet\",\"item\":\"http:\/\/jadebeauty.hu\/?page_id=4\"},{\"@type\":\"ListItem\",\"position\":3,\"name\":\"Dr.Kelen Relax\\u00e1l\\u00f3 massz\\u00e1zsolaj 500 ml\"}]}]}<\/script>\n<!-- \/ Yoast SEO plugin. -->","yoast_head_json":{"title":"Dr.Kelen Relax\u00e1l\u00f3 massz\u00e1zsolaj 500 ml - Emspoma webshop","robots":{"index":"index","follow":"follow","max-snippet":"max-snippet:-1","max-image-preview":"max-image-preview:large","max-video-preview":"max-video-preview:-1"},"canonical":"http:\/\/jadebeauty.hu\/?product=relaxalo-masszazsolaj-500-ml","og_locale":"hu_HU","og_type":"article","og_title":"Dr.Kelen Relax\u00e1l\u00f3 massz\u00e1zsolaj 500 ml - Emspoma webshop","og_description":"Regener\u00e1l\u00f3, relax\u00e1l\u00f3 hat\u00e1s\u00e1nak k\u00f6sz\u00f6nhet\u0151en a napi stressz okozta fesz\u00fclts\u00e9get, f\u00e1radts\u00e1got megsz\u00fcnteti, a frissess\u00e9g, k\u00f6nnyeds\u00e9g, kiegyens\u00falyozotts\u00e1g \u00e9rzet\u00e9t biztos\u00edtja. Sportmassz\u0151r\u00f6k r\u00e9sz\u00e9re is aj\u00e1nlott a sportol\u00e1s alatt elf\u00e1radt, t\u00falterhelt izmok, \u00edz\u00fcletek laz\u00edt\u00e1s\u00e1ra, izomg\u00f6rcs\u00f6k old\u00e1s\u00e1ra, izoml\u00e1z okozta f\u00e1jdalmak csillap\u00edt\u00e1s\u00e1ra. Kiz\u00e1r\u00f3lag n\u00f6v\u00e9nyi hat\u00f3anyagokat tartalmaz (Herbal-System).","og_url":"http:\/\/jadebeauty.hu\/?product=relaxalo-masszazsolaj-500-ml","og_site_name":"Emspoma webshop","article_publisher":"https:\/\/www.facebook.com\/masszazsbirodalom\/","article_modified_time":"2026-01-14T07:58:33+00:00","og_image":[{"width":400,"height":400,"url":"http:\/\/jadebeauty.hu\/wp-content\/uploads\/2026\/01\/Dr.Kelen-Relaxalo-masszazsolaj-500-ml.jpg","type":"image\/jpeg"}],"twitter_card":"summary","twitter_site":"@masszazs_bir","schema":{"@context":"https:\/\/schema.org","@graph":[{"@type":"WebSite","@id":"http:\/\/jadebeauty.hu\/#website","url":"http:\/\/jadebeauty.hu\/","name":"Emspoma webshop","description":"","potentialAction":[{"@type":"SearchAction","target":{"@type":"EntryPoint","urlTemplate":"http:\/\/jadebeauty.hu\/?s={search_term_string}"},"query-input":"required name=search_term_string"}],"inLanguage":"hu"},{"@type":"ImageObject","@id":"http:\/\/jadebeauty.hu\/?product=relaxalo-masszazsolaj-500-ml#primaryimage","inLanguage":"hu","url":"http:\/\/jadebeauty.hu\/wp-content\/uploads\/2026\/01\/Dr.Kelen-Relaxalo-masszazsolaj-500-ml.jpg","contentUrl":"http:\/\/jadebeauty.hu\/wp-content\/uploads\/2026\/01\/Dr.Kelen-Relaxalo-masszazsolaj-500-ml.jpg","width":400,"height":400},{"@type":"WebPage","@id":"http:\/\/jadebeauty.hu\/?product=relaxalo-masszazsolaj-500-ml#webpage","url":"http:\/\/jadebeauty.hu\/?product=relaxalo-masszazsolaj-500-ml","name":"Dr.Kelen Relax\u00e1l\u00f3 massz\u00e1zsolaj 500 ml - Emspoma webshop","isPartOf":{"@id":"http:\/\/jadebeauty.hu\/#website"},"primaryImageOfPage":{"@id":"http:\/\/jadebeauty.hu\/?product=relaxalo-masszazsolaj-500-ml#primaryimage"},"datePublished":"2016-09-16T09:35:28+00:00","dateModified":"2026-01-14T07:58:33+00:00","breadcrumb":{"@id":"http:\/\/jadebeauty.hu\/?product=relaxalo-masszazsolaj-500-ml#breadcrumb"},"inLanguage":"hu","potentialAction":[{"@type":"ReadAction","target":["http:\/\/jadebeauty.hu\/?product=relaxalo-masszazsolaj-500-ml"]}]},{"@type":"BreadcrumbList","@id":"http:\/\/jadebeauty.hu\/?product=relaxalo-masszazsolaj-500-ml#breadcrumb","itemListElement":[{"@type":"ListItem","position":1,"name":"Home","item":"http:\/\/jadebeauty.hu\/"},{"@type":"ListItem","position":2,"name":"\u00dczlet","item":"http:\/\/jadebeauty.hu\/?page_id=4"},{"@type":"ListItem","position":3,"name":"Dr.Kelen Relax\u00e1l\u00f3 massz\u00e1zsolaj 500 ml"}]}]}},"_links":{"self":[{"href":"http:\/\/jadebeauty.hu\/index.php?rest_route=\/wp\/v2\/product\/1583"}],"collection":[{"href":"http:\/\/jadebeauty.hu\/index.php?rest_route=\/wp\/v2\/product"}],"about":[{"href":"http:\/\/jadebeauty.hu\/index.php?rest_route=\/wp\/v2\/types\/product"}],"wp:featuredmedia":[{"embeddable":true,"href":"http:\/\/jadebeauty.hu\/index.php?rest_route=\/wp\/v2\/media\/2795"}],"wp:attachment":[{"href":"http:\/\/jadebeauty.hu\/index.php?rest_route=%2Fwp%2Fv2%2Fmedia&parent=1583"}],"wp:term":[{"taxonomy":"product_cat","embeddable":true,"href":"http:\/\/jadebeauty.hu\/index.php?rest_route=%2Fwp%2Fv2%2Fproduct_cat&post=1583"},{"taxonomy":"product_tag","embeddable":true,"href":"http:\/\/jadebeauty.hu\/index.php?rest_route=%2Fwp%2Fv2%2Fproduct_tag&post=1583"}],"curies":[{"name":"wp","href":"https:\/\/api.w.org\/{rel}","templated":true}]}}