{"id":1624,"date":"2016-09-29T08:00:49","date_gmt":"2016-09-29T08:00:49","guid":{"rendered":"http:\/\/rekongem.hu\/termek\/orvosi-papirlepedo-3-tekercs-60-meter-sz-60-centimeter\/"},"modified":"2025-01-24T21:08:18","modified_gmt":"2025-01-24T21:08:18","slug":"orvosi-papirlepedo-3-tekercs-50-meter-sz-60-centimeter","status":"publish","type":"product","link":"http:\/\/jadebeauty.hu\/?product=orvosi-papirlepedo-3-tekercs-50-meter-sz-60-centimeter","title":{"rendered":"3 tekercs orvosi pap\u00edrleped\u0151 50 m\u00e9ter \/ 60 centim\u00e9ter"},"content":{"rendered":"<p>K\u00e9t r\u00e9teg\u0171 cellul\u00f3z orvosi pap\u00edrleped\u0151.<\/p>\n<p>Kiszerel\u00e9s:\u00a03 tekercs zsugorf\u00f3li\u00e1zva<\/p>\n<p>Leped\u0151 hossz\u00fas\u00e1g:60 m\u00e9ter<\/p>\n<p>Leped\u0151 sz\u00e9less\u00e9g:60 cm<\/p>\n<p>56 centim\u00e9terenk\u00e9nt perfor\u00e1lt<\/p>\n","protected":false},"excerpt":{"rendered":"<p>&nbsp;<\/p>\n<p>&nbsp;<\/p>\n","protected":false},"featured_media":2757,"template":"","meta":[],"product_cat":[6,137],"product_tag":[375,302,136,303,138,140,150],"yoast_head":"<!-- This site is optimized with the Yoast SEO plugin v17.4 - https:\/\/yoast.com\/wordpress\/plugins\/seo\/ -->\n<title>3 tekercs orvosi pap\u00edrleped\u0151 50 m\u00e9ter \/ 60 centim\u00e9ter - Emspoma webshop<\/title>\n<meta name=\"robots\" content=\"index, follow, max-snippet:-1, max-image-preview:large, max-video-preview:-1\" \/>\n<link rel=\"canonical\" href=\"http:\/\/jadebeauty.hu\/?product=orvosi-papirlepedo-3-tekercs-50-meter-sz-60-centimeter\" \/>\n<meta property=\"og:locale\" content=\"hu_HU\" \/>\n<meta property=\"og:type\" content=\"article\" \/>\n<meta property=\"og:title\" content=\"3 tekercs orvosi pap\u00edrleped\u0151 50 m\u00e9ter \/ 60 centim\u00e9ter - Emspoma webshop\" \/>\n<meta property=\"og:description\" content=\"&nbsp;  &nbsp;\" \/>\n<meta property=\"og:url\" content=\"http:\/\/jadebeauty.hu\/?product=orvosi-papirlepedo-3-tekercs-50-meter-sz-60-centimeter\" \/>\n<meta property=\"og:site_name\" content=\"Emspoma webshop\" \/>\n<meta property=\"article:publisher\" content=\"https:\/\/www.facebook.com\/masszazsbirodalom\/\" \/>\n<meta property=\"article:modified_time\" content=\"2025-01-24T21:08:18+00:00\" \/>\n<meta property=\"og:image\" content=\"http:\/\/jadebeauty.hu\/wp-content\/uploads\/2025\/01\/lepedo.jpg\" \/>\n\t<meta property=\"og:image:width\" content=\"300\" \/>\n\t<meta property=\"og:image:height\" content=\"300\" \/>\n<meta name=\"twitter:card\" content=\"summary\" \/>\n<meta name=\"twitter:site\" content=\"@masszazs_bir\" \/>\n<script type=\"application\/ld+json\" class=\"yoast-schema-graph\">{\"@context\":\"https:\/\/schema.org\",\"@graph\":[{\"@type\":\"WebSite\",\"@id\":\"http:\/\/jadebeauty.hu\/#website\",\"url\":\"http:\/\/jadebeauty.hu\/\",\"name\":\"Emspoma webshop\",\"description\":\"\",\"potentialAction\":[{\"@type\":\"SearchAction\",\"target\":{\"@type\":\"EntryPoint\",\"urlTemplate\":\"http:\/\/jadebeauty.hu\/?s={search_term_string}\"},\"query-input\":\"required name=search_term_string\"}],\"inLanguage\":\"hu\"},{\"@type\":\"ImageObject\",\"@id\":\"http:\/\/jadebeauty.hu\/?product=orvosi-papirlepedo-3-tekercs-50-meter-sz-60-centimeter#primaryimage\",\"inLanguage\":\"hu\",\"url\":\"http:\/\/jadebeauty.hu\/wp-content\/uploads\/2025\/01\/lepedo.jpg\",\"contentUrl\":\"http:\/\/jadebeauty.hu\/wp-content\/uploads\/2025\/01\/lepedo.jpg\",\"width\":300,\"height\":300,\"caption\":\"orvosi leped\\u0151, pap\\u00edrleped\\u0151\"},{\"@type\":\"WebPage\",\"@id\":\"http:\/\/jadebeauty.hu\/?product=orvosi-papirlepedo-3-tekercs-50-meter-sz-60-centimeter#webpage\",\"url\":\"http:\/\/jadebeauty.hu\/?product=orvosi-papirlepedo-3-tekercs-50-meter-sz-60-centimeter\",\"name\":\"3 tekercs orvosi pap\\u00edrleped\\u0151 50 m\\u00e9ter \/ 60 centim\\u00e9ter - Emspoma webshop\",\"isPartOf\":{\"@id\":\"http:\/\/jadebeauty.hu\/#website\"},\"primaryImageOfPage\":{\"@id\":\"http:\/\/jadebeauty.hu\/?product=orvosi-papirlepedo-3-tekercs-50-meter-sz-60-centimeter#primaryimage\"},\"datePublished\":\"2016-09-29T08:00:49+00:00\",\"dateModified\":\"2025-01-24T21:08:18+00:00\",\"breadcrumb\":{\"@id\":\"http:\/\/jadebeauty.hu\/?product=orvosi-papirlepedo-3-tekercs-50-meter-sz-60-centimeter#breadcrumb\"},\"inLanguage\":\"hu\",\"potentialAction\":[{\"@type\":\"ReadAction\",\"target\":[\"http:\/\/jadebeauty.hu\/?product=orvosi-papirlepedo-3-tekercs-50-meter-sz-60-centimeter\"]}]},{\"@type\":\"BreadcrumbList\",\"@id\":\"http:\/\/jadebeauty.hu\/?product=orvosi-papirlepedo-3-tekercs-50-meter-sz-60-centimeter#breadcrumb\",\"itemListElement\":[{\"@type\":\"ListItem\",\"position\":1,\"name\":\"Home\",\"item\":\"http:\/\/jadebeauty.hu\/\"},{\"@type\":\"ListItem\",\"position\":2,\"name\":\"\\u00dczlet\",\"item\":\"http:\/\/jadebeauty.hu\/?page_id=4\"},{\"@type\":\"ListItem\",\"position\":3,\"name\":\"3 tekercs orvosi pap\\u00edrleped\\u0151 50 m\\u00e9ter \/ 60 centim\\u00e9ter\"}]}]}<\/script>\n<!-- \/ Yoast SEO plugin. -->","yoast_head_json":{"title":"3 tekercs orvosi pap\u00edrleped\u0151 50 m\u00e9ter \/ 60 centim\u00e9ter - Emspoma webshop","robots":{"index":"index","follow":"follow","max-snippet":"max-snippet:-1","max-image-preview":"max-image-preview:large","max-video-preview":"max-video-preview:-1"},"canonical":"http:\/\/jadebeauty.hu\/?product=orvosi-papirlepedo-3-tekercs-50-meter-sz-60-centimeter","og_locale":"hu_HU","og_type":"article","og_title":"3 tekercs orvosi pap\u00edrleped\u0151 50 m\u00e9ter \/ 60 centim\u00e9ter - Emspoma webshop","og_description":"&nbsp;  &nbsp;","og_url":"http:\/\/jadebeauty.hu\/?product=orvosi-papirlepedo-3-tekercs-50-meter-sz-60-centimeter","og_site_name":"Emspoma webshop","article_publisher":"https:\/\/www.facebook.com\/masszazsbirodalom\/","article_modified_time":"2025-01-24T21:08:18+00:00","og_image":[{"width":300,"height":300,"url":"http:\/\/jadebeauty.hu\/wp-content\/uploads\/2025\/01\/lepedo.jpg","type":"image\/jpeg"}],"twitter_card":"summary","twitter_site":"@masszazs_bir","schema":{"@context":"https:\/\/schema.org","@graph":[{"@type":"WebSite","@id":"http:\/\/jadebeauty.hu\/#website","url":"http:\/\/jadebeauty.hu\/","name":"Emspoma webshop","description":"","potentialAction":[{"@type":"SearchAction","target":{"@type":"EntryPoint","urlTemplate":"http:\/\/jadebeauty.hu\/?s={search_term_string}"},"query-input":"required name=search_term_string"}],"inLanguage":"hu"},{"@type":"ImageObject","@id":"http:\/\/jadebeauty.hu\/?product=orvosi-papirlepedo-3-tekercs-50-meter-sz-60-centimeter#primaryimage","inLanguage":"hu","url":"http:\/\/jadebeauty.hu\/wp-content\/uploads\/2025\/01\/lepedo.jpg","contentUrl":"http:\/\/jadebeauty.hu\/wp-content\/uploads\/2025\/01\/lepedo.jpg","width":300,"height":300,"caption":"orvosi leped\u0151, pap\u00edrleped\u0151"},{"@type":"WebPage","@id":"http:\/\/jadebeauty.hu\/?product=orvosi-papirlepedo-3-tekercs-50-meter-sz-60-centimeter#webpage","url":"http:\/\/jadebeauty.hu\/?product=orvosi-papirlepedo-3-tekercs-50-meter-sz-60-centimeter","name":"3 tekercs orvosi pap\u00edrleped\u0151 50 m\u00e9ter \/ 60 centim\u00e9ter - Emspoma webshop","isPartOf":{"@id":"http:\/\/jadebeauty.hu\/#website"},"primaryImageOfPage":{"@id":"http:\/\/jadebeauty.hu\/?product=orvosi-papirlepedo-3-tekercs-50-meter-sz-60-centimeter#primaryimage"},"datePublished":"2016-09-29T08:00:49+00:00","dateModified":"2025-01-24T21:08:18+00:00","breadcrumb":{"@id":"http:\/\/jadebeauty.hu\/?product=orvosi-papirlepedo-3-tekercs-50-meter-sz-60-centimeter#breadcrumb"},"inLanguage":"hu","potentialAction":[{"@type":"ReadAction","target":["http:\/\/jadebeauty.hu\/?product=orvosi-papirlepedo-3-tekercs-50-meter-sz-60-centimeter"]}]},{"@type":"BreadcrumbList","@id":"http:\/\/jadebeauty.hu\/?product=orvosi-papirlepedo-3-tekercs-50-meter-sz-60-centimeter#breadcrumb","itemListElement":[{"@type":"ListItem","position":1,"name":"Home","item":"http:\/\/jadebeauty.hu\/"},{"@type":"ListItem","position":2,"name":"\u00dczlet","item":"http:\/\/jadebeauty.hu\/?page_id=4"},{"@type":"ListItem","position":3,"name":"3 tekercs orvosi pap\u00edrleped\u0151 50 m\u00e9ter \/ 60 centim\u00e9ter"}]}]}},"_links":{"self":[{"href":"http:\/\/jadebeauty.hu\/index.php?rest_route=\/wp\/v2\/product\/1624"}],"collection":[{"href":"http:\/\/jadebeauty.hu\/index.php?rest_route=\/wp\/v2\/product"}],"about":[{"href":"http:\/\/jadebeauty.hu\/index.php?rest_route=\/wp\/v2\/types\/product"}],"wp:featuredmedia":[{"embeddable":true,"href":"http:\/\/jadebeauty.hu\/index.php?rest_route=\/wp\/v2\/media\/2757"}],"wp:attachment":[{"href":"http:\/\/jadebeauty.hu\/index.php?rest_route=%2Fwp%2Fv2%2Fmedia&parent=1624"}],"wp:term":[{"taxonomy":"product_cat","embeddable":true,"href":"http:\/\/jadebeauty.hu\/index.php?rest_route=%2Fwp%2Fv2%2Fproduct_cat&post=1624"},{"taxonomy":"product_tag","embeddable":true,"href":"http:\/\/jadebeauty.hu\/index.php?rest_route=%2Fwp%2Fv2%2Fproduct_tag&post=1624"}],"curies":[{"name":"wp","href":"https:\/\/api.w.org\/{rel}","templated":true}]}}