{"id":1626,"date":"2016-09-26T09:53:35","date_gmt":"2016-09-26T09:53:35","guid":{"rendered":"http:\/\/rekongem.hu\/?post_type=product&#038;p=1626"},"modified":"2026-01-14T07:58:33","modified_gmt":"2026-01-14T07:58:33","slug":"selfsun-tan-szolid-barnasag","status":"publish","type":"product","link":"http:\/\/jadebeauty.hu\/?product=selfsun-tan-szolid-barnasag","title":{"rendered":"Solar Tan \u00f6nbarn\u00edt\u00f3 &#8211; szolid barnas\u00e1g 150 ml"},"content":{"rendered":"<p>Norm\u00e1l b\u0151rre<\/p>\n<p>A napallergia, f\u00e9ny\u00e9rz\u00e9kenys\u00e9g \u00e9s anyajegyes b\u0151r eset\u00e9n is b\u00e1tran haszn\u00e1lhat\u00f3.<\/p>\n<p>Arcra-testre t\u00f6rt\u00e9n\u0151 egyenletes felvitel\u00e9t k\u00f6vet\u0151 3-5 \u00f3ra m\u00falva (\u00fan. time-tan-effect) alakul ki a &#8220;felkent&#8221; barnas\u00e1g. Nem k\u00e1ros\u00edtja, nem \u00f6reg\u00edti, nem sz\u00e1r\u00edtja a b\u0151rt, mivel hat\u00f3anyaga a b\u0151r legfels\u0151, elhalt sejtjeivel k\u00e9pez term\u00e9szetes sz\u00ednreakci\u00f3t.<br \/>\nA b\u0151r term\u00e9szetes h\u00e1ml\u00e1s\u00e1val a barnas\u00e1g elt\u0171nik, &#8220;lekopik&#8221;, ez\u00e9rt a tart\u00f3s, egyenletes barnas\u00e1g megtart\u00e1s\u00e1hoz az \u00f6nbarn\u00edt\u00f3 alkalmaz\u00e1s\u00e1t 3-5 naponk\u00e9nt ism\u00e9telni sz\u00fcks\u00e9ges.<\/p>\n<p><strong>Tart\u00f3s\u00edt\u00f3szert, sz\u00ednez\u0151anyagot nem tartalmaz!<\/strong><\/p>\n<p><strong>HYPOALLERGEN: Klinikai vizsg\u00e1lat garant\u00e1lja,<\/strong><br \/>\n<strong>hogy m\u00e9g a k\u00fcl\u00f6n\u00f6sen \u00e9rz\u00e9keny b\u0151rt sem irrit\u00e1lja!<\/strong><\/p>\n<p><strong>Gy\u00f3gyszer\u00e9szek \u00e1ltal fejlesztett. \u00a0<\/strong><\/p>\n<p>Akt\u00edv anyagai: DHA, Erythrulose, E-vitamin<\/p>\n<p>Kiszerel\u00e9se: 150 ml<\/p>\n","protected":false},"excerpt":{"rendered":"<p>Norm\u00e1l b\u0151rre A napallergia, f\u00e9ny\u00e9rz\u00e9kenys\u00e9g \u00e9s anyajegyes b\u0151r eset\u00e9n is b\u00e1tran haszn\u00e1lhat\u00f3. Arcra-testre t\u00f6rt\u00e9n\u0151 egyenletes felvitel\u00e9t k\u00f6vet\u0151 3-5 \u00f3ra m\u00falva (\u00fan. time-tan-effect) alakul ki a &#8220;felkent&#8221; barnas\u00e1g. Nem k\u00e1ros\u00edtja, nem \u00f6reg\u00edti, nem sz\u00e1r\u00edtja a b\u0151rt, mivel hat\u00f3anyaga a b\u0151r legfels\u0151, elhalt sejtjeivel k\u00e9pez term\u00e9szetes sz\u00ednreakci\u00f3t. A b\u0151r term\u00e9szetes h\u00e1ml\u00e1s\u00e1val a barnas\u00e1g elt\u0171nik, &#8220;lekopik&#8221;, ez\u00e9rt a [&hellip;]<\/p>\n","protected":false},"featured_media":2796,"template":"","meta":[],"product_cat":[6,305,306],"product_tag":[304,169,45,307],"yoast_head":"<!-- This site is optimized with the Yoast SEO plugin v17.4 - https:\/\/yoast.com\/wordpress\/plugins\/seo\/ -->\n<title>Solar Tan \u00f6nbarn\u00edt\u00f3 - szolid barnas\u00e1g 150 ml - Emspoma webshop<\/title>\n<meta name=\"robots\" content=\"index, follow, max-snippet:-1, max-image-preview:large, max-video-preview:-1\" \/>\n<link rel=\"canonical\" href=\"http:\/\/jadebeauty.hu\/?product=selfsun-tan-szolid-barnasag\" \/>\n<meta property=\"og:locale\" content=\"hu_HU\" \/>\n<meta property=\"og:type\" content=\"article\" \/>\n<meta property=\"og:title\" content=\"Solar Tan \u00f6nbarn\u00edt\u00f3 - szolid barnas\u00e1g 150 ml - Emspoma webshop\" \/>\n<meta property=\"og:description\" content=\"Norm\u00e1l b\u0151rre A napallergia, f\u00e9ny\u00e9rz\u00e9kenys\u00e9g \u00e9s anyajegyes b\u0151r eset\u00e9n is b\u00e1tran haszn\u00e1lhat\u00f3. Arcra-testre t\u00f6rt\u00e9n\u0151 egyenletes felvitel\u00e9t k\u00f6vet\u0151 3-5 \u00f3ra m\u00falva (\u00fan. time-tan-effect) alakul ki a &#8220;felkent&#8221; barnas\u00e1g. Nem k\u00e1ros\u00edtja, nem \u00f6reg\u00edti, nem sz\u00e1r\u00edtja a b\u0151rt, mivel hat\u00f3anyaga a b\u0151r legfels\u0151, elhalt sejtjeivel k\u00e9pez term\u00e9szetes sz\u00ednreakci\u00f3t. A b\u0151r term\u00e9szetes h\u00e1ml\u00e1s\u00e1val a barnas\u00e1g elt\u0171nik, &#8220;lekopik&#8221;, ez\u00e9rt a [&hellip;]\" \/>\n<meta property=\"og:url\" content=\"http:\/\/jadebeauty.hu\/?product=selfsun-tan-szolid-barnasag\" \/>\n<meta property=\"og:site_name\" content=\"Emspoma webshop\" \/>\n<meta property=\"article:publisher\" content=\"https:\/\/www.facebook.com\/masszazsbirodalom\/\" \/>\n<meta property=\"article:modified_time\" content=\"2026-01-14T07:58:33+00:00\" \/>\n<meta property=\"og:image\" content=\"http:\/\/jadebeauty.hu\/wp-content\/uploads\/2026\/01\/SelfSun-Tan-szolid-barnasag-150-ml.jpg\" \/>\n\t<meta property=\"og:image:width\" content=\"400\" \/>\n\t<meta property=\"og:image:height\" content=\"400\" \/>\n<meta name=\"twitter:card\" content=\"summary\" \/>\n<meta name=\"twitter:site\" content=\"@masszazs_bir\" \/>\n<meta name=\"twitter:label1\" content=\"Becs\u00fclt olvas\u00e1si id\u0151\" \/>\n\t<meta name=\"twitter:data1\" content=\"1 perc\" \/>\n<script type=\"application\/ld+json\" class=\"yoast-schema-graph\">{\"@context\":\"https:\/\/schema.org\",\"@graph\":[{\"@type\":\"WebSite\",\"@id\":\"https:\/\/jadebeauty.hu\/#website\",\"url\":\"https:\/\/jadebeauty.hu\/\",\"name\":\"Emspoma webshop\",\"description\":\"\",\"potentialAction\":[{\"@type\":\"SearchAction\",\"target\":{\"@type\":\"EntryPoint\",\"urlTemplate\":\"https:\/\/jadebeauty.hu\/?s={search_term_string}\"},\"query-input\":\"required name=search_term_string\"}],\"inLanguage\":\"hu\"},{\"@type\":\"ImageObject\",\"@id\":\"http:\/\/jadebeauty.hu\/?product=selfsun-tan-szolid-barnasag#primaryimage\",\"inLanguage\":\"hu\",\"url\":\"http:\/\/jadebeauty.hu\/wp-content\/uploads\/2026\/01\/SelfSun-Tan-szolid-barnasag-150-ml.jpg\",\"contentUrl\":\"http:\/\/jadebeauty.hu\/wp-content\/uploads\/2026\/01\/SelfSun-Tan-szolid-barnasag-150-ml.jpg\",\"width\":400,\"height\":400},{\"@type\":\"WebPage\",\"@id\":\"http:\/\/jadebeauty.hu\/?product=selfsun-tan-szolid-barnasag#webpage\",\"url\":\"http:\/\/jadebeauty.hu\/?product=selfsun-tan-szolid-barnasag\",\"name\":\"Solar Tan \\u00f6nbarn\\u00edt\\u00f3 - szolid barnas\\u00e1g 150 ml - Emspoma webshop\",\"isPartOf\":{\"@id\":\"https:\/\/jadebeauty.hu\/#website\"},\"primaryImageOfPage\":{\"@id\":\"http:\/\/jadebeauty.hu\/?product=selfsun-tan-szolid-barnasag#primaryimage\"},\"datePublished\":\"2016-09-26T09:53:35+00:00\",\"dateModified\":\"2026-01-14T07:58:33+00:00\",\"breadcrumb\":{\"@id\":\"http:\/\/jadebeauty.hu\/?product=selfsun-tan-szolid-barnasag#breadcrumb\"},\"inLanguage\":\"hu\",\"potentialAction\":[{\"@type\":\"ReadAction\",\"target\":[\"http:\/\/jadebeauty.hu\/?product=selfsun-tan-szolid-barnasag\"]}]},{\"@type\":\"BreadcrumbList\",\"@id\":\"http:\/\/jadebeauty.hu\/?product=selfsun-tan-szolid-barnasag#breadcrumb\",\"itemListElement\":[{\"@type\":\"ListItem\",\"position\":1,\"name\":\"Home\",\"item\":\"https:\/\/jadebeauty.hu\/\"},{\"@type\":\"ListItem\",\"position\":2,\"name\":\"\\u00dczlet\",\"item\":\"http:\/\/jadebeauty.hu\/?page_id=4\"},{\"@type\":\"ListItem\",\"position\":3,\"name\":\"Solar Tan \\u00f6nbarn\\u00edt\\u00f3 &#8211; szolid barnas\\u00e1g 150 ml\"}]}]}<\/script>\n<!-- \/ Yoast SEO plugin. -->","yoast_head_json":{"title":"Solar Tan \u00f6nbarn\u00edt\u00f3 - szolid barnas\u00e1g 150 ml - Emspoma webshop","robots":{"index":"index","follow":"follow","max-snippet":"max-snippet:-1","max-image-preview":"max-image-preview:large","max-video-preview":"max-video-preview:-1"},"canonical":"http:\/\/jadebeauty.hu\/?product=selfsun-tan-szolid-barnasag","og_locale":"hu_HU","og_type":"article","og_title":"Solar Tan \u00f6nbarn\u00edt\u00f3 - szolid barnas\u00e1g 150 ml - Emspoma webshop","og_description":"Norm\u00e1l b\u0151rre A napallergia, f\u00e9ny\u00e9rz\u00e9kenys\u00e9g \u00e9s anyajegyes b\u0151r eset\u00e9n is b\u00e1tran haszn\u00e1lhat\u00f3. Arcra-testre t\u00f6rt\u00e9n\u0151 egyenletes felvitel\u00e9t k\u00f6vet\u0151 3-5 \u00f3ra m\u00falva (\u00fan. time-tan-effect) alakul ki a &#8220;felkent&#8221; barnas\u00e1g. Nem k\u00e1ros\u00edtja, nem \u00f6reg\u00edti, nem sz\u00e1r\u00edtja a b\u0151rt, mivel hat\u00f3anyaga a b\u0151r legfels\u0151, elhalt sejtjeivel k\u00e9pez term\u00e9szetes sz\u00ednreakci\u00f3t. A b\u0151r term\u00e9szetes h\u00e1ml\u00e1s\u00e1val a barnas\u00e1g elt\u0171nik, &#8220;lekopik&#8221;, ez\u00e9rt a [&hellip;]","og_url":"http:\/\/jadebeauty.hu\/?product=selfsun-tan-szolid-barnasag","og_site_name":"Emspoma webshop","article_publisher":"https:\/\/www.facebook.com\/masszazsbirodalom\/","article_modified_time":"2026-01-14T07:58:33+00:00","og_image":[{"width":400,"height":400,"url":"http:\/\/jadebeauty.hu\/wp-content\/uploads\/2026\/01\/SelfSun-Tan-szolid-barnasag-150-ml.jpg","type":"image\/jpeg"}],"twitter_card":"summary","twitter_site":"@masszazs_bir","twitter_misc":{"Becs\u00fclt olvas\u00e1si id\u0151":"1 perc"},"schema":{"@context":"https:\/\/schema.org","@graph":[{"@type":"WebSite","@id":"https:\/\/jadebeauty.hu\/#website","url":"https:\/\/jadebeauty.hu\/","name":"Emspoma webshop","description":"","potentialAction":[{"@type":"SearchAction","target":{"@type":"EntryPoint","urlTemplate":"https:\/\/jadebeauty.hu\/?s={search_term_string}"},"query-input":"required name=search_term_string"}],"inLanguage":"hu"},{"@type":"ImageObject","@id":"http:\/\/jadebeauty.hu\/?product=selfsun-tan-szolid-barnasag#primaryimage","inLanguage":"hu","url":"http:\/\/jadebeauty.hu\/wp-content\/uploads\/2026\/01\/SelfSun-Tan-szolid-barnasag-150-ml.jpg","contentUrl":"http:\/\/jadebeauty.hu\/wp-content\/uploads\/2026\/01\/SelfSun-Tan-szolid-barnasag-150-ml.jpg","width":400,"height":400},{"@type":"WebPage","@id":"http:\/\/jadebeauty.hu\/?product=selfsun-tan-szolid-barnasag#webpage","url":"http:\/\/jadebeauty.hu\/?product=selfsun-tan-szolid-barnasag","name":"Solar Tan \u00f6nbarn\u00edt\u00f3 - szolid barnas\u00e1g 150 ml - Emspoma webshop","isPartOf":{"@id":"https:\/\/jadebeauty.hu\/#website"},"primaryImageOfPage":{"@id":"http:\/\/jadebeauty.hu\/?product=selfsun-tan-szolid-barnasag#primaryimage"},"datePublished":"2016-09-26T09:53:35+00:00","dateModified":"2026-01-14T07:58:33+00:00","breadcrumb":{"@id":"http:\/\/jadebeauty.hu\/?product=selfsun-tan-szolid-barnasag#breadcrumb"},"inLanguage":"hu","potentialAction":[{"@type":"ReadAction","target":["http:\/\/jadebeauty.hu\/?product=selfsun-tan-szolid-barnasag"]}]},{"@type":"BreadcrumbList","@id":"http:\/\/jadebeauty.hu\/?product=selfsun-tan-szolid-barnasag#breadcrumb","itemListElement":[{"@type":"ListItem","position":1,"name":"Home","item":"https:\/\/jadebeauty.hu\/"},{"@type":"ListItem","position":2,"name":"\u00dczlet","item":"http:\/\/jadebeauty.hu\/?page_id=4"},{"@type":"ListItem","position":3,"name":"Solar Tan \u00f6nbarn\u00edt\u00f3 &#8211; szolid barnas\u00e1g 150 ml"}]}]}},"_links":{"self":[{"href":"http:\/\/jadebeauty.hu\/index.php?rest_route=\/wp\/v2\/product\/1626"}],"collection":[{"href":"http:\/\/jadebeauty.hu\/index.php?rest_route=\/wp\/v2\/product"}],"about":[{"href":"http:\/\/jadebeauty.hu\/index.php?rest_route=\/wp\/v2\/types\/product"}],"wp:featuredmedia":[{"embeddable":true,"href":"http:\/\/jadebeauty.hu\/index.php?rest_route=\/wp\/v2\/media\/2796"}],"wp:attachment":[{"href":"http:\/\/jadebeauty.hu\/index.php?rest_route=%2Fwp%2Fv2%2Fmedia&parent=1626"}],"wp:term":[{"taxonomy":"product_cat","embeddable":true,"href":"http:\/\/jadebeauty.hu\/index.php?rest_route=%2Fwp%2Fv2%2Fproduct_cat&post=1626"},{"taxonomy":"product_tag","embeddable":true,"href":"http:\/\/jadebeauty.hu\/index.php?rest_route=%2Fwp%2Fv2%2Fproduct_tag&post=1626"}],"curies":[{"name":"wp","href":"https:\/\/api.w.org\/{rel}","templated":true}]}}