{"id":1769,"date":"2019-03-31T17:34:30","date_gmt":"2019-03-31T17:34:30","guid":{"rendered":"http:\/\/jadebeauty.hu\/?post_type=product&#038;p=1769"},"modified":"2025-06-21T17:47:06","modified_gmt":"2025-06-21T17:47:06","slug":"borfeszesito-masszazskrem-hyaluronsav-spirulina-alga-kivonattal-1000ml","status":"publish","type":"product","link":"http:\/\/jadebeauty.hu\/?product=borfeszesito-masszazskrem-hyaluronsav-spirulina-alga-kivonattal-1000ml","title":{"rendered":"Lady STELLA Spa Spirit Wellness B\u0151rfeszes\u00edt\u0151 Spirulina Massz\u00e1zskr\u00e9m 1000 ml"},"content":{"rendered":"<p>sheavaj \u2022 n\u00f6v\u00e9nyi hialuron \u2022 spirulina alga<\/p>\n<p>Hat\u00f3anyagokban gazdag, intenz\u00edven t\u00e1pl\u00e1l\u00f3 \u00e9s hidrat\u00e1l\u00f3 hat\u00e1s\u00fa arc- \u00e9s testmassz\u00e1zskr\u00e9m. A Spirulina alga kivonat nagy mennyis\u00e9g\u0171 protein, vitamin, aminosav \u00e9s \u00e1sv\u00e1nyi anyag tartalm\u00e1nak k\u00f6sz\u00f6nhet\u0151en feszes\u00edti,\u00a0\u00fajrastrukt\u00far\u00e1lja a b\u0151rt, fenntartja rugalmass\u00e1g\u00e1t, intenz\u00edv \u00f6reged\u00e9sg\u00e1tl\u00f3 hat\u00e1s\u00fa. A magas vitamintartalm\u00fa, b\u0151rbar\u00e1t sheavaj term\u00e9szetes anyag,k\u00f6nnyen felsz\u00edv\u00f3dik \u00e9s helyre\u00e1ll\u00edtja a b\u0151r lipidr\u00e9teg\u00e9t. N\u00f6v\u00e9nyi hialuron tartalma jav\u00edtja a b\u0151r v\u00edzfelvev\u0151 k\u00e9pess\u00e9g\u00e9t, biztos\u00edtja a kollag\u00e9n \u00e9s elasztin rostok stimul\u00e1ci\u00f3j\u00e1t.<\/p>\n<p>Seg\u00edt a b\u0151r megereszked\u00e9s\u00e9nek,fiatals\u00e1g\u00e1nak, \u00fcdes\u00e9g\u00e9nek helyre\u00e1ll\u00edt\u00e1s\u00e1ban. K\u00fcl\u00f6n\u00f6sen aj\u00e1nlott alakform\u00e1l\u00f3 kezel\u00e9sek kieg\u00e9sz\u00edt\u00e9sek\u00e9nt.<\/p>\n<p>Allerg\u00e9n illatanyagot, parab\u00e9nt, k\u0151olajsz\u00e1rmaz\u00e9kot nem tartalmaz.<\/p>\n<p>Haszn\u00e1lata: a massz\u00edrozni k\u00edv\u00e1nt letiszt\u00edtott, lerad\u00edrozott b\u0151rfel\u00fcletet a megfelel\u0151 mennyis\u00e9g\u0171 massz\u00e1zskr\u00e9mmel kenje be, majd sim\u00edt\u00f3 mozdulatokkal massz\u00edrozza be a kr\u00e9m teljes felsz\u00edv\u00f3d\u00e1s\u00e1ig.<\/p>\n","protected":false},"excerpt":{"rendered":"<p>sheavaj \u2022 n\u00f6v\u00e9nyi hialuron \u2022 spirulina alga Hat\u00f3anyagokban gazdag, intenz\u00edven t\u00e1pl\u00e1l\u00f3 \u00e9s hidrat\u00e1l\u00f3 hat\u00e1s\u00fa arc- \u00e9s testmassz\u00e1zskr\u00e9m. A Spirulina alga kivonat nagy mennyis\u00e9g\u0171 protein, vitamin, aminosav \u00e9s \u00e1sv\u00e1nyi anyag tartalm\u00e1nak k\u00f6sz\u00f6nhet\u0151en feszes\u00edti,\u00a0\u00fajrastrukt\u00far\u00e1lja a b\u0151rt, fenntartja rugalmass\u00e1g\u00e1t, intenz\u00edv \u00f6reged\u00e9sg\u00e1tl\u00f3 hat\u00e1s\u00fa. A magas vitamintartalm\u00fa, b\u0151rbar\u00e1t sheavaj term\u00e9szetes anyag,k\u00f6nnyen felsz\u00edv\u00f3dik \u00e9s helyre\u00e1ll\u00edtja a b\u0151r lipidr\u00e9teg\u00e9t. N\u00f6v\u00e9nyi hialuron tartalma [&hellip;]<\/p>\n","protected":false},"featured_media":2502,"template":"","meta":[],"product_cat":[23,92],"product_tag":[110,323,11,93],"yoast_head":"<!-- This site is optimized with the Yoast SEO plugin v17.4 - https:\/\/yoast.com\/wordpress\/plugins\/seo\/ -->\n<title>Lady STELLA Spa Spirit Wellness B\u0151rfeszes\u00edt\u0151 Spirulina Massz\u00e1zskr\u00e9m 1000 ml - Emspoma webshop<\/title>\n<meta name=\"robots\" content=\"index, follow, max-snippet:-1, max-image-preview:large, max-video-preview:-1\" \/>\n<link rel=\"canonical\" href=\"http:\/\/jadebeauty.hu\/?product=borfeszesito-masszazskrem-hyaluronsav-spirulina-alga-kivonattal-1000ml\" \/>\n<meta property=\"og:locale\" content=\"hu_HU\" \/>\n<meta property=\"og:type\" content=\"article\" \/>\n<meta property=\"og:title\" content=\"Lady STELLA Spa Spirit Wellness B\u0151rfeszes\u00edt\u0151 Spirulina Massz\u00e1zskr\u00e9m 1000 ml - Emspoma webshop\" \/>\n<meta property=\"og:description\" content=\"sheavaj \u2022 n\u00f6v\u00e9nyi hialuron \u2022 spirulina alga Hat\u00f3anyagokban gazdag, intenz\u00edven t\u00e1pl\u00e1l\u00f3 \u00e9s hidrat\u00e1l\u00f3 hat\u00e1s\u00fa arc- \u00e9s testmassz\u00e1zskr\u00e9m. A Spirulina alga kivonat nagy mennyis\u00e9g\u0171 protein, vitamin, aminosav \u00e9s \u00e1sv\u00e1nyi anyag tartalm\u00e1nak k\u00f6sz\u00f6nhet\u0151en feszes\u00edti,\u00a0\u00fajrastrukt\u00far\u00e1lja a b\u0151rt, fenntartja rugalmass\u00e1g\u00e1t, intenz\u00edv \u00f6reged\u00e9sg\u00e1tl\u00f3 hat\u00e1s\u00fa. A magas vitamintartalm\u00fa, b\u0151rbar\u00e1t sheavaj term\u00e9szetes anyag,k\u00f6nnyen felsz\u00edv\u00f3dik \u00e9s helyre\u00e1ll\u00edtja a b\u0151r lipidr\u00e9teg\u00e9t. N\u00f6v\u00e9nyi hialuron tartalma [&hellip;]\" \/>\n<meta property=\"og:url\" content=\"http:\/\/jadebeauty.hu\/?product=borfeszesito-masszazskrem-hyaluronsav-spirulina-alga-kivonattal-1000ml\" \/>\n<meta property=\"og:site_name\" content=\"Emspoma webshop\" \/>\n<meta property=\"article:publisher\" content=\"https:\/\/www.facebook.com\/masszazsbirodalom\/\" \/>\n<meta property=\"article:modified_time\" content=\"2025-06-21T17:47:06+00:00\" \/>\n<meta property=\"og:image\" content=\"http:\/\/jadebeauty.hu\/wp-content\/uploads\/2019\/03\/B\u0151rfeszes\u00edt\u0151-massz\u00e1zskr\u00e9m-Hyaluronsav-Spirulina-alga-kivonattal-1000ml-1.jpg\" \/>\n\t<meta property=\"og:image:width\" content=\"400\" \/>\n\t<meta property=\"og:image:height\" content=\"400\" \/>\n<meta name=\"twitter:card\" content=\"summary\" \/>\n<meta name=\"twitter:site\" content=\"@masszazs_bir\" \/>\n<meta name=\"twitter:label1\" content=\"Becs\u00fclt olvas\u00e1si id\u0151\" \/>\n\t<meta name=\"twitter:data1\" content=\"1 perc\" \/>\n<script type=\"application\/ld+json\" class=\"yoast-schema-graph\">{\"@context\":\"https:\/\/schema.org\",\"@graph\":[{\"@type\":\"WebSite\",\"@id\":\"http:\/\/jadebeauty.hu\/#website\",\"url\":\"http:\/\/jadebeauty.hu\/\",\"name\":\"Emspoma webshop\",\"description\":\"\",\"potentialAction\":[{\"@type\":\"SearchAction\",\"target\":{\"@type\":\"EntryPoint\",\"urlTemplate\":\"http:\/\/jadebeauty.hu\/?s={search_term_string}\"},\"query-input\":\"required name=search_term_string\"}],\"inLanguage\":\"hu\"},{\"@type\":\"ImageObject\",\"@id\":\"http:\/\/jadebeauty.hu\/?product=borfeszesito-masszazskrem-hyaluronsav-spirulina-alga-kivonattal-1000ml#primaryimage\",\"inLanguage\":\"hu\",\"url\":\"http:\/\/jadebeauty.hu\/wp-content\/uploads\/2019\/03\/B\\u0151rfeszes\\u00edt\\u0151-massz\\u00e1zskr\\u00e9m-Hyaluronsav-Spirulina-alga-kivonattal-1000ml-1.jpg\",\"contentUrl\":\"http:\/\/jadebeauty.hu\/wp-content\/uploads\/2019\/03\/B\\u0151rfeszes\\u00edt\\u0151-massz\\u00e1zskr\\u00e9m-Hyaluronsav-Spirulina-alga-kivonattal-1000ml-1.jpg\",\"width\":400,\"height\":400,\"caption\":\"B\\u0151rfeszes\\u00edt\\u0151 massz\\u00e1zskr\\u00e9m Hyaluronsav+ Spirulina alga kivonattal 1000ml\"},{\"@type\":\"WebPage\",\"@id\":\"http:\/\/jadebeauty.hu\/?product=borfeszesito-masszazskrem-hyaluronsav-spirulina-alga-kivonattal-1000ml#webpage\",\"url\":\"http:\/\/jadebeauty.hu\/?product=borfeszesito-masszazskrem-hyaluronsav-spirulina-alga-kivonattal-1000ml\",\"name\":\"Lady STELLA Spa Spirit Wellness B\\u0151rfeszes\\u00edt\\u0151 Spirulina Massz\\u00e1zskr\\u00e9m 1000 ml - Emspoma webshop\",\"isPartOf\":{\"@id\":\"http:\/\/jadebeauty.hu\/#website\"},\"primaryImageOfPage\":{\"@id\":\"http:\/\/jadebeauty.hu\/?product=borfeszesito-masszazskrem-hyaluronsav-spirulina-alga-kivonattal-1000ml#primaryimage\"},\"datePublished\":\"2019-03-31T17:34:30+00:00\",\"dateModified\":\"2025-06-21T17:47:06+00:00\",\"breadcrumb\":{\"@id\":\"http:\/\/jadebeauty.hu\/?product=borfeszesito-masszazskrem-hyaluronsav-spirulina-alga-kivonattal-1000ml#breadcrumb\"},\"inLanguage\":\"hu\",\"potentialAction\":[{\"@type\":\"ReadAction\",\"target\":[\"http:\/\/jadebeauty.hu\/?product=borfeszesito-masszazskrem-hyaluronsav-spirulina-alga-kivonattal-1000ml\"]}]},{\"@type\":\"BreadcrumbList\",\"@id\":\"http:\/\/jadebeauty.hu\/?product=borfeszesito-masszazskrem-hyaluronsav-spirulina-alga-kivonattal-1000ml#breadcrumb\",\"itemListElement\":[{\"@type\":\"ListItem\",\"position\":1,\"name\":\"Home\",\"item\":\"http:\/\/jadebeauty.hu\/\"},{\"@type\":\"ListItem\",\"position\":2,\"name\":\"\\u00dczlet\",\"item\":\"http:\/\/jadebeauty.hu\/?page_id=4\"},{\"@type\":\"ListItem\",\"position\":3,\"name\":\"Lady STELLA Spa Spirit Wellness B\\u0151rfeszes\\u00edt\\u0151 Spirulina Massz\\u00e1zskr\\u00e9m 1000 ml\"}]}]}<\/script>\n<!-- \/ Yoast SEO plugin. -->","yoast_head_json":{"title":"Lady STELLA Spa Spirit Wellness B\u0151rfeszes\u00edt\u0151 Spirulina Massz\u00e1zskr\u00e9m 1000 ml - Emspoma webshop","robots":{"index":"index","follow":"follow","max-snippet":"max-snippet:-1","max-image-preview":"max-image-preview:large","max-video-preview":"max-video-preview:-1"},"canonical":"http:\/\/jadebeauty.hu\/?product=borfeszesito-masszazskrem-hyaluronsav-spirulina-alga-kivonattal-1000ml","og_locale":"hu_HU","og_type":"article","og_title":"Lady STELLA Spa Spirit Wellness B\u0151rfeszes\u00edt\u0151 Spirulina Massz\u00e1zskr\u00e9m 1000 ml - Emspoma webshop","og_description":"sheavaj \u2022 n\u00f6v\u00e9nyi hialuron \u2022 spirulina alga Hat\u00f3anyagokban gazdag, intenz\u00edven t\u00e1pl\u00e1l\u00f3 \u00e9s hidrat\u00e1l\u00f3 hat\u00e1s\u00fa arc- \u00e9s testmassz\u00e1zskr\u00e9m. A Spirulina alga kivonat nagy mennyis\u00e9g\u0171 protein, vitamin, aminosav \u00e9s \u00e1sv\u00e1nyi anyag tartalm\u00e1nak k\u00f6sz\u00f6nhet\u0151en feszes\u00edti,\u00a0\u00fajrastrukt\u00far\u00e1lja a b\u0151rt, fenntartja rugalmass\u00e1g\u00e1t, intenz\u00edv \u00f6reged\u00e9sg\u00e1tl\u00f3 hat\u00e1s\u00fa. A magas vitamintartalm\u00fa, b\u0151rbar\u00e1t sheavaj term\u00e9szetes anyag,k\u00f6nnyen felsz\u00edv\u00f3dik \u00e9s helyre\u00e1ll\u00edtja a b\u0151r lipidr\u00e9teg\u00e9t. N\u00f6v\u00e9nyi hialuron tartalma [&hellip;]","og_url":"http:\/\/jadebeauty.hu\/?product=borfeszesito-masszazskrem-hyaluronsav-spirulina-alga-kivonattal-1000ml","og_site_name":"Emspoma webshop","article_publisher":"https:\/\/www.facebook.com\/masszazsbirodalom\/","article_modified_time":"2025-06-21T17:47:06+00:00","og_image":[{"width":400,"height":400,"url":"http:\/\/jadebeauty.hu\/wp-content\/uploads\/2019\/03\/B\u0151rfeszes\u00edt\u0151-massz\u00e1zskr\u00e9m-Hyaluronsav-Spirulina-alga-kivonattal-1000ml-1.jpg","type":"image\/jpeg"}],"twitter_card":"summary","twitter_site":"@masszazs_bir","twitter_misc":{"Becs\u00fclt olvas\u00e1si id\u0151":"1 perc"},"schema":{"@context":"https:\/\/schema.org","@graph":[{"@type":"WebSite","@id":"http:\/\/jadebeauty.hu\/#website","url":"http:\/\/jadebeauty.hu\/","name":"Emspoma webshop","description":"","potentialAction":[{"@type":"SearchAction","target":{"@type":"EntryPoint","urlTemplate":"http:\/\/jadebeauty.hu\/?s={search_term_string}"},"query-input":"required name=search_term_string"}],"inLanguage":"hu"},{"@type":"ImageObject","@id":"http:\/\/jadebeauty.hu\/?product=borfeszesito-masszazskrem-hyaluronsav-spirulina-alga-kivonattal-1000ml#primaryimage","inLanguage":"hu","url":"http:\/\/jadebeauty.hu\/wp-content\/uploads\/2019\/03\/B\u0151rfeszes\u00edt\u0151-massz\u00e1zskr\u00e9m-Hyaluronsav-Spirulina-alga-kivonattal-1000ml-1.jpg","contentUrl":"http:\/\/jadebeauty.hu\/wp-content\/uploads\/2019\/03\/B\u0151rfeszes\u00edt\u0151-massz\u00e1zskr\u00e9m-Hyaluronsav-Spirulina-alga-kivonattal-1000ml-1.jpg","width":400,"height":400,"caption":"B\u0151rfeszes\u00edt\u0151 massz\u00e1zskr\u00e9m Hyaluronsav+ Spirulina alga kivonattal 1000ml"},{"@type":"WebPage","@id":"http:\/\/jadebeauty.hu\/?product=borfeszesito-masszazskrem-hyaluronsav-spirulina-alga-kivonattal-1000ml#webpage","url":"http:\/\/jadebeauty.hu\/?product=borfeszesito-masszazskrem-hyaluronsav-spirulina-alga-kivonattal-1000ml","name":"Lady STELLA Spa Spirit Wellness B\u0151rfeszes\u00edt\u0151 Spirulina Massz\u00e1zskr\u00e9m 1000 ml - Emspoma webshop","isPartOf":{"@id":"http:\/\/jadebeauty.hu\/#website"},"primaryImageOfPage":{"@id":"http:\/\/jadebeauty.hu\/?product=borfeszesito-masszazskrem-hyaluronsav-spirulina-alga-kivonattal-1000ml#primaryimage"},"datePublished":"2019-03-31T17:34:30+00:00","dateModified":"2025-06-21T17:47:06+00:00","breadcrumb":{"@id":"http:\/\/jadebeauty.hu\/?product=borfeszesito-masszazskrem-hyaluronsav-spirulina-alga-kivonattal-1000ml#breadcrumb"},"inLanguage":"hu","potentialAction":[{"@type":"ReadAction","target":["http:\/\/jadebeauty.hu\/?product=borfeszesito-masszazskrem-hyaluronsav-spirulina-alga-kivonattal-1000ml"]}]},{"@type":"BreadcrumbList","@id":"http:\/\/jadebeauty.hu\/?product=borfeszesito-masszazskrem-hyaluronsav-spirulina-alga-kivonattal-1000ml#breadcrumb","itemListElement":[{"@type":"ListItem","position":1,"name":"Home","item":"http:\/\/jadebeauty.hu\/"},{"@type":"ListItem","position":2,"name":"\u00dczlet","item":"http:\/\/jadebeauty.hu\/?page_id=4"},{"@type":"ListItem","position":3,"name":"Lady STELLA Spa Spirit Wellness B\u0151rfeszes\u00edt\u0151 Spirulina Massz\u00e1zskr\u00e9m 1000 ml"}]}]}},"_links":{"self":[{"href":"http:\/\/jadebeauty.hu\/index.php?rest_route=\/wp\/v2\/product\/1769"}],"collection":[{"href":"http:\/\/jadebeauty.hu\/index.php?rest_route=\/wp\/v2\/product"}],"about":[{"href":"http:\/\/jadebeauty.hu\/index.php?rest_route=\/wp\/v2\/types\/product"}],"wp:featuredmedia":[{"embeddable":true,"href":"http:\/\/jadebeauty.hu\/index.php?rest_route=\/wp\/v2\/media\/2502"}],"wp:attachment":[{"href":"http:\/\/jadebeauty.hu\/index.php?rest_route=%2Fwp%2Fv2%2Fmedia&parent=1769"}],"wp:term":[{"taxonomy":"product_cat","embeddable":true,"href":"http:\/\/jadebeauty.hu\/index.php?rest_route=%2Fwp%2Fv2%2Fproduct_cat&post=1769"},{"taxonomy":"product_tag","embeddable":true,"href":"http:\/\/jadebeauty.hu\/index.php?rest_route=%2Fwp%2Fv2%2Fproduct_tag&post=1769"}],"curies":[{"name":"wp","href":"https:\/\/api.w.org\/{rel}","templated":true}]}}