{"id":1786,"date":"2019-03-31T19:09:47","date_gmt":"2019-03-31T19:09:47","guid":{"rendered":"http:\/\/jadebeauty.hu\/?post_type=product&#038;p=1786"},"modified":"2026-01-14T07:58:34","modified_gmt":"2026-01-14T07:58:34","slug":"fit-iron-szalkasito-gel-150-ml","status":"publish","type":"product","link":"http:\/\/jadebeauty.hu\/?product=fit-iron-szalkasito-gel-150-ml","title":{"rendered":"Fit Body Pro &#8211; sz\u00e1lk\u00e1s\u00edt\u00f3 g\u00e9l 150 ml"},"content":{"rendered":"<p>A sikeres izom-, alakform\u00e1l\u00e1s (sz\u00e1lk\u00e1s\u00edt\u00e1s) l\u00e9nyege a testzs\u00edr sz\u00e1zal\u00e9k cs\u00f6kkent\u00e9se az izom meg\u0151rz\u00e9se mellett, melyben a funkcion\u00e1lis g\u00e9llel v\u00e9gzett edz\u00e9s ny\u00fajt seg\u00edts\u00e9get. A feh\u00e9rjealkot\u00f3, esszenci\u00e1lis Leucin (BCAA), a feh\u00e9rje-anyagcser\u00e9ben r\u00e9szt vev\u0151 L-Arginin aminosavak \u00e9s az antioxid\u00e1ns Koffein, L-Karnitin kombin\u00e1ci\u00f3 az izomform\u00e1l\u00e1s mellett a b\u0151r kondicion\u00e1l\u00e1s\u00e1ban is r\u00e9szt vesz.<\/p>\n<p>Az alkalmaz\u00e1s sor\u00e1n jelentkez\u0151 meleg \u00e9rz\u00e9s \u00e9s b\u0151rp\u00edr a fokozott mikrokering\u00e9st jelzi.<\/p>\n<p>Tart\u00f3s\u00edt\u00f3szert \u00e9s sz\u00ednez\u0151anyagot nem tartalmaz, \u00e9rz\u00e9keny b\u0151r eset\u00e9n is haszn\u00e1lhat\u00f3.<\/p>\n<p>Haszn\u00e1lati javaslat Edz\u00e9s el\u0151tt alaposan massz\u00edrozza be a form\u00e1land\u00f3 testr\u00e9szt, izmot. Gyorsan besz\u00edv\u00f3dik.<\/p>\n<p>Kiszerel\u00e9s: 150 ml<\/p>\n","protected":false},"excerpt":{"rendered":"<p>A sikeres izom-, alakform\u00e1l\u00e1s (sz\u00e1lk\u00e1s\u00edt\u00e1s) l\u00e9nyege a testzs\u00edr sz\u00e1zal\u00e9k cs\u00f6kkent\u00e9se az izom meg\u0151rz\u00e9se mellett, melyben a funkcion\u00e1lis g\u00e9llel v\u00e9gzett edz\u00e9s ny\u00fajt seg\u00edts\u00e9get. A feh\u00e9rjealkot\u00f3, esszenci\u00e1lis Leucin (BCAA), a feh\u00e9rje-anyagcser\u00e9ben r\u00e9szt vev\u0151 L-Arginin aminosavak \u00e9s az antioxid\u00e1ns Koffein, L-Karnitin kombin\u00e1ci\u00f3 az izomform\u00e1l\u00e1s mellett a b\u0151r kondicion\u00e1l\u00e1s\u00e1ban is r\u00e9szt vesz.<\/p>\n<p>Az alkalmaz\u00e1s sor\u00e1n jelentkez\u0151 meleg\u00e9rz\u00e9s \u00e9s b\u0151rp\u00edr a fokozott mikrokering\u00e9st jelzi.<\/p>\n<p>Tart\u00f3s\u00edt\u00f3szert \u00e9s sz\u00ednez\u0151anyagot nem tartalmaz, \u00e9rz\u00e9keny b\u0151r eset\u00e9n is haszn\u00e1lhat\u00f3.<\/p>\n<p>Haszn\u00e1lati javaslat Edz\u00e9s el\u0151tt alaposan massz\u00edrozza be a form\u00e1land\u00f3 testr\u00e9szt, izmot. Gyorsan besz\u00edv\u00f3dik.<\/p>\n<p>Kiszerel\u00e9s: 150 ml<\/p>\n","protected":false},"featured_media":2800,"template":"","meta":[],"product_cat":[6,305,175,13],"product_tag":[95,169,12],"yoast_head":"<!-- This site is optimized with the Yoast SEO plugin v17.4 - https:\/\/yoast.com\/wordpress\/plugins\/seo\/ -->\n<title>Fit Body Pro - sz\u00e1lk\u00e1s\u00edt\u00f3 g\u00e9l 150 ml - Emspoma webshop<\/title>\n<meta name=\"robots\" content=\"index, follow, max-snippet:-1, max-image-preview:large, max-video-preview:-1\" \/>\n<link rel=\"canonical\" href=\"http:\/\/jadebeauty.hu\/?product=fit-iron-szalkasito-gel-150-ml\" \/>\n<meta property=\"og:locale\" content=\"hu_HU\" \/>\n<meta property=\"og:type\" content=\"article\" \/>\n<meta property=\"og:title\" content=\"Fit Body Pro - sz\u00e1lk\u00e1s\u00edt\u00f3 g\u00e9l 150 ml - Emspoma webshop\" \/>\n<meta property=\"og:description\" content=\"A sikeres izom-, alakform\u00e1l\u00e1s (sz\u00e1lk\u00e1s\u00edt\u00e1s) l\u00e9nyege a testzs\u00edr sz\u00e1zal\u00e9k cs\u00f6kkent\u00e9se az izom meg\u0151rz\u00e9se mellett, melyben a funkcion\u00e1lis g\u00e9llel v\u00e9gzett edz\u00e9s ny\u00fajt seg\u00edts\u00e9get. A feh\u00e9rjealkot\u00f3, esszenci\u00e1lis Leucin (BCAA), a feh\u00e9rje-anyagcser\u00e9ben r\u00e9szt vev\u0151 L-Arginin aminosavak \u00e9s az antioxid\u00e1ns Koffein, L-Karnitin kombin\u00e1ci\u00f3 az izomform\u00e1l\u00e1s mellett a b\u0151r kondicion\u00e1l\u00e1s\u00e1ban is r\u00e9szt vesz.  Az alkalmaz\u00e1s sor\u00e1n jelentkez\u0151 meleg\u00e9rz\u00e9s \u00e9s b\u0151rp\u00edr a fokozott mikrokering\u00e9st jelzi.  Tart\u00f3s\u00edt\u00f3szert \u00e9s sz\u00ednez\u0151anyagot nem tartalmaz, \u00e9rz\u00e9keny b\u0151r eset\u00e9n is haszn\u00e1lhat\u00f3.  Haszn\u00e1lati javaslat Edz\u00e9s el\u0151tt alaposan massz\u00edrozza be a form\u00e1land\u00f3 testr\u00e9szt, izmot. Gyorsan besz\u00edv\u00f3dik.  Kiszerel\u00e9s: 150 ml\" \/>\n<meta property=\"og:url\" content=\"http:\/\/jadebeauty.hu\/?product=fit-iron-szalkasito-gel-150-ml\" \/>\n<meta property=\"og:site_name\" content=\"Emspoma webshop\" \/>\n<meta property=\"article:publisher\" content=\"https:\/\/www.facebook.com\/masszazsbirodalom\/\" \/>\n<meta property=\"article:modified_time\" content=\"2026-01-14T07:58:34+00:00\" \/>\n<meta property=\"og:image\" content=\"http:\/\/jadebeauty.hu\/wp-content\/uploads\/2026\/01\/Fit-Iron-pro-szalkasito-gel-150-ml.jpg\" \/>\n\t<meta property=\"og:image:width\" content=\"400\" \/>\n\t<meta property=\"og:image:height\" content=\"400\" \/>\n<meta name=\"twitter:card\" content=\"summary\" \/>\n<meta name=\"twitter:site\" content=\"@masszazs_bir\" \/>\n<meta name=\"twitter:label1\" content=\"Becs\u00fclt olvas\u00e1si id\u0151\" \/>\n\t<meta name=\"twitter:data1\" content=\"1 perc\" \/>\n<script type=\"application\/ld+json\" class=\"yoast-schema-graph\">{\"@context\":\"https:\/\/schema.org\",\"@graph\":[{\"@type\":\"WebSite\",\"@id\":\"https:\/\/jadebeauty.hu\/#website\",\"url\":\"https:\/\/jadebeauty.hu\/\",\"name\":\"Emspoma webshop\",\"description\":\"\",\"potentialAction\":[{\"@type\":\"SearchAction\",\"target\":{\"@type\":\"EntryPoint\",\"urlTemplate\":\"https:\/\/jadebeauty.hu\/?s={search_term_string}\"},\"query-input\":\"required name=search_term_string\"}],\"inLanguage\":\"hu\"},{\"@type\":\"ImageObject\",\"@id\":\"http:\/\/jadebeauty.hu\/?product=fit-iron-szalkasito-gel-150-ml#primaryimage\",\"inLanguage\":\"hu\",\"url\":\"http:\/\/jadebeauty.hu\/wp-content\/uploads\/2026\/01\/Fit-Iron-pro-szalkasito-gel-150-ml.jpg\",\"contentUrl\":\"http:\/\/jadebeauty.hu\/wp-content\/uploads\/2026\/01\/Fit-Iron-pro-szalkasito-gel-150-ml.jpg\",\"width\":400,\"height\":400},{\"@type\":\"WebPage\",\"@id\":\"http:\/\/jadebeauty.hu\/?product=fit-iron-szalkasito-gel-150-ml#webpage\",\"url\":\"http:\/\/jadebeauty.hu\/?product=fit-iron-szalkasito-gel-150-ml\",\"name\":\"Fit Body Pro - sz\\u00e1lk\\u00e1s\\u00edt\\u00f3 g\\u00e9l 150 ml - Emspoma webshop\",\"isPartOf\":{\"@id\":\"https:\/\/jadebeauty.hu\/#website\"},\"primaryImageOfPage\":{\"@id\":\"http:\/\/jadebeauty.hu\/?product=fit-iron-szalkasito-gel-150-ml#primaryimage\"},\"datePublished\":\"2019-03-31T19:09:47+00:00\",\"dateModified\":\"2026-01-14T07:58:34+00:00\",\"breadcrumb\":{\"@id\":\"http:\/\/jadebeauty.hu\/?product=fit-iron-szalkasito-gel-150-ml#breadcrumb\"},\"inLanguage\":\"hu\",\"potentialAction\":[{\"@type\":\"ReadAction\",\"target\":[\"http:\/\/jadebeauty.hu\/?product=fit-iron-szalkasito-gel-150-ml\"]}]},{\"@type\":\"BreadcrumbList\",\"@id\":\"http:\/\/jadebeauty.hu\/?product=fit-iron-szalkasito-gel-150-ml#breadcrumb\",\"itemListElement\":[{\"@type\":\"ListItem\",\"position\":1,\"name\":\"Home\",\"item\":\"https:\/\/jadebeauty.hu\/\"},{\"@type\":\"ListItem\",\"position\":2,\"name\":\"\\u00dczlet\",\"item\":\"http:\/\/jadebeauty.hu\/?page_id=4\"},{\"@type\":\"ListItem\",\"position\":3,\"name\":\"Fit Body Pro &#8211; sz\\u00e1lk\\u00e1s\\u00edt\\u00f3 g\\u00e9l 150 ml\"}]}]}<\/script>\n<!-- \/ Yoast SEO plugin. -->","yoast_head_json":{"title":"Fit Body Pro - sz\u00e1lk\u00e1s\u00edt\u00f3 g\u00e9l 150 ml - Emspoma webshop","robots":{"index":"index","follow":"follow","max-snippet":"max-snippet:-1","max-image-preview":"max-image-preview:large","max-video-preview":"max-video-preview:-1"},"canonical":"http:\/\/jadebeauty.hu\/?product=fit-iron-szalkasito-gel-150-ml","og_locale":"hu_HU","og_type":"article","og_title":"Fit Body Pro - sz\u00e1lk\u00e1s\u00edt\u00f3 g\u00e9l 150 ml - Emspoma webshop","og_description":"A sikeres izom-, alakform\u00e1l\u00e1s (sz\u00e1lk\u00e1s\u00edt\u00e1s) l\u00e9nyege a testzs\u00edr sz\u00e1zal\u00e9k cs\u00f6kkent\u00e9se az izom meg\u0151rz\u00e9se mellett, melyben a funkcion\u00e1lis g\u00e9llel v\u00e9gzett edz\u00e9s ny\u00fajt seg\u00edts\u00e9get. A feh\u00e9rjealkot\u00f3, esszenci\u00e1lis Leucin (BCAA), a feh\u00e9rje-anyagcser\u00e9ben r\u00e9szt vev\u0151 L-Arginin aminosavak \u00e9s az antioxid\u00e1ns Koffein, L-Karnitin kombin\u00e1ci\u00f3 az izomform\u00e1l\u00e1s mellett a b\u0151r kondicion\u00e1l\u00e1s\u00e1ban is r\u00e9szt vesz.  Az alkalmaz\u00e1s sor\u00e1n jelentkez\u0151 meleg\u00e9rz\u00e9s \u00e9s b\u0151rp\u00edr a fokozott mikrokering\u00e9st jelzi.  Tart\u00f3s\u00edt\u00f3szert \u00e9s sz\u00ednez\u0151anyagot nem tartalmaz, \u00e9rz\u00e9keny b\u0151r eset\u00e9n is haszn\u00e1lhat\u00f3.  Haszn\u00e1lati javaslat Edz\u00e9s el\u0151tt alaposan massz\u00edrozza be a form\u00e1land\u00f3 testr\u00e9szt, izmot. Gyorsan besz\u00edv\u00f3dik.  Kiszerel\u00e9s: 150 ml","og_url":"http:\/\/jadebeauty.hu\/?product=fit-iron-szalkasito-gel-150-ml","og_site_name":"Emspoma webshop","article_publisher":"https:\/\/www.facebook.com\/masszazsbirodalom\/","article_modified_time":"2026-01-14T07:58:34+00:00","og_image":[{"width":400,"height":400,"url":"http:\/\/jadebeauty.hu\/wp-content\/uploads\/2026\/01\/Fit-Iron-pro-szalkasito-gel-150-ml.jpg","type":"image\/jpeg"}],"twitter_card":"summary","twitter_site":"@masszazs_bir","twitter_misc":{"Becs\u00fclt olvas\u00e1si id\u0151":"1 perc"},"schema":{"@context":"https:\/\/schema.org","@graph":[{"@type":"WebSite","@id":"https:\/\/jadebeauty.hu\/#website","url":"https:\/\/jadebeauty.hu\/","name":"Emspoma webshop","description":"","potentialAction":[{"@type":"SearchAction","target":{"@type":"EntryPoint","urlTemplate":"https:\/\/jadebeauty.hu\/?s={search_term_string}"},"query-input":"required name=search_term_string"}],"inLanguage":"hu"},{"@type":"ImageObject","@id":"http:\/\/jadebeauty.hu\/?product=fit-iron-szalkasito-gel-150-ml#primaryimage","inLanguage":"hu","url":"http:\/\/jadebeauty.hu\/wp-content\/uploads\/2026\/01\/Fit-Iron-pro-szalkasito-gel-150-ml.jpg","contentUrl":"http:\/\/jadebeauty.hu\/wp-content\/uploads\/2026\/01\/Fit-Iron-pro-szalkasito-gel-150-ml.jpg","width":400,"height":400},{"@type":"WebPage","@id":"http:\/\/jadebeauty.hu\/?product=fit-iron-szalkasito-gel-150-ml#webpage","url":"http:\/\/jadebeauty.hu\/?product=fit-iron-szalkasito-gel-150-ml","name":"Fit Body Pro - sz\u00e1lk\u00e1s\u00edt\u00f3 g\u00e9l 150 ml - Emspoma webshop","isPartOf":{"@id":"https:\/\/jadebeauty.hu\/#website"},"primaryImageOfPage":{"@id":"http:\/\/jadebeauty.hu\/?product=fit-iron-szalkasito-gel-150-ml#primaryimage"},"datePublished":"2019-03-31T19:09:47+00:00","dateModified":"2026-01-14T07:58:34+00:00","breadcrumb":{"@id":"http:\/\/jadebeauty.hu\/?product=fit-iron-szalkasito-gel-150-ml#breadcrumb"},"inLanguage":"hu","potentialAction":[{"@type":"ReadAction","target":["http:\/\/jadebeauty.hu\/?product=fit-iron-szalkasito-gel-150-ml"]}]},{"@type":"BreadcrumbList","@id":"http:\/\/jadebeauty.hu\/?product=fit-iron-szalkasito-gel-150-ml#breadcrumb","itemListElement":[{"@type":"ListItem","position":1,"name":"Home","item":"https:\/\/jadebeauty.hu\/"},{"@type":"ListItem","position":2,"name":"\u00dczlet","item":"http:\/\/jadebeauty.hu\/?page_id=4"},{"@type":"ListItem","position":3,"name":"Fit Body Pro &#8211; sz\u00e1lk\u00e1s\u00edt\u00f3 g\u00e9l 150 ml"}]}]}},"_links":{"self":[{"href":"http:\/\/jadebeauty.hu\/index.php?rest_route=\/wp\/v2\/product\/1786"}],"collection":[{"href":"http:\/\/jadebeauty.hu\/index.php?rest_route=\/wp\/v2\/product"}],"about":[{"href":"http:\/\/jadebeauty.hu\/index.php?rest_route=\/wp\/v2\/types\/product"}],"wp:featuredmedia":[{"embeddable":true,"href":"http:\/\/jadebeauty.hu\/index.php?rest_route=\/wp\/v2\/media\/2800"}],"wp:attachment":[{"href":"http:\/\/jadebeauty.hu\/index.php?rest_route=%2Fwp%2Fv2%2Fmedia&parent=1786"}],"wp:term":[{"taxonomy":"product_cat","embeddable":true,"href":"http:\/\/jadebeauty.hu\/index.php?rest_route=%2Fwp%2Fv2%2Fproduct_cat&post=1786"},{"taxonomy":"product_tag","embeddable":true,"href":"http:\/\/jadebeauty.hu\/index.php?rest_route=%2Fwp%2Fv2%2Fproduct_tag&post=1786"}],"curies":[{"name":"wp","href":"https:\/\/api.w.org\/{rel}","templated":true}]}}