{"id":1844,"date":"2019-04-06T19:43:55","date_gmt":"2019-04-06T19:43:55","guid":{"rendered":"http:\/\/jadebeauty.hu\/?post_type=product&#038;p=1844"},"modified":"2025-07-03T20:16:45","modified_gmt":"2025-07-03T20:16:45","slug":"yamuna-for-him-masszazsolaj-1000-ml","status":"publish","type":"product","link":"http:\/\/jadebeauty.hu\/?product=yamuna-for-him-masszazsolaj-1000-ml","title":{"rendered":"Yamuna For Him Massz\u00e1zsolaj 1000 ml"},"content":{"rendered":"","protected":false},"excerpt":{"rendered":"<p>Hossz\u00fa \u00e9s f\u00e1raszt\u00f3 nap ut\u00e1n elf\u00e1radt, laz\u00edtani k\u00edv\u00e1n\u00f3 f\u00e9rfiaknak. Kellemesen f\u00e9rfias illat\u00fa n\u00f6v\u00e9nyi alap\u00fa massz\u00e1zsolaj, mely parab\u00e9nt \u00e9s mesters\u00e9ges sz\u00ednez\u0151anyagokat nem tartalmaz.<\/p>\n","protected":false},"featured_media":1845,"template":"","meta":[],"product_cat":[61,231],"product_tag":[60,334,230],"yoast_head":"<!-- This site is optimized with the Yoast SEO plugin v17.4 - https:\/\/yoast.com\/wordpress\/plugins\/seo\/ -->\n<title>Yamuna For Him Massz\u00e1zsolaj 1000 ml - Emspoma webshop<\/title>\n<meta name=\"robots\" content=\"index, follow, max-snippet:-1, max-image-preview:large, max-video-preview:-1\" \/>\n<link rel=\"canonical\" href=\"http:\/\/jadebeauty.hu\/?product=yamuna-for-him-masszazsolaj-1000-ml\" \/>\n<meta property=\"og:locale\" content=\"hu_HU\" \/>\n<meta property=\"og:type\" content=\"article\" \/>\n<meta property=\"og:title\" content=\"Yamuna For Him Massz\u00e1zsolaj 1000 ml - Emspoma webshop\" \/>\n<meta property=\"og:description\" content=\"Hossz\u00fa \u00e9s f\u00e1raszt\u00f3 nap ut\u00e1n elf\u00e1radt, laz\u00edtani k\u00edv\u00e1n\u00f3 f\u00e9rfiaknak. Kellemesen f\u00e9rfias illat\u00fa n\u00f6v\u00e9nyi alap\u00fa massz\u00e1zsolaj, mely parab\u00e9nt \u00e9s mesters\u00e9ges sz\u00ednez\u0151anyagokat nem tartalmaz.\" \/>\n<meta property=\"og:url\" content=\"http:\/\/jadebeauty.hu\/?product=yamuna-for-him-masszazsolaj-1000-ml\" \/>\n<meta property=\"og:site_name\" content=\"Emspoma webshop\" \/>\n<meta property=\"article:publisher\" content=\"https:\/\/www.facebook.com\/masszazsbirodalom\/\" \/>\n<meta property=\"article:modified_time\" content=\"2025-07-03T20:16:45+00:00\" \/>\n<meta property=\"og:image\" content=\"http:\/\/jadebeauty.hu\/wp-content\/uploads\/2019\/04\/Yamuna-for-him-massz\u00e1zsolaj-1000ml.jpg\" \/>\n\t<meta property=\"og:image:width\" content=\"300\" \/>\n\t<meta property=\"og:image:height\" content=\"300\" \/>\n<meta name=\"twitter:card\" content=\"summary\" \/>\n<meta name=\"twitter:site\" content=\"@masszazs_bir\" \/>\n<script type=\"application\/ld+json\" class=\"yoast-schema-graph\">{\"@context\":\"https:\/\/schema.org\",\"@graph\":[{\"@type\":\"WebSite\",\"@id\":\"http:\/\/jadebeauty.hu\/#website\",\"url\":\"http:\/\/jadebeauty.hu\/\",\"name\":\"Emspoma webshop\",\"description\":\"\",\"potentialAction\":[{\"@type\":\"SearchAction\",\"target\":{\"@type\":\"EntryPoint\",\"urlTemplate\":\"http:\/\/jadebeauty.hu\/?s={search_term_string}\"},\"query-input\":\"required name=search_term_string\"}],\"inLanguage\":\"hu\"},{\"@type\":\"ImageObject\",\"@id\":\"http:\/\/jadebeauty.hu\/?product=yamuna-for-him-masszazsolaj-1000-ml#primaryimage\",\"inLanguage\":\"hu\",\"url\":\"http:\/\/jadebeauty.hu\/wp-content\/uploads\/2019\/04\/Yamuna-for-him-massz\\u00e1zsolaj-1000ml.jpg\",\"contentUrl\":\"http:\/\/jadebeauty.hu\/wp-content\/uploads\/2019\/04\/Yamuna-for-him-massz\\u00e1zsolaj-1000ml.jpg\",\"width\":300,\"height\":300,\"caption\":\"Yamuna for him massz\\u00e1zsolaj 1000ml\"},{\"@type\":\"WebPage\",\"@id\":\"http:\/\/jadebeauty.hu\/?product=yamuna-for-him-masszazsolaj-1000-ml#webpage\",\"url\":\"http:\/\/jadebeauty.hu\/?product=yamuna-for-him-masszazsolaj-1000-ml\",\"name\":\"Yamuna For Him Massz\\u00e1zsolaj 1000 ml - Emspoma webshop\",\"isPartOf\":{\"@id\":\"http:\/\/jadebeauty.hu\/#website\"},\"primaryImageOfPage\":{\"@id\":\"http:\/\/jadebeauty.hu\/?product=yamuna-for-him-masszazsolaj-1000-ml#primaryimage\"},\"datePublished\":\"2019-04-06T19:43:55+00:00\",\"dateModified\":\"2025-07-03T20:16:45+00:00\",\"breadcrumb\":{\"@id\":\"http:\/\/jadebeauty.hu\/?product=yamuna-for-him-masszazsolaj-1000-ml#breadcrumb\"},\"inLanguage\":\"hu\",\"potentialAction\":[{\"@type\":\"ReadAction\",\"target\":[\"http:\/\/jadebeauty.hu\/?product=yamuna-for-him-masszazsolaj-1000-ml\"]}]},{\"@type\":\"BreadcrumbList\",\"@id\":\"http:\/\/jadebeauty.hu\/?product=yamuna-for-him-masszazsolaj-1000-ml#breadcrumb\",\"itemListElement\":[{\"@type\":\"ListItem\",\"position\":1,\"name\":\"Home\",\"item\":\"http:\/\/jadebeauty.hu\/\"},{\"@type\":\"ListItem\",\"position\":2,\"name\":\"\\u00dczlet\",\"item\":\"http:\/\/jadebeauty.hu\/?page_id=4\"},{\"@type\":\"ListItem\",\"position\":3,\"name\":\"Yamuna For Him Massz\\u00e1zsolaj 1000 ml\"}]}]}<\/script>\n<!-- \/ Yoast SEO plugin. -->","yoast_head_json":{"title":"Yamuna For Him Massz\u00e1zsolaj 1000 ml - Emspoma webshop","robots":{"index":"index","follow":"follow","max-snippet":"max-snippet:-1","max-image-preview":"max-image-preview:large","max-video-preview":"max-video-preview:-1"},"canonical":"http:\/\/jadebeauty.hu\/?product=yamuna-for-him-masszazsolaj-1000-ml","og_locale":"hu_HU","og_type":"article","og_title":"Yamuna For Him Massz\u00e1zsolaj 1000 ml - Emspoma webshop","og_description":"Hossz\u00fa \u00e9s f\u00e1raszt\u00f3 nap ut\u00e1n elf\u00e1radt, laz\u00edtani k\u00edv\u00e1n\u00f3 f\u00e9rfiaknak. Kellemesen f\u00e9rfias illat\u00fa n\u00f6v\u00e9nyi alap\u00fa massz\u00e1zsolaj, mely parab\u00e9nt \u00e9s mesters\u00e9ges sz\u00ednez\u0151anyagokat nem tartalmaz.","og_url":"http:\/\/jadebeauty.hu\/?product=yamuna-for-him-masszazsolaj-1000-ml","og_site_name":"Emspoma webshop","article_publisher":"https:\/\/www.facebook.com\/masszazsbirodalom\/","article_modified_time":"2025-07-03T20:16:45+00:00","og_image":[{"width":300,"height":300,"url":"http:\/\/jadebeauty.hu\/wp-content\/uploads\/2019\/04\/Yamuna-for-him-massz\u00e1zsolaj-1000ml.jpg","type":"image\/jpeg"}],"twitter_card":"summary","twitter_site":"@masszazs_bir","schema":{"@context":"https:\/\/schema.org","@graph":[{"@type":"WebSite","@id":"http:\/\/jadebeauty.hu\/#website","url":"http:\/\/jadebeauty.hu\/","name":"Emspoma webshop","description":"","potentialAction":[{"@type":"SearchAction","target":{"@type":"EntryPoint","urlTemplate":"http:\/\/jadebeauty.hu\/?s={search_term_string}"},"query-input":"required name=search_term_string"}],"inLanguage":"hu"},{"@type":"ImageObject","@id":"http:\/\/jadebeauty.hu\/?product=yamuna-for-him-masszazsolaj-1000-ml#primaryimage","inLanguage":"hu","url":"http:\/\/jadebeauty.hu\/wp-content\/uploads\/2019\/04\/Yamuna-for-him-massz\u00e1zsolaj-1000ml.jpg","contentUrl":"http:\/\/jadebeauty.hu\/wp-content\/uploads\/2019\/04\/Yamuna-for-him-massz\u00e1zsolaj-1000ml.jpg","width":300,"height":300,"caption":"Yamuna for him massz\u00e1zsolaj 1000ml"},{"@type":"WebPage","@id":"http:\/\/jadebeauty.hu\/?product=yamuna-for-him-masszazsolaj-1000-ml#webpage","url":"http:\/\/jadebeauty.hu\/?product=yamuna-for-him-masszazsolaj-1000-ml","name":"Yamuna For Him Massz\u00e1zsolaj 1000 ml - Emspoma webshop","isPartOf":{"@id":"http:\/\/jadebeauty.hu\/#website"},"primaryImageOfPage":{"@id":"http:\/\/jadebeauty.hu\/?product=yamuna-for-him-masszazsolaj-1000-ml#primaryimage"},"datePublished":"2019-04-06T19:43:55+00:00","dateModified":"2025-07-03T20:16:45+00:00","breadcrumb":{"@id":"http:\/\/jadebeauty.hu\/?product=yamuna-for-him-masszazsolaj-1000-ml#breadcrumb"},"inLanguage":"hu","potentialAction":[{"@type":"ReadAction","target":["http:\/\/jadebeauty.hu\/?product=yamuna-for-him-masszazsolaj-1000-ml"]}]},{"@type":"BreadcrumbList","@id":"http:\/\/jadebeauty.hu\/?product=yamuna-for-him-masszazsolaj-1000-ml#breadcrumb","itemListElement":[{"@type":"ListItem","position":1,"name":"Home","item":"http:\/\/jadebeauty.hu\/"},{"@type":"ListItem","position":2,"name":"\u00dczlet","item":"http:\/\/jadebeauty.hu\/?page_id=4"},{"@type":"ListItem","position":3,"name":"Yamuna For Him Massz\u00e1zsolaj 1000 ml"}]}]}},"_links":{"self":[{"href":"http:\/\/jadebeauty.hu\/index.php?rest_route=\/wp\/v2\/product\/1844"}],"collection":[{"href":"http:\/\/jadebeauty.hu\/index.php?rest_route=\/wp\/v2\/product"}],"about":[{"href":"http:\/\/jadebeauty.hu\/index.php?rest_route=\/wp\/v2\/types\/product"}],"wp:featuredmedia":[{"embeddable":true,"href":"http:\/\/jadebeauty.hu\/index.php?rest_route=\/wp\/v2\/media\/1845"}],"wp:attachment":[{"href":"http:\/\/jadebeauty.hu\/index.php?rest_route=%2Fwp%2Fv2%2Fmedia&parent=1844"}],"wp:term":[{"taxonomy":"product_cat","embeddable":true,"href":"http:\/\/jadebeauty.hu\/index.php?rest_route=%2Fwp%2Fv2%2Fproduct_cat&post=1844"},{"taxonomy":"product_tag","embeddable":true,"href":"http:\/\/jadebeauty.hu\/index.php?rest_route=%2Fwp%2Fv2%2Fproduct_tag&post=1844"}],"curies":[{"name":"wp","href":"https:\/\/api.w.org\/{rel}","templated":true}]}}