{"id":2573,"date":"2021-03-14T20:48:42","date_gmt":"2021-03-14T20:48:42","guid":{"rendered":"http:\/\/jadebeauty.hu\/?post_type=product&#038;p=2573"},"modified":"2025-06-21T17:48:16","modified_gmt":"2025-06-21T17:48:16","slug":"spa-spirit-wellness-aloe-vera-regeneralo-masszazsolaj-1000ml","status":"publish","type":"product","link":"http:\/\/jadebeauty.hu\/?product=spa-spirit-wellness-aloe-vera-regeneralo-masszazsolaj-1000ml","title":{"rendered":"Spa spirit wellness aloe vera regener\u00e1l\u00f3 massz\u00e1zsolaj 1000ml"},"content":{"rendered":"","protected":false},"excerpt":{"rendered":"<p>Aloe vera kivonattal sejtmeg\u00faj\u00edt\u00f3, intenz\u00edv regener\u00e1l\u00f3 hat\u00e1ssal.<\/p>\n<p>Vitaminokban, \u00e1sv\u00e1nyi anyagokban, aminosavakban \u00e9s enzimekben gazdag aloe vera kivonatot tartalmaz\u00f3, hidrat\u00e1l\u00f3 \u00e9s nyugtat\u00f3 hat\u00e1s\u00fa massz\u00e1zsolaj.<br \/>\nA tapasztalatok szerint enyh\u00edti a viszket\u00e9st, gyors\u00edtja a sebgy\u00f3gyul\u00e1st. Intenz\u00edven regener\u00e1lja, t\u00e1pl\u00e1lja a b\u0151rt, er\u0151s\u00edti annak term\u00e9szetes v\u00e9dekez\u0151k\u00e9pess\u00e9g\u00e9t, el\u0151seg\u00edti a sejtmeg\u00fajul\u00e1st.<br \/>\nAlkalmazhat\u00f3 b\u0151rprobl\u00e9m\u00e1k, irrit\u00e1ci\u00f3 \u00e9s nap\u00e9g\u00e9s t\u00fcneteinek enyh\u00edt\u00e9s\u00e9re is.<br \/>\nB\u00e1rsonyosan puha, selymes tapint\u00e1st k\u00f6lcs\u00f6n\u00f6z a b\u0151rnek.<\/p>\n<p>Haszn\u00e1lati javaslat: massz\u00e1zs mozdulatokkal massz\u00edrozzuk az olajjal a kezelni<br \/>\nk\u00edv\u00e1nt testfel\u00fcletet. Arc \u00e9s testmassz\u00e1zshoz egyar\u00e1nt aj\u00e1nlott.<\/p>\n","protected":false},"featured_media":2574,"template":"","meta":[],"product_cat":[6,61,92],"product_tag":[],"yoast_head":"<!-- This site is optimized with the Yoast SEO plugin v17.4 - https:\/\/yoast.com\/wordpress\/plugins\/seo\/ -->\n<title>Spa spirit wellness aloe vera regener\u00e1l\u00f3 massz\u00e1zsolaj 1000ml - Emspoma webshop<\/title>\n<meta name=\"robots\" content=\"index, follow, max-snippet:-1, max-image-preview:large, max-video-preview:-1\" \/>\n<link rel=\"canonical\" href=\"http:\/\/jadebeauty.hu\/?product=spa-spirit-wellness-aloe-vera-regeneralo-masszazsolaj-1000ml\" \/>\n<meta property=\"og:locale\" content=\"hu_HU\" \/>\n<meta property=\"og:type\" content=\"article\" \/>\n<meta property=\"og:title\" content=\"Spa spirit wellness aloe vera regener\u00e1l\u00f3 massz\u00e1zsolaj 1000ml - Emspoma webshop\" \/>\n<meta property=\"og:description\" content=\"Aloe vera kivonattal sejtmeg\u00faj\u00edt\u00f3, intenz\u00edv regener\u00e1l\u00f3 hat\u00e1ssal.  Vitaminokban, \u00e1sv\u00e1nyi anyagokban, aminosavakban \u00e9s enzimekben gazdag aloe vera kivonatot tartalmaz\u00f3, hidrat\u00e1l\u00f3 \u00e9s nyugtat\u00f3 hat\u00e1s\u00fa massz\u00e1zsolaj. A tapasztalatok szerint enyh\u00edti a viszket\u00e9st, gyors\u00edtja a sebgy\u00f3gyul\u00e1st. Intenz\u00edven regener\u00e1lja, t\u00e1pl\u00e1lja a b\u0151rt, er\u0151s\u00edti annak term\u00e9szetes v\u00e9dekez\u0151k\u00e9pess\u00e9g\u00e9t, el\u0151seg\u00edti a sejtmeg\u00fajul\u00e1st. Alkalmazhat\u00f3 b\u0151rprobl\u00e9m\u00e1k, irrit\u00e1ci\u00f3 \u00e9s nap\u00e9g\u00e9s t\u00fcneteinek enyh\u00edt\u00e9s\u00e9re is. B\u00e1rsonyosan puha, selymes tapint\u00e1st k\u00f6lcs\u00f6n\u00f6z a b\u0151rnek.  Haszn\u00e1lati javaslat: massz\u00e1zs mozdulatokkal massz\u00edrozzuk az olajjal a kezelni k\u00edv\u00e1nt testfel\u00fcletet. Arc \u00e9s testmassz\u00e1zshoz egyar\u00e1nt aj\u00e1nlott.\" \/>\n<meta property=\"og:url\" content=\"http:\/\/jadebeauty.hu\/?product=spa-spirit-wellness-aloe-vera-regeneralo-masszazsolaj-1000ml\" \/>\n<meta property=\"og:site_name\" content=\"Emspoma webshop\" \/>\n<meta property=\"article:publisher\" content=\"https:\/\/www.facebook.com\/masszazsbirodalom\/\" \/>\n<meta property=\"article:modified_time\" content=\"2025-06-21T17:48:16+00:00\" \/>\n<meta property=\"og:image\" content=\"http:\/\/jadebeauty.hu\/wp-content\/uploads\/2021\/03\/Spa-spirit-wellness-aloe-vera-regener\u00e1l\u00f3-massz\u00e1zsolaj-1000ml.jpg\" \/>\n\t<meta property=\"og:image:width\" content=\"400\" \/>\n\t<meta property=\"og:image:height\" content=\"400\" \/>\n<meta name=\"twitter:card\" content=\"summary\" \/>\n<meta name=\"twitter:site\" content=\"@masszazs_bir\" \/>\n<script type=\"application\/ld+json\" class=\"yoast-schema-graph\">{\"@context\":\"https:\/\/schema.org\",\"@graph\":[{\"@type\":\"WebSite\",\"@id\":\"http:\/\/jadebeauty.hu\/#website\",\"url\":\"http:\/\/jadebeauty.hu\/\",\"name\":\"Emspoma webshop\",\"description\":\"\",\"potentialAction\":[{\"@type\":\"SearchAction\",\"target\":{\"@type\":\"EntryPoint\",\"urlTemplate\":\"http:\/\/jadebeauty.hu\/?s={search_term_string}\"},\"query-input\":\"required name=search_term_string\"}],\"inLanguage\":\"hu\"},{\"@type\":\"ImageObject\",\"@id\":\"http:\/\/jadebeauty.hu\/?product=spa-spirit-wellness-aloe-vera-regeneralo-masszazsolaj-1000ml#primaryimage\",\"inLanguage\":\"hu\",\"url\":\"http:\/\/jadebeauty.hu\/wp-content\/uploads\/2021\/03\/Spa-spirit-wellness-aloe-vera-regener\\u00e1l\\u00f3-massz\\u00e1zsolaj-1000ml.jpg\",\"contentUrl\":\"http:\/\/jadebeauty.hu\/wp-content\/uploads\/2021\/03\/Spa-spirit-wellness-aloe-vera-regener\\u00e1l\\u00f3-massz\\u00e1zsolaj-1000ml.jpg\",\"width\":400,\"height\":400,\"caption\":\"Spa spirit wellness aloe vera regener\\u00e1l\\u00f3 massz\\u00e1zsolaj 1000ml\"},{\"@type\":\"WebPage\",\"@id\":\"http:\/\/jadebeauty.hu\/?product=spa-spirit-wellness-aloe-vera-regeneralo-masszazsolaj-1000ml#webpage\",\"url\":\"http:\/\/jadebeauty.hu\/?product=spa-spirit-wellness-aloe-vera-regeneralo-masszazsolaj-1000ml\",\"name\":\"Spa spirit wellness aloe vera regener\\u00e1l\\u00f3 massz\\u00e1zsolaj 1000ml - Emspoma webshop\",\"isPartOf\":{\"@id\":\"http:\/\/jadebeauty.hu\/#website\"},\"primaryImageOfPage\":{\"@id\":\"http:\/\/jadebeauty.hu\/?product=spa-spirit-wellness-aloe-vera-regeneralo-masszazsolaj-1000ml#primaryimage\"},\"datePublished\":\"2021-03-14T20:48:42+00:00\",\"dateModified\":\"2025-06-21T17:48:16+00:00\",\"breadcrumb\":{\"@id\":\"http:\/\/jadebeauty.hu\/?product=spa-spirit-wellness-aloe-vera-regeneralo-masszazsolaj-1000ml#breadcrumb\"},\"inLanguage\":\"hu\",\"potentialAction\":[{\"@type\":\"ReadAction\",\"target\":[\"http:\/\/jadebeauty.hu\/?product=spa-spirit-wellness-aloe-vera-regeneralo-masszazsolaj-1000ml\"]}]},{\"@type\":\"BreadcrumbList\",\"@id\":\"http:\/\/jadebeauty.hu\/?product=spa-spirit-wellness-aloe-vera-regeneralo-masszazsolaj-1000ml#breadcrumb\",\"itemListElement\":[{\"@type\":\"ListItem\",\"position\":1,\"name\":\"Home\",\"item\":\"http:\/\/jadebeauty.hu\/\"},{\"@type\":\"ListItem\",\"position\":2,\"name\":\"\\u00dczlet\",\"item\":\"http:\/\/jadebeauty.hu\/?page_id=4\"},{\"@type\":\"ListItem\",\"position\":3,\"name\":\"Spa spirit wellness aloe vera regener\\u00e1l\\u00f3 massz\\u00e1zsolaj 1000ml\"}]}]}<\/script>\n<!-- \/ Yoast SEO plugin. -->","yoast_head_json":{"title":"Spa spirit wellness aloe vera regener\u00e1l\u00f3 massz\u00e1zsolaj 1000ml - Emspoma webshop","robots":{"index":"index","follow":"follow","max-snippet":"max-snippet:-1","max-image-preview":"max-image-preview:large","max-video-preview":"max-video-preview:-1"},"canonical":"http:\/\/jadebeauty.hu\/?product=spa-spirit-wellness-aloe-vera-regeneralo-masszazsolaj-1000ml","og_locale":"hu_HU","og_type":"article","og_title":"Spa spirit wellness aloe vera regener\u00e1l\u00f3 massz\u00e1zsolaj 1000ml - Emspoma webshop","og_description":"Aloe vera kivonattal sejtmeg\u00faj\u00edt\u00f3, intenz\u00edv regener\u00e1l\u00f3 hat\u00e1ssal.  Vitaminokban, \u00e1sv\u00e1nyi anyagokban, aminosavakban \u00e9s enzimekben gazdag aloe vera kivonatot tartalmaz\u00f3, hidrat\u00e1l\u00f3 \u00e9s nyugtat\u00f3 hat\u00e1s\u00fa massz\u00e1zsolaj. A tapasztalatok szerint enyh\u00edti a viszket\u00e9st, gyors\u00edtja a sebgy\u00f3gyul\u00e1st. Intenz\u00edven regener\u00e1lja, t\u00e1pl\u00e1lja a b\u0151rt, er\u0151s\u00edti annak term\u00e9szetes v\u00e9dekez\u0151k\u00e9pess\u00e9g\u00e9t, el\u0151seg\u00edti a sejtmeg\u00fajul\u00e1st. Alkalmazhat\u00f3 b\u0151rprobl\u00e9m\u00e1k, irrit\u00e1ci\u00f3 \u00e9s nap\u00e9g\u00e9s t\u00fcneteinek enyh\u00edt\u00e9s\u00e9re is. B\u00e1rsonyosan puha, selymes tapint\u00e1st k\u00f6lcs\u00f6n\u00f6z a b\u0151rnek.  Haszn\u00e1lati javaslat: massz\u00e1zs mozdulatokkal massz\u00edrozzuk az olajjal a kezelni k\u00edv\u00e1nt testfel\u00fcletet. Arc \u00e9s testmassz\u00e1zshoz egyar\u00e1nt aj\u00e1nlott.","og_url":"http:\/\/jadebeauty.hu\/?product=spa-spirit-wellness-aloe-vera-regeneralo-masszazsolaj-1000ml","og_site_name":"Emspoma webshop","article_publisher":"https:\/\/www.facebook.com\/masszazsbirodalom\/","article_modified_time":"2025-06-21T17:48:16+00:00","og_image":[{"width":400,"height":400,"url":"http:\/\/jadebeauty.hu\/wp-content\/uploads\/2021\/03\/Spa-spirit-wellness-aloe-vera-regener\u00e1l\u00f3-massz\u00e1zsolaj-1000ml.jpg","type":"image\/jpeg"}],"twitter_card":"summary","twitter_site":"@masszazs_bir","schema":{"@context":"https:\/\/schema.org","@graph":[{"@type":"WebSite","@id":"http:\/\/jadebeauty.hu\/#website","url":"http:\/\/jadebeauty.hu\/","name":"Emspoma webshop","description":"","potentialAction":[{"@type":"SearchAction","target":{"@type":"EntryPoint","urlTemplate":"http:\/\/jadebeauty.hu\/?s={search_term_string}"},"query-input":"required name=search_term_string"}],"inLanguage":"hu"},{"@type":"ImageObject","@id":"http:\/\/jadebeauty.hu\/?product=spa-spirit-wellness-aloe-vera-regeneralo-masszazsolaj-1000ml#primaryimage","inLanguage":"hu","url":"http:\/\/jadebeauty.hu\/wp-content\/uploads\/2021\/03\/Spa-spirit-wellness-aloe-vera-regener\u00e1l\u00f3-massz\u00e1zsolaj-1000ml.jpg","contentUrl":"http:\/\/jadebeauty.hu\/wp-content\/uploads\/2021\/03\/Spa-spirit-wellness-aloe-vera-regener\u00e1l\u00f3-massz\u00e1zsolaj-1000ml.jpg","width":400,"height":400,"caption":"Spa spirit wellness aloe vera regener\u00e1l\u00f3 massz\u00e1zsolaj 1000ml"},{"@type":"WebPage","@id":"http:\/\/jadebeauty.hu\/?product=spa-spirit-wellness-aloe-vera-regeneralo-masszazsolaj-1000ml#webpage","url":"http:\/\/jadebeauty.hu\/?product=spa-spirit-wellness-aloe-vera-regeneralo-masszazsolaj-1000ml","name":"Spa spirit wellness aloe vera regener\u00e1l\u00f3 massz\u00e1zsolaj 1000ml - Emspoma webshop","isPartOf":{"@id":"http:\/\/jadebeauty.hu\/#website"},"primaryImageOfPage":{"@id":"http:\/\/jadebeauty.hu\/?product=spa-spirit-wellness-aloe-vera-regeneralo-masszazsolaj-1000ml#primaryimage"},"datePublished":"2021-03-14T20:48:42+00:00","dateModified":"2025-06-21T17:48:16+00:00","breadcrumb":{"@id":"http:\/\/jadebeauty.hu\/?product=spa-spirit-wellness-aloe-vera-regeneralo-masszazsolaj-1000ml#breadcrumb"},"inLanguage":"hu","potentialAction":[{"@type":"ReadAction","target":["http:\/\/jadebeauty.hu\/?product=spa-spirit-wellness-aloe-vera-regeneralo-masszazsolaj-1000ml"]}]},{"@type":"BreadcrumbList","@id":"http:\/\/jadebeauty.hu\/?product=spa-spirit-wellness-aloe-vera-regeneralo-masszazsolaj-1000ml#breadcrumb","itemListElement":[{"@type":"ListItem","position":1,"name":"Home","item":"http:\/\/jadebeauty.hu\/"},{"@type":"ListItem","position":2,"name":"\u00dczlet","item":"http:\/\/jadebeauty.hu\/?page_id=4"},{"@type":"ListItem","position":3,"name":"Spa spirit wellness aloe vera regener\u00e1l\u00f3 massz\u00e1zsolaj 1000ml"}]}]}},"_links":{"self":[{"href":"http:\/\/jadebeauty.hu\/index.php?rest_route=\/wp\/v2\/product\/2573"}],"collection":[{"href":"http:\/\/jadebeauty.hu\/index.php?rest_route=\/wp\/v2\/product"}],"about":[{"href":"http:\/\/jadebeauty.hu\/index.php?rest_route=\/wp\/v2\/types\/product"}],"wp:featuredmedia":[{"embeddable":true,"href":"http:\/\/jadebeauty.hu\/index.php?rest_route=\/wp\/v2\/media\/2574"}],"wp:attachment":[{"href":"http:\/\/jadebeauty.hu\/index.php?rest_route=%2Fwp%2Fv2%2Fmedia&parent=2573"}],"wp:term":[{"taxonomy":"product_cat","embeddable":true,"href":"http:\/\/jadebeauty.hu\/index.php?rest_route=%2Fwp%2Fv2%2Fproduct_cat&post=2573"},{"taxonomy":"product_tag","embeddable":true,"href":"http:\/\/jadebeauty.hu\/index.php?rest_route=%2Fwp%2Fv2%2Fproduct_tag&post=2573"}],"curies":[{"name":"wp","href":"https:\/\/api.w.org\/{rel}","templated":true}]}}