{"id":663,"date":"2016-07-09T12:28:55","date_gmt":"2016-07-09T12:28:55","guid":{"rendered":"http:\/\/jadebeauty.hu\/?post_type=product&#038;p=663"},"modified":"2022-09-10T20:58:58","modified_gmt":"2022-09-10T20:58:58","slug":"body-complex-slim-contour-thermo-active-hot-gel-500-ml","status":"publish","type":"product","link":"http:\/\/jadebeauty.hu\/?product=body-complex-slim-contour-thermo-active-hot-gel-500-ml","title":{"rendered":"Lady STELLA Bodycomplex Slim Contour Hot G\u00e9l 500 ml"},"content":{"rendered":"","protected":false},"excerpt":{"rendered":"<p>Meleg\u00edt\u0151 hat\u00e1s\u00fa g\u00e9l, a kar, has, comb \u00e9s fen\u00e9k ter\u00fcletein jelentkez\u0151 cellulit okozta eszt\u00e9tikai probl\u00e9m\u00e1k megel\u0151z\u00e9s\u00e9re, hat\u00e9kony kezel\u00e9s\u00e9re.H\u0151fejleszt\u0151 hat\u00e1sa r\u00e9v\u00e9n helyi v\u00e9rb\u0151s\u00e9get okozva serkenti a mikrokering\u00e9st,el\u0151seg\u00edtve a lerak\u00f3dott zs\u00edr, a pang\u00f3 folyad\u00e9k \u00e9s a salakanyagok ki\u00fcr\u00edt\u00e9s\u00e9t.Megel\u0151zi az \u00fajabb folyad\u00e9k \u00e9s zs\u00edrlerak\u00f3d\u00e1sok k\u00e9pz\u0151d\u00e9s\u00e9t, jav\u00edtja a cellulit okozta b\u0151rprobl\u00e9m\u00e1kat, zs\u00edr\u00e9get\u0151 hat\u00e1s\u00fa. Illat- \u00e9s sz\u00ednez\u0151anyagot nem tartalmaz.<\/p>\n","protected":false},"featured_media":2515,"template":"","meta":[],"product_cat":[61,37,92],"product_tag":[95,96,89,97,98,99,100,101,102,103],"yoast_head":"<!-- This site is optimized with the Yoast SEO plugin v17.4 - https:\/\/yoast.com\/wordpress\/plugins\/seo\/ -->\n<title>Lady STELLA Bodycomplex Slim Contour Hot G\u00e9l 500 ml - Emspoma webshop<\/title>\n<meta name=\"robots\" content=\"index, follow, max-snippet:-1, max-image-preview:large, max-video-preview:-1\" \/>\n<link rel=\"canonical\" href=\"http:\/\/jadebeauty.hu\/?product=body-complex-slim-contour-thermo-active-hot-gel-500-ml\" \/>\n<meta property=\"og:locale\" content=\"hu_HU\" \/>\n<meta property=\"og:type\" content=\"article\" \/>\n<meta property=\"og:title\" content=\"Lady STELLA Bodycomplex Slim Contour Hot G\u00e9l 500 ml - Emspoma webshop\" \/>\n<meta property=\"og:description\" content=\"Meleg\u00edt\u0151 hat\u00e1s\u00fa g\u00e9l, a kar, has, comb \u00e9s fen\u00e9k ter\u00fcletein jelentkez\u0151 cellulit okozta eszt\u00e9tikai probl\u00e9m\u00e1k megel\u0151z\u00e9s\u00e9re, hat\u00e9kony kezel\u00e9s\u00e9re.H\u0151fejleszt\u0151 hat\u00e1sa r\u00e9v\u00e9n helyi v\u00e9rb\u0151s\u00e9get okozva serkenti a mikrokering\u00e9st,el\u0151seg\u00edtve a lerak\u00f3dott zs\u00edr, a pang\u00f3 folyad\u00e9k \u00e9s a salakanyagok ki\u00fcr\u00edt\u00e9s\u00e9t.Megel\u0151zi az \u00fajabb folyad\u00e9k \u00e9s zs\u00edrlerak\u00f3d\u00e1sok k\u00e9pz\u0151d\u00e9s\u00e9t, jav\u00edtja a cellulit okozta b\u0151rprobl\u00e9m\u00e1kat, zs\u00edr\u00e9get\u0151 hat\u00e1s\u00fa. Illat- \u00e9s sz\u00ednez\u0151anyagot nem tartalmaz.\" \/>\n<meta property=\"og:url\" content=\"http:\/\/jadebeauty.hu\/?product=body-complex-slim-contour-thermo-active-hot-gel-500-ml\" \/>\n<meta property=\"og:site_name\" content=\"Emspoma webshop\" \/>\n<meta property=\"article:publisher\" content=\"https:\/\/www.facebook.com\/masszazsbirodalom\/\" \/>\n<meta property=\"article:modified_time\" content=\"2022-09-10T20:58:58+00:00\" \/>\n<meta property=\"og:image\" content=\"https:\/\/jadebeauty.hu\/wp-content\/uploads\/2016\/07\/Body-Complex-Slim-Contour-Thermo-active-hot-g\u00e9l-500-ml.jpg\" \/>\n\t<meta property=\"og:image:width\" content=\"400\" \/>\n\t<meta property=\"og:image:height\" content=\"400\" \/>\n<meta name=\"twitter:card\" content=\"summary\" \/>\n<meta name=\"twitter:site\" content=\"@masszazs_bir\" \/>\n<script type=\"application\/ld+json\" class=\"yoast-schema-graph\">{\"@context\":\"https:\/\/schema.org\",\"@graph\":[{\"@type\":\"WebSite\",\"@id\":\"http:\/\/jadebeauty.hu\/#website\",\"url\":\"http:\/\/jadebeauty.hu\/\",\"name\":\"Emspoma webshop\",\"description\":\"\",\"potentialAction\":[{\"@type\":\"SearchAction\",\"target\":{\"@type\":\"EntryPoint\",\"urlTemplate\":\"http:\/\/jadebeauty.hu\/?s={search_term_string}\"},\"query-input\":\"required name=search_term_string\"}],\"inLanguage\":\"hu\"},{\"@type\":\"ImageObject\",\"@id\":\"http:\/\/jadebeauty.hu\/?product=body-complex-slim-contour-thermo-active-hot-gel-500-ml#primaryimage\",\"inLanguage\":\"hu\",\"url\":\"http:\/\/jadebeauty.hu\/wp-content\/uploads\/2016\/07\/Body-Complex-Slim-Contour-Thermo-active-hot-g\\u00e9l-500-ml.jpg\",\"contentUrl\":\"http:\/\/jadebeauty.hu\/wp-content\/uploads\/2016\/07\/Body-Complex-Slim-Contour-Thermo-active-hot-g\\u00e9l-500-ml.jpg\",\"width\":400,\"height\":400,\"caption\":\"Body Complex Slim Contour Thermo active hot g\\u00e9l 500 ml\"},{\"@type\":\"WebPage\",\"@id\":\"http:\/\/jadebeauty.hu\/?product=body-complex-slim-contour-thermo-active-hot-gel-500-ml#webpage\",\"url\":\"http:\/\/jadebeauty.hu\/?product=body-complex-slim-contour-thermo-active-hot-gel-500-ml\",\"name\":\"Lady STELLA Bodycomplex Slim Contour Hot G\\u00e9l 500 ml - Emspoma webshop\",\"isPartOf\":{\"@id\":\"http:\/\/jadebeauty.hu\/#website\"},\"primaryImageOfPage\":{\"@id\":\"http:\/\/jadebeauty.hu\/?product=body-complex-slim-contour-thermo-active-hot-gel-500-ml#primaryimage\"},\"datePublished\":\"2016-07-09T12:28:55+00:00\",\"dateModified\":\"2022-09-10T20:58:58+00:00\",\"breadcrumb\":{\"@id\":\"http:\/\/jadebeauty.hu\/?product=body-complex-slim-contour-thermo-active-hot-gel-500-ml#breadcrumb\"},\"inLanguage\":\"hu\",\"potentialAction\":[{\"@type\":\"ReadAction\",\"target\":[\"http:\/\/jadebeauty.hu\/?product=body-complex-slim-contour-thermo-active-hot-gel-500-ml\"]}]},{\"@type\":\"BreadcrumbList\",\"@id\":\"http:\/\/jadebeauty.hu\/?product=body-complex-slim-contour-thermo-active-hot-gel-500-ml#breadcrumb\",\"itemListElement\":[{\"@type\":\"ListItem\",\"position\":1,\"name\":\"Home\",\"item\":\"http:\/\/jadebeauty.hu\/\"},{\"@type\":\"ListItem\",\"position\":2,\"name\":\"\\u00dczlet\",\"item\":\"http:\/\/jadebeauty.hu\/?page_id=4\"},{\"@type\":\"ListItem\",\"position\":3,\"name\":\"Lady STELLA Bodycomplex Slim Contour Hot G\\u00e9l 500 ml\"}]}]}<\/script>\n<!-- \/ Yoast SEO plugin. -->","yoast_head_json":{"title":"Lady STELLA Bodycomplex Slim Contour Hot G\u00e9l 500 ml - Emspoma webshop","robots":{"index":"index","follow":"follow","max-snippet":"max-snippet:-1","max-image-preview":"max-image-preview:large","max-video-preview":"max-video-preview:-1"},"canonical":"http:\/\/jadebeauty.hu\/?product=body-complex-slim-contour-thermo-active-hot-gel-500-ml","og_locale":"hu_HU","og_type":"article","og_title":"Lady STELLA Bodycomplex Slim Contour Hot G\u00e9l 500 ml - Emspoma webshop","og_description":"Meleg\u00edt\u0151 hat\u00e1s\u00fa g\u00e9l, a kar, has, comb \u00e9s fen\u00e9k ter\u00fcletein jelentkez\u0151 cellulit okozta eszt\u00e9tikai probl\u00e9m\u00e1k megel\u0151z\u00e9s\u00e9re, hat\u00e9kony kezel\u00e9s\u00e9re.H\u0151fejleszt\u0151 hat\u00e1sa r\u00e9v\u00e9n helyi v\u00e9rb\u0151s\u00e9get okozva serkenti a mikrokering\u00e9st,el\u0151seg\u00edtve a lerak\u00f3dott zs\u00edr, a pang\u00f3 folyad\u00e9k \u00e9s a salakanyagok ki\u00fcr\u00edt\u00e9s\u00e9t.Megel\u0151zi az \u00fajabb folyad\u00e9k \u00e9s zs\u00edrlerak\u00f3d\u00e1sok k\u00e9pz\u0151d\u00e9s\u00e9t, jav\u00edtja a cellulit okozta b\u0151rprobl\u00e9m\u00e1kat, zs\u00edr\u00e9get\u0151 hat\u00e1s\u00fa. Illat- \u00e9s sz\u00ednez\u0151anyagot nem tartalmaz.","og_url":"http:\/\/jadebeauty.hu\/?product=body-complex-slim-contour-thermo-active-hot-gel-500-ml","og_site_name":"Emspoma webshop","article_publisher":"https:\/\/www.facebook.com\/masszazsbirodalom\/","article_modified_time":"2022-09-10T20:58:58+00:00","og_image":[{"width":400,"height":400,"url":"https:\/\/jadebeauty.hu\/wp-content\/uploads\/2016\/07\/Body-Complex-Slim-Contour-Thermo-active-hot-g\u00e9l-500-ml.jpg","type":"image\/jpeg"}],"twitter_card":"summary","twitter_site":"@masszazs_bir","schema":{"@context":"https:\/\/schema.org","@graph":[{"@type":"WebSite","@id":"http:\/\/jadebeauty.hu\/#website","url":"http:\/\/jadebeauty.hu\/","name":"Emspoma webshop","description":"","potentialAction":[{"@type":"SearchAction","target":{"@type":"EntryPoint","urlTemplate":"http:\/\/jadebeauty.hu\/?s={search_term_string}"},"query-input":"required name=search_term_string"}],"inLanguage":"hu"},{"@type":"ImageObject","@id":"http:\/\/jadebeauty.hu\/?product=body-complex-slim-contour-thermo-active-hot-gel-500-ml#primaryimage","inLanguage":"hu","url":"http:\/\/jadebeauty.hu\/wp-content\/uploads\/2016\/07\/Body-Complex-Slim-Contour-Thermo-active-hot-g\u00e9l-500-ml.jpg","contentUrl":"http:\/\/jadebeauty.hu\/wp-content\/uploads\/2016\/07\/Body-Complex-Slim-Contour-Thermo-active-hot-g\u00e9l-500-ml.jpg","width":400,"height":400,"caption":"Body Complex Slim Contour Thermo active hot g\u00e9l 500 ml"},{"@type":"WebPage","@id":"http:\/\/jadebeauty.hu\/?product=body-complex-slim-contour-thermo-active-hot-gel-500-ml#webpage","url":"http:\/\/jadebeauty.hu\/?product=body-complex-slim-contour-thermo-active-hot-gel-500-ml","name":"Lady STELLA Bodycomplex Slim Contour Hot G\u00e9l 500 ml - Emspoma webshop","isPartOf":{"@id":"http:\/\/jadebeauty.hu\/#website"},"primaryImageOfPage":{"@id":"http:\/\/jadebeauty.hu\/?product=body-complex-slim-contour-thermo-active-hot-gel-500-ml#primaryimage"},"datePublished":"2016-07-09T12:28:55+00:00","dateModified":"2022-09-10T20:58:58+00:00","breadcrumb":{"@id":"http:\/\/jadebeauty.hu\/?product=body-complex-slim-contour-thermo-active-hot-gel-500-ml#breadcrumb"},"inLanguage":"hu","potentialAction":[{"@type":"ReadAction","target":["http:\/\/jadebeauty.hu\/?product=body-complex-slim-contour-thermo-active-hot-gel-500-ml"]}]},{"@type":"BreadcrumbList","@id":"http:\/\/jadebeauty.hu\/?product=body-complex-slim-contour-thermo-active-hot-gel-500-ml#breadcrumb","itemListElement":[{"@type":"ListItem","position":1,"name":"Home","item":"http:\/\/jadebeauty.hu\/"},{"@type":"ListItem","position":2,"name":"\u00dczlet","item":"http:\/\/jadebeauty.hu\/?page_id=4"},{"@type":"ListItem","position":3,"name":"Lady STELLA Bodycomplex Slim Contour Hot G\u00e9l 500 ml"}]}]}},"_links":{"self":[{"href":"http:\/\/jadebeauty.hu\/index.php?rest_route=\/wp\/v2\/product\/663"}],"collection":[{"href":"http:\/\/jadebeauty.hu\/index.php?rest_route=\/wp\/v2\/product"}],"about":[{"href":"http:\/\/jadebeauty.hu\/index.php?rest_route=\/wp\/v2\/types\/product"}],"wp:featuredmedia":[{"embeddable":true,"href":"http:\/\/jadebeauty.hu\/index.php?rest_route=\/wp\/v2\/media\/2515"}],"wp:attachment":[{"href":"http:\/\/jadebeauty.hu\/index.php?rest_route=%2Fwp%2Fv2%2Fmedia&parent=663"}],"wp:term":[{"taxonomy":"product_cat","embeddable":true,"href":"http:\/\/jadebeauty.hu\/index.php?rest_route=%2Fwp%2Fv2%2Fproduct_cat&post=663"},{"taxonomy":"product_tag","embeddable":true,"href":"http:\/\/jadebeauty.hu\/index.php?rest_route=%2Fwp%2Fv2%2Fproduct_tag&post=663"}],"curies":[{"name":"wp","href":"https:\/\/api.w.org\/{rel}","templated":true}]}}