{"id":669,"date":"2016-07-09T12:50:37","date_gmt":"2016-07-09T12:50:37","guid":{"rendered":"http:\/\/jadebeauty.hu\/?post_type=product&#038;p=669"},"modified":"2025-06-21T17:41:54","modified_gmt":"2025-06-21T17:41:54","slug":"golden-green-szolo-masszazskrem-szolomagolajjal-es-kokuszolajjal-500ml","status":"publish","type":"product","link":"http:\/\/jadebeauty.hu\/?product=golden-green-szolo-masszazskrem-szolomagolajjal-es-kokuszolajjal-500ml","title":{"rendered":"Golden GREEN Sz\u0151l\u0151 Massz\u00e1zskr\u00e9m k\u00f3kuszolajjal 500 ml"},"content":{"rendered":"","protected":false},"excerpt":{"rendered":"<p>Az \u00e9rt\u00e9kes sz\u0151l\u0151magolaj esszenci\u00e1lis zs\u00edrsavakban \u00e9s E-vitaminban gazdag, ez\u00e1ltal k\u00e9slelteti a b\u0151r \u00f6reged\u00e9s\u00e9t, intenz\u00edven t\u00e1pl\u00e1l \u00e9s hidrat\u00e1l, a massz\u00e1zs sor\u00e1n \u00e9rt\u00e9kes t\u00e1panyagokkal t\u00f6lti fel a b\u0151rt. A term\u00e9szetes k\u00f3kuszolaj antioxid\u00e1nsokban gazdag, tel\u00edtett zs\u00edrjai a sz\u00e1raz b\u0151rt hat\u00e9konyan hidrat\u00e1lj\u00e1k \u00e9s g\u00e1tolj\u00e1k kisz\u00e1rad\u00e1s\u00e1t. Gazdag \u00e1sv\u00e1nyi anyag (k\u00e1lium, foszfor, mag\u00adn\u00e9zium) \u00e9s vitamin tartalma gondoskodik az arc \u00e9s a test b\u0151r\u00e9nek maxim\u00e1lis t\u00e1pl\u00e1l\u00e1s\u00e1r\u00f3l, b\u00e1rsonyoss\u00e1g\u00e1r\u00f3l, emellett term\u00e9szetes v\u00e9delmet ny\u00fajt az UV sugarakkal szemben. Molekul\u00e1ris szerkezet\u00e9nek k\u00f6sz\u00f6nhet\u0151en a k\u00f3kuszolaj k\u00f6nnyen bejut a b\u0151r m\u00e9lyebb r\u00e9tegeibe, meger\u0151s\u00edti a bels\u0151 sz\u00f6veteket, vissza\u00e1ll\u00edtja a b\u0151r eg\u00e9szs\u00e9g\u00e9t \u00e9s term\u00e9szetes ragyog\u00e1s\u00e1t.<\/p>\n","protected":false},"featured_media":2513,"template":"","meta":[],"product_cat":[23,92],"product_tag":[66,91,11,93,109],"yoast_head":"<!-- This site is optimized with the Yoast SEO plugin v17.4 - https:\/\/yoast.com\/wordpress\/plugins\/seo\/ -->\n<title>Golden GREEN Sz\u0151l\u0151 Massz\u00e1zskr\u00e9m k\u00f3kuszolajjal 500 ml - Emspoma webshop<\/title>\n<meta name=\"robots\" content=\"index, follow, max-snippet:-1, max-image-preview:large, max-video-preview:-1\" \/>\n<link rel=\"canonical\" href=\"http:\/\/jadebeauty.hu\/?product=golden-green-szolo-masszazskrem-szolomagolajjal-es-kokuszolajjal-500ml\" \/>\n<meta property=\"og:locale\" content=\"hu_HU\" \/>\n<meta property=\"og:type\" content=\"article\" \/>\n<meta property=\"og:title\" content=\"Golden GREEN Sz\u0151l\u0151 Massz\u00e1zskr\u00e9m k\u00f3kuszolajjal 500 ml - Emspoma webshop\" \/>\n<meta property=\"og:description\" content=\"Az \u00e9rt\u00e9kes sz\u0151l\u0151magolaj esszenci\u00e1lis zs\u00edrsavakban \u00e9s E-vitaminban gazdag, ez\u00e1ltal k\u00e9slelteti a b\u0151r \u00f6reged\u00e9s\u00e9t, intenz\u00edven t\u00e1pl\u00e1l \u00e9s hidrat\u00e1l, a massz\u00e1zs sor\u00e1n \u00e9rt\u00e9kes t\u00e1panyagokkal t\u00f6lti fel a b\u0151rt. A term\u00e9szetes k\u00f3kuszolaj antioxid\u00e1nsokban gazdag, tel\u00edtett zs\u00edrjai a sz\u00e1raz b\u0151rt hat\u00e9konyan hidrat\u00e1lj\u00e1k \u00e9s g\u00e1tolj\u00e1k kisz\u00e1rad\u00e1s\u00e1t. Gazdag \u00e1sv\u00e1nyi anyag (k\u00e1lium, foszfor, mag\u00adn\u00e9zium) \u00e9s vitamin tartalma gondoskodik az arc \u00e9s a test b\u0151r\u00e9nek maxim\u00e1lis t\u00e1pl\u00e1l\u00e1s\u00e1r\u00f3l, b\u00e1rsonyoss\u00e1g\u00e1r\u00f3l, emellett term\u00e9szetes v\u00e9delmet ny\u00fajt az UV sugarakkal szemben. Molekul\u00e1ris szerkezet\u00e9nek k\u00f6sz\u00f6nhet\u0151en a k\u00f3kuszolaj k\u00f6nnyen bejut a b\u0151r m\u00e9lyebb r\u00e9tegeibe, meger\u0151s\u00edti a bels\u0151 sz\u00f6veteket, vissza\u00e1ll\u00edtja a b\u0151r eg\u00e9szs\u00e9g\u00e9t \u00e9s term\u00e9szetes ragyog\u00e1s\u00e1t.\" \/>\n<meta property=\"og:url\" content=\"http:\/\/jadebeauty.hu\/?product=golden-green-szolo-masszazskrem-szolomagolajjal-es-kokuszolajjal-500ml\" \/>\n<meta property=\"og:site_name\" content=\"Emspoma webshop\" \/>\n<meta property=\"article:publisher\" content=\"https:\/\/www.facebook.com\/masszazsbirodalom\/\" \/>\n<meta property=\"article:modified_time\" content=\"2025-06-21T17:41:54+00:00\" \/>\n<meta property=\"og:image\" content=\"http:\/\/jadebeauty.hu\/wp-content\/uploads\/2016\/07\/Golden-GREEN-Sz\u0151l\u0151-Massz\u00e1zskr\u00e9m-sz\u0151l\u0151magolajjal-\u00e9s-k\u00f3kuszolajjal-500ml.jpg\" \/>\n\t<meta property=\"og:image:width\" content=\"400\" \/>\n\t<meta property=\"og:image:height\" content=\"400\" \/>\n<meta name=\"twitter:card\" content=\"summary\" \/>\n<meta name=\"twitter:site\" content=\"@masszazs_bir\" \/>\n<script type=\"application\/ld+json\" class=\"yoast-schema-graph\">{\"@context\":\"https:\/\/schema.org\",\"@graph\":[{\"@type\":\"WebSite\",\"@id\":\"http:\/\/jadebeauty.hu\/#website\",\"url\":\"http:\/\/jadebeauty.hu\/\",\"name\":\"Emspoma webshop\",\"description\":\"\",\"potentialAction\":[{\"@type\":\"SearchAction\",\"target\":{\"@type\":\"EntryPoint\",\"urlTemplate\":\"http:\/\/jadebeauty.hu\/?s={search_term_string}\"},\"query-input\":\"required name=search_term_string\"}],\"inLanguage\":\"hu\"},{\"@type\":\"ImageObject\",\"@id\":\"http:\/\/jadebeauty.hu\/?product=golden-green-szolo-masszazskrem-szolomagolajjal-es-kokuszolajjal-500ml#primaryimage\",\"inLanguage\":\"hu\",\"url\":\"http:\/\/jadebeauty.hu\/wp-content\/uploads\/2016\/07\/Golden-GREEN-Sz\\u0151l\\u0151-Massz\\u00e1zskr\\u00e9m-sz\\u0151l\\u0151magolajjal-\\u00e9s-k\\u00f3kuszolajjal-500ml.jpg\",\"contentUrl\":\"http:\/\/jadebeauty.hu\/wp-content\/uploads\/2016\/07\/Golden-GREEN-Sz\\u0151l\\u0151-Massz\\u00e1zskr\\u00e9m-sz\\u0151l\\u0151magolajjal-\\u00e9s-k\\u00f3kuszolajjal-500ml.jpg\",\"width\":400,\"height\":400,\"caption\":\"Golden GREEN Sz\\u0151l\\u0151 Massz\\u00e1zskr\\u00e9m sz\\u0151l\\u0151magolajjal \\u00e9s k\\u00f3kuszolajjal 500ml\"},{\"@type\":\"WebPage\",\"@id\":\"http:\/\/jadebeauty.hu\/?product=golden-green-szolo-masszazskrem-szolomagolajjal-es-kokuszolajjal-500ml#webpage\",\"url\":\"http:\/\/jadebeauty.hu\/?product=golden-green-szolo-masszazskrem-szolomagolajjal-es-kokuszolajjal-500ml\",\"name\":\"Golden GREEN Sz\\u0151l\\u0151 Massz\\u00e1zskr\\u00e9m k\\u00f3kuszolajjal 500 ml - Emspoma webshop\",\"isPartOf\":{\"@id\":\"http:\/\/jadebeauty.hu\/#website\"},\"primaryImageOfPage\":{\"@id\":\"http:\/\/jadebeauty.hu\/?product=golden-green-szolo-masszazskrem-szolomagolajjal-es-kokuszolajjal-500ml#primaryimage\"},\"datePublished\":\"2016-07-09T12:50:37+00:00\",\"dateModified\":\"2025-06-21T17:41:54+00:00\",\"breadcrumb\":{\"@id\":\"http:\/\/jadebeauty.hu\/?product=golden-green-szolo-masszazskrem-szolomagolajjal-es-kokuszolajjal-500ml#breadcrumb\"},\"inLanguage\":\"hu\",\"potentialAction\":[{\"@type\":\"ReadAction\",\"target\":[\"http:\/\/jadebeauty.hu\/?product=golden-green-szolo-masszazskrem-szolomagolajjal-es-kokuszolajjal-500ml\"]}]},{\"@type\":\"BreadcrumbList\",\"@id\":\"http:\/\/jadebeauty.hu\/?product=golden-green-szolo-masszazskrem-szolomagolajjal-es-kokuszolajjal-500ml#breadcrumb\",\"itemListElement\":[{\"@type\":\"ListItem\",\"position\":1,\"name\":\"Home\",\"item\":\"http:\/\/jadebeauty.hu\/\"},{\"@type\":\"ListItem\",\"position\":2,\"name\":\"\\u00dczlet\",\"item\":\"http:\/\/jadebeauty.hu\/?page_id=4\"},{\"@type\":\"ListItem\",\"position\":3,\"name\":\"Golden GREEN Sz\\u0151l\\u0151 Massz\\u00e1zskr\\u00e9m k\\u00f3kuszolajjal 500 ml\"}]}]}<\/script>\n<!-- \/ Yoast SEO plugin. -->","yoast_head_json":{"title":"Golden GREEN Sz\u0151l\u0151 Massz\u00e1zskr\u00e9m k\u00f3kuszolajjal 500 ml - Emspoma webshop","robots":{"index":"index","follow":"follow","max-snippet":"max-snippet:-1","max-image-preview":"max-image-preview:large","max-video-preview":"max-video-preview:-1"},"canonical":"http:\/\/jadebeauty.hu\/?product=golden-green-szolo-masszazskrem-szolomagolajjal-es-kokuszolajjal-500ml","og_locale":"hu_HU","og_type":"article","og_title":"Golden GREEN Sz\u0151l\u0151 Massz\u00e1zskr\u00e9m k\u00f3kuszolajjal 500 ml - Emspoma webshop","og_description":"Az \u00e9rt\u00e9kes sz\u0151l\u0151magolaj esszenci\u00e1lis zs\u00edrsavakban \u00e9s E-vitaminban gazdag, ez\u00e1ltal k\u00e9slelteti a b\u0151r \u00f6reged\u00e9s\u00e9t, intenz\u00edven t\u00e1pl\u00e1l \u00e9s hidrat\u00e1l, a massz\u00e1zs sor\u00e1n \u00e9rt\u00e9kes t\u00e1panyagokkal t\u00f6lti fel a b\u0151rt. A term\u00e9szetes k\u00f3kuszolaj antioxid\u00e1nsokban gazdag, tel\u00edtett zs\u00edrjai a sz\u00e1raz b\u0151rt hat\u00e9konyan hidrat\u00e1lj\u00e1k \u00e9s g\u00e1tolj\u00e1k kisz\u00e1rad\u00e1s\u00e1t. Gazdag \u00e1sv\u00e1nyi anyag (k\u00e1lium, foszfor, mag\u00adn\u00e9zium) \u00e9s vitamin tartalma gondoskodik az arc \u00e9s a test b\u0151r\u00e9nek maxim\u00e1lis t\u00e1pl\u00e1l\u00e1s\u00e1r\u00f3l, b\u00e1rsonyoss\u00e1g\u00e1r\u00f3l, emellett term\u00e9szetes v\u00e9delmet ny\u00fajt az UV sugarakkal szemben. Molekul\u00e1ris szerkezet\u00e9nek k\u00f6sz\u00f6nhet\u0151en a k\u00f3kuszolaj k\u00f6nnyen bejut a b\u0151r m\u00e9lyebb r\u00e9tegeibe, meger\u0151s\u00edti a bels\u0151 sz\u00f6veteket, vissza\u00e1ll\u00edtja a b\u0151r eg\u00e9szs\u00e9g\u00e9t \u00e9s term\u00e9szetes ragyog\u00e1s\u00e1t.","og_url":"http:\/\/jadebeauty.hu\/?product=golden-green-szolo-masszazskrem-szolomagolajjal-es-kokuszolajjal-500ml","og_site_name":"Emspoma webshop","article_publisher":"https:\/\/www.facebook.com\/masszazsbirodalom\/","article_modified_time":"2025-06-21T17:41:54+00:00","og_image":[{"width":400,"height":400,"url":"http:\/\/jadebeauty.hu\/wp-content\/uploads\/2016\/07\/Golden-GREEN-Sz\u0151l\u0151-Massz\u00e1zskr\u00e9m-sz\u0151l\u0151magolajjal-\u00e9s-k\u00f3kuszolajjal-500ml.jpg","type":"image\/jpeg"}],"twitter_card":"summary","twitter_site":"@masszazs_bir","schema":{"@context":"https:\/\/schema.org","@graph":[{"@type":"WebSite","@id":"http:\/\/jadebeauty.hu\/#website","url":"http:\/\/jadebeauty.hu\/","name":"Emspoma webshop","description":"","potentialAction":[{"@type":"SearchAction","target":{"@type":"EntryPoint","urlTemplate":"http:\/\/jadebeauty.hu\/?s={search_term_string}"},"query-input":"required name=search_term_string"}],"inLanguage":"hu"},{"@type":"ImageObject","@id":"http:\/\/jadebeauty.hu\/?product=golden-green-szolo-masszazskrem-szolomagolajjal-es-kokuszolajjal-500ml#primaryimage","inLanguage":"hu","url":"http:\/\/jadebeauty.hu\/wp-content\/uploads\/2016\/07\/Golden-GREEN-Sz\u0151l\u0151-Massz\u00e1zskr\u00e9m-sz\u0151l\u0151magolajjal-\u00e9s-k\u00f3kuszolajjal-500ml.jpg","contentUrl":"http:\/\/jadebeauty.hu\/wp-content\/uploads\/2016\/07\/Golden-GREEN-Sz\u0151l\u0151-Massz\u00e1zskr\u00e9m-sz\u0151l\u0151magolajjal-\u00e9s-k\u00f3kuszolajjal-500ml.jpg","width":400,"height":400,"caption":"Golden GREEN Sz\u0151l\u0151 Massz\u00e1zskr\u00e9m sz\u0151l\u0151magolajjal \u00e9s k\u00f3kuszolajjal 500ml"},{"@type":"WebPage","@id":"http:\/\/jadebeauty.hu\/?product=golden-green-szolo-masszazskrem-szolomagolajjal-es-kokuszolajjal-500ml#webpage","url":"http:\/\/jadebeauty.hu\/?product=golden-green-szolo-masszazskrem-szolomagolajjal-es-kokuszolajjal-500ml","name":"Golden GREEN Sz\u0151l\u0151 Massz\u00e1zskr\u00e9m k\u00f3kuszolajjal 500 ml - Emspoma webshop","isPartOf":{"@id":"http:\/\/jadebeauty.hu\/#website"},"primaryImageOfPage":{"@id":"http:\/\/jadebeauty.hu\/?product=golden-green-szolo-masszazskrem-szolomagolajjal-es-kokuszolajjal-500ml#primaryimage"},"datePublished":"2016-07-09T12:50:37+00:00","dateModified":"2025-06-21T17:41:54+00:00","breadcrumb":{"@id":"http:\/\/jadebeauty.hu\/?product=golden-green-szolo-masszazskrem-szolomagolajjal-es-kokuszolajjal-500ml#breadcrumb"},"inLanguage":"hu","potentialAction":[{"@type":"ReadAction","target":["http:\/\/jadebeauty.hu\/?product=golden-green-szolo-masszazskrem-szolomagolajjal-es-kokuszolajjal-500ml"]}]},{"@type":"BreadcrumbList","@id":"http:\/\/jadebeauty.hu\/?product=golden-green-szolo-masszazskrem-szolomagolajjal-es-kokuszolajjal-500ml#breadcrumb","itemListElement":[{"@type":"ListItem","position":1,"name":"Home","item":"http:\/\/jadebeauty.hu\/"},{"@type":"ListItem","position":2,"name":"\u00dczlet","item":"http:\/\/jadebeauty.hu\/?page_id=4"},{"@type":"ListItem","position":3,"name":"Golden GREEN Sz\u0151l\u0151 Massz\u00e1zskr\u00e9m k\u00f3kuszolajjal 500 ml"}]}]}},"_links":{"self":[{"href":"http:\/\/jadebeauty.hu\/index.php?rest_route=\/wp\/v2\/product\/669"}],"collection":[{"href":"http:\/\/jadebeauty.hu\/index.php?rest_route=\/wp\/v2\/product"}],"about":[{"href":"http:\/\/jadebeauty.hu\/index.php?rest_route=\/wp\/v2\/types\/product"}],"wp:featuredmedia":[{"embeddable":true,"href":"http:\/\/jadebeauty.hu\/index.php?rest_route=\/wp\/v2\/media\/2513"}],"wp:attachment":[{"href":"http:\/\/jadebeauty.hu\/index.php?rest_route=%2Fwp%2Fv2%2Fmedia&parent=669"}],"wp:term":[{"taxonomy":"product_cat","embeddable":true,"href":"http:\/\/jadebeauty.hu\/index.php?rest_route=%2Fwp%2Fv2%2Fproduct_cat&post=669"},{"taxonomy":"product_tag","embeddable":true,"href":"http:\/\/jadebeauty.hu\/index.php?rest_route=%2Fwp%2Fv2%2Fproduct_tag&post=669"}],"curies":[{"name":"wp","href":"https:\/\/api.w.org\/{rel}","templated":true}]}}