{"id":778,"date":"2016-07-12T20:26:23","date_gmt":"2016-07-12T20:26:23","guid":{"rendered":"http:\/\/jadebeauty.hu\/?post_type=product&#038;p=778"},"modified":"2026-01-14T07:58:30","modified_gmt":"2026-01-14T07:58:30","slug":"fitness-cellulit-anticellulit-gel-1000-ml","status":"publish","type":"product","link":"http:\/\/jadebeauty.hu\/?product=fitness-cellulit-anticellulit-gel-1000-ml","title":{"rendered":"Fit Cellulit &#8211; narancsb\u0151r ellen 500 ml"},"content":{"rendered":"","protected":false},"excerpt":{"rendered":"<p>Narancsb\u0151r (cellulit) \u00e9s a b\u0151rcs\u00edkoz\u00f3d\u00e1s (stria) elleni harc hat\u00e9kony fegyvere. A bed\u00f6rzs\u00f6l\u0151 g\u00e9l term\u00e9szetes gy\u00f3gyn\u00f6v\u00e9nykivonatok \u00e9s ill\u00f3olajok erej\u00e9re t\u00e1maszkodik. Rendszeres haszn\u00e1lata garant\u00e1lja a megl\u00e9v\u0151 cs\u00edkok javul\u00e1s\u00e1t, a g\u00f6dr\u00f6csk\u00e9k folyamatos simul\u00e1s\u00e1t, ill. cs\u00f6kkenti kialakul\u00e1s\u00e1nak val\u00f3sz\u00edn\u0171s\u00e9g\u00e9t \u00e9s m\u00e9rt\u00e9k\u00e9t. B\u0151rbar\u00e1t \u00f6sszet\u00e9tele biztos\u00edtja, hogy \u00e9rz\u00e9keny b\u0151r\u0171ek is b\u00e1tran haszn\u00e1lhatj\u00e1k. Alkalmaz\u00e1sa sor\u00e1n esetlegesen jelentkez\u0151 meleg-\u00e9rzet r\u00f6vid id\u0151 alatt elm\u00falik. \u00d6nmag\u00e1ban haszn\u00e1lva, ill. c\u00e9lir\u00e1nyos kezel\u00e9sekhez (v\u00e1kuum, ultrahang, massz\u00e1zs) alkalmazva jelent\u0151sen fokozza a kezel\u00e9s hat\u00e9konys\u00e1g\u00e1t.<\/p>\n","protected":false},"featured_media":2778,"template":"","meta":[],"product_cat":[61,37,175],"product_tag":[95,38,89,169,176],"yoast_head":"<!-- This site is optimized with the Yoast SEO plugin v17.4 - https:\/\/yoast.com\/wordpress\/plugins\/seo\/ -->\n<title>Fit Cellulit - narancsb\u0151r ellen 500 ml - Emspoma webshop<\/title>\n<meta name=\"robots\" content=\"index, follow, max-snippet:-1, max-image-preview:large, max-video-preview:-1\" \/>\n<link rel=\"canonical\" href=\"http:\/\/jadebeauty.hu\/?product=fitness-cellulit-anticellulit-gel-1000-ml\" \/>\n<meta property=\"og:locale\" content=\"hu_HU\" \/>\n<meta property=\"og:type\" content=\"article\" \/>\n<meta property=\"og:title\" content=\"Fit Cellulit - narancsb\u0151r ellen 500 ml - Emspoma webshop\" \/>\n<meta property=\"og:description\" content=\"Narancsb\u0151r (cellulit) \u00e9s a b\u0151rcs\u00edkoz\u00f3d\u00e1s (stria) elleni harc hat\u00e9kony fegyvere. A bed\u00f6rzs\u00f6l\u0151 g\u00e9l term\u00e9szetes gy\u00f3gyn\u00f6v\u00e9nykivonatok \u00e9s ill\u00f3olajok erej\u00e9re t\u00e1maszkodik. Rendszeres haszn\u00e1lata garant\u00e1lja a megl\u00e9v\u0151 cs\u00edkok javul\u00e1s\u00e1t, a g\u00f6dr\u00f6csk\u00e9k folyamatos simul\u00e1s\u00e1t, ill. cs\u00f6kkenti kialakul\u00e1s\u00e1nak val\u00f3sz\u00edn\u0171s\u00e9g\u00e9t \u00e9s m\u00e9rt\u00e9k\u00e9t. B\u0151rbar\u00e1t \u00f6sszet\u00e9tele biztos\u00edtja, hogy \u00e9rz\u00e9keny b\u0151r\u0171ek is b\u00e1tran haszn\u00e1lhatj\u00e1k. Alkalmaz\u00e1sa sor\u00e1n esetlegesen jelentkez\u0151 meleg-\u00e9rzet r\u00f6vid id\u0151 alatt elm\u00falik. \u00d6nmag\u00e1ban haszn\u00e1lva, ill. c\u00e9lir\u00e1nyos kezel\u00e9sekhez (v\u00e1kuum, ultrahang, massz\u00e1zs) alkalmazva jelent\u0151sen fokozza a kezel\u00e9s hat\u00e9konys\u00e1g\u00e1t.\" \/>\n<meta property=\"og:url\" content=\"http:\/\/jadebeauty.hu\/?product=fitness-cellulit-anticellulit-gel-1000-ml\" \/>\n<meta property=\"og:site_name\" content=\"Emspoma webshop\" \/>\n<meta property=\"article:publisher\" content=\"https:\/\/www.facebook.com\/masszazsbirodalom\/\" \/>\n<meta property=\"article:modified_time\" content=\"2026-01-14T07:58:30+00:00\" \/>\n<meta property=\"og:image\" content=\"https:\/\/jadebeauty.hu\/wp-content\/uploads\/2026\/01\/Fit-Cellulit-narancsbor-ellen-500ml.jpg\" \/>\n\t<meta property=\"og:image:width\" content=\"300\" \/>\n\t<meta property=\"og:image:height\" content=\"300\" \/>\n<meta name=\"twitter:card\" content=\"summary\" \/>\n<meta name=\"twitter:site\" content=\"@masszazs_bir\" \/>\n<script type=\"application\/ld+json\" class=\"yoast-schema-graph\">{\"@context\":\"https:\/\/schema.org\",\"@graph\":[{\"@type\":\"WebSite\",\"@id\":\"http:\/\/jadebeauty.hu\/#website\",\"url\":\"http:\/\/jadebeauty.hu\/\",\"name\":\"Emspoma webshop\",\"description\":\"\",\"potentialAction\":[{\"@type\":\"SearchAction\",\"target\":{\"@type\":\"EntryPoint\",\"urlTemplate\":\"http:\/\/jadebeauty.hu\/?s={search_term_string}\"},\"query-input\":\"required name=search_term_string\"}],\"inLanguage\":\"hu\"},{\"@type\":\"ImageObject\",\"@id\":\"http:\/\/jadebeauty.hu\/?product=fitness-cellulit-anticellulit-gel-1000-ml#primaryimage\",\"inLanguage\":\"hu\",\"url\":\"http:\/\/jadebeauty.hu\/wp-content\/uploads\/2026\/01\/Fit-Cellulit-narancsbor-ellen-500ml.jpg\",\"contentUrl\":\"http:\/\/jadebeauty.hu\/wp-content\/uploads\/2026\/01\/Fit-Cellulit-narancsbor-ellen-500ml.jpg\",\"width\":300,\"height\":300},{\"@type\":\"WebPage\",\"@id\":\"http:\/\/jadebeauty.hu\/?product=fitness-cellulit-anticellulit-gel-1000-ml#webpage\",\"url\":\"http:\/\/jadebeauty.hu\/?product=fitness-cellulit-anticellulit-gel-1000-ml\",\"name\":\"Fit Cellulit - narancsb\\u0151r ellen 500 ml - Emspoma webshop\",\"isPartOf\":{\"@id\":\"http:\/\/jadebeauty.hu\/#website\"},\"primaryImageOfPage\":{\"@id\":\"http:\/\/jadebeauty.hu\/?product=fitness-cellulit-anticellulit-gel-1000-ml#primaryimage\"},\"datePublished\":\"2016-07-12T20:26:23+00:00\",\"dateModified\":\"2026-01-14T07:58:30+00:00\",\"breadcrumb\":{\"@id\":\"http:\/\/jadebeauty.hu\/?product=fitness-cellulit-anticellulit-gel-1000-ml#breadcrumb\"},\"inLanguage\":\"hu\",\"potentialAction\":[{\"@type\":\"ReadAction\",\"target\":[\"http:\/\/jadebeauty.hu\/?product=fitness-cellulit-anticellulit-gel-1000-ml\"]}]},{\"@type\":\"BreadcrumbList\",\"@id\":\"http:\/\/jadebeauty.hu\/?product=fitness-cellulit-anticellulit-gel-1000-ml#breadcrumb\",\"itemListElement\":[{\"@type\":\"ListItem\",\"position\":1,\"name\":\"Home\",\"item\":\"http:\/\/jadebeauty.hu\/\"},{\"@type\":\"ListItem\",\"position\":2,\"name\":\"\\u00dczlet\",\"item\":\"https:\/\/jadebeauty.hu\/?page_id=4\"},{\"@type\":\"ListItem\",\"position\":3,\"name\":\"Fit Cellulit &#8211; narancsb\\u0151r ellen 500 ml\"}]}]}<\/script>\n<!-- \/ Yoast SEO plugin. -->","yoast_head_json":{"title":"Fit Cellulit - narancsb\u0151r ellen 500 ml - Emspoma webshop","robots":{"index":"index","follow":"follow","max-snippet":"max-snippet:-1","max-image-preview":"max-image-preview:large","max-video-preview":"max-video-preview:-1"},"canonical":"http:\/\/jadebeauty.hu\/?product=fitness-cellulit-anticellulit-gel-1000-ml","og_locale":"hu_HU","og_type":"article","og_title":"Fit Cellulit - narancsb\u0151r ellen 500 ml - Emspoma webshop","og_description":"Narancsb\u0151r (cellulit) \u00e9s a b\u0151rcs\u00edkoz\u00f3d\u00e1s (stria) elleni harc hat\u00e9kony fegyvere. A bed\u00f6rzs\u00f6l\u0151 g\u00e9l term\u00e9szetes gy\u00f3gyn\u00f6v\u00e9nykivonatok \u00e9s ill\u00f3olajok erej\u00e9re t\u00e1maszkodik. Rendszeres haszn\u00e1lata garant\u00e1lja a megl\u00e9v\u0151 cs\u00edkok javul\u00e1s\u00e1t, a g\u00f6dr\u00f6csk\u00e9k folyamatos simul\u00e1s\u00e1t, ill. cs\u00f6kkenti kialakul\u00e1s\u00e1nak val\u00f3sz\u00edn\u0171s\u00e9g\u00e9t \u00e9s m\u00e9rt\u00e9k\u00e9t. B\u0151rbar\u00e1t \u00f6sszet\u00e9tele biztos\u00edtja, hogy \u00e9rz\u00e9keny b\u0151r\u0171ek is b\u00e1tran haszn\u00e1lhatj\u00e1k. Alkalmaz\u00e1sa sor\u00e1n esetlegesen jelentkez\u0151 meleg-\u00e9rzet r\u00f6vid id\u0151 alatt elm\u00falik. \u00d6nmag\u00e1ban haszn\u00e1lva, ill. c\u00e9lir\u00e1nyos kezel\u00e9sekhez (v\u00e1kuum, ultrahang, massz\u00e1zs) alkalmazva jelent\u0151sen fokozza a kezel\u00e9s hat\u00e9konys\u00e1g\u00e1t.","og_url":"http:\/\/jadebeauty.hu\/?product=fitness-cellulit-anticellulit-gel-1000-ml","og_site_name":"Emspoma webshop","article_publisher":"https:\/\/www.facebook.com\/masszazsbirodalom\/","article_modified_time":"2026-01-14T07:58:30+00:00","og_image":[{"width":300,"height":300,"url":"https:\/\/jadebeauty.hu\/wp-content\/uploads\/2026\/01\/Fit-Cellulit-narancsbor-ellen-500ml.jpg","type":"image\/jpeg"}],"twitter_card":"summary","twitter_site":"@masszazs_bir","schema":{"@context":"https:\/\/schema.org","@graph":[{"@type":"WebSite","@id":"http:\/\/jadebeauty.hu\/#website","url":"http:\/\/jadebeauty.hu\/","name":"Emspoma webshop","description":"","potentialAction":[{"@type":"SearchAction","target":{"@type":"EntryPoint","urlTemplate":"http:\/\/jadebeauty.hu\/?s={search_term_string}"},"query-input":"required name=search_term_string"}],"inLanguage":"hu"},{"@type":"ImageObject","@id":"http:\/\/jadebeauty.hu\/?product=fitness-cellulit-anticellulit-gel-1000-ml#primaryimage","inLanguage":"hu","url":"http:\/\/jadebeauty.hu\/wp-content\/uploads\/2026\/01\/Fit-Cellulit-narancsbor-ellen-500ml.jpg","contentUrl":"http:\/\/jadebeauty.hu\/wp-content\/uploads\/2026\/01\/Fit-Cellulit-narancsbor-ellen-500ml.jpg","width":300,"height":300},{"@type":"WebPage","@id":"http:\/\/jadebeauty.hu\/?product=fitness-cellulit-anticellulit-gel-1000-ml#webpage","url":"http:\/\/jadebeauty.hu\/?product=fitness-cellulit-anticellulit-gel-1000-ml","name":"Fit Cellulit - narancsb\u0151r ellen 500 ml - Emspoma webshop","isPartOf":{"@id":"http:\/\/jadebeauty.hu\/#website"},"primaryImageOfPage":{"@id":"http:\/\/jadebeauty.hu\/?product=fitness-cellulit-anticellulit-gel-1000-ml#primaryimage"},"datePublished":"2016-07-12T20:26:23+00:00","dateModified":"2026-01-14T07:58:30+00:00","breadcrumb":{"@id":"http:\/\/jadebeauty.hu\/?product=fitness-cellulit-anticellulit-gel-1000-ml#breadcrumb"},"inLanguage":"hu","potentialAction":[{"@type":"ReadAction","target":["http:\/\/jadebeauty.hu\/?product=fitness-cellulit-anticellulit-gel-1000-ml"]}]},{"@type":"BreadcrumbList","@id":"http:\/\/jadebeauty.hu\/?product=fitness-cellulit-anticellulit-gel-1000-ml#breadcrumb","itemListElement":[{"@type":"ListItem","position":1,"name":"Home","item":"http:\/\/jadebeauty.hu\/"},{"@type":"ListItem","position":2,"name":"\u00dczlet","item":"https:\/\/jadebeauty.hu\/?page_id=4"},{"@type":"ListItem","position":3,"name":"Fit Cellulit &#8211; narancsb\u0151r ellen 500 ml"}]}]}},"_links":{"self":[{"href":"http:\/\/jadebeauty.hu\/index.php?rest_route=\/wp\/v2\/product\/778"}],"collection":[{"href":"http:\/\/jadebeauty.hu\/index.php?rest_route=\/wp\/v2\/product"}],"about":[{"href":"http:\/\/jadebeauty.hu\/index.php?rest_route=\/wp\/v2\/types\/product"}],"wp:featuredmedia":[{"embeddable":true,"href":"http:\/\/jadebeauty.hu\/index.php?rest_route=\/wp\/v2\/media\/2778"}],"wp:attachment":[{"href":"http:\/\/jadebeauty.hu\/index.php?rest_route=%2Fwp%2Fv2%2Fmedia&parent=778"}],"wp:term":[{"taxonomy":"product_cat","embeddable":true,"href":"http:\/\/jadebeauty.hu\/index.php?rest_route=%2Fwp%2Fv2%2Fproduct_cat&post=778"},{"taxonomy":"product_tag","embeddable":true,"href":"http:\/\/jadebeauty.hu\/index.php?rest_route=%2Fwp%2Fv2%2Fproduct_tag&post=778"}],"curies":[{"name":"wp","href":"https:\/\/api.w.org\/{rel}","templated":true}]}}