{"id":849,"date":"2016-07-13T19:11:31","date_gmt":"2016-07-13T19:11:31","guid":{"rendered":"http:\/\/jadebeauty.hu\/?post_type=product&#038;p=849"},"modified":"2026-01-14T07:58:32","modified_gmt":"2026-01-14T07:58:32","slug":"reforma-3d-karcsusito-lotion-zold-kaveval-150-ml","status":"publish","type":"product","link":"http:\/\/jadebeauty.hu\/?product=reforma-3d-karcsusito-lotion-zold-kaveval-150-ml","title":{"rendered":"Fit Coffee 3D karcs\u00fas\u00edt\u00f3, zs\u00edr\u00e9get\u0151 kr\u00e9m 150 ml"},"content":{"rendered":"","protected":false},"excerpt":{"rendered":"<p>Az innovat\u00edv \u00f6sszet\u00e9tel\u0171 l\u00e1gy kr\u00e9m h\u00e1rom dimenzi\u00f3ban form\u00e1lja alakod. Karcs\u00fas\u00edt\u00e1shoz, alakform\u00e1l\u00e1shoz extra hat\u00e9kony z\u00f6ld k\u00e1v\u00e9s \u00fajdons\u00e1g bio rozmaring-kivonattal. A zs\u00edr\u00e9get\u00e9sben meghat\u00e1roz\u00f3 szerepet j\u00e1tsz\u00f3 teofillin, L-carnitin, term\u00e9szetes z\u00f6ld k\u00e1v\u00e9-kivonat klorog\u00e9nsav tartalma seg\u00edti a zs\u00edrp\u00e1rn\u00e1k lebont\u00e1s\u00e1t, g\u00e1tolva a zs\u00edrlerak\u00f3d\u00e1st, fokozza a sejtek anyagcser\u00e9j\u00e9t. B\u0151rbar\u00e1t \u00f6sszet\u00e9tel\u0171. Hidrat\u00e1l, feszes\u00edt, antioxid\u00e1ns, anti-aging sejtv\u00e9d\u0151 hat\u00e1s\u00fa.<\/p>\n","protected":false},"featured_media":2788,"template":"","meta":[],"product_cat":[23,186],"product_tag":[110,169,104,11,185,103],"yoast_head":"<!-- This site is optimized with the Yoast SEO plugin v17.4 - https:\/\/yoast.com\/wordpress\/plugins\/seo\/ -->\n<title>Fit Coffee 3D karcs\u00fas\u00edt\u00f3, zs\u00edr\u00e9get\u0151 kr\u00e9m 150 ml - Emspoma webshop<\/title>\n<meta name=\"robots\" content=\"index, follow, max-snippet:-1, max-image-preview:large, max-video-preview:-1\" \/>\n<link rel=\"canonical\" href=\"http:\/\/jadebeauty.hu\/?product=reforma-3d-karcsusito-lotion-zold-kaveval-150-ml\" \/>\n<meta property=\"og:locale\" content=\"hu_HU\" \/>\n<meta property=\"og:type\" content=\"article\" \/>\n<meta property=\"og:title\" content=\"Fit Coffee 3D karcs\u00fas\u00edt\u00f3, zs\u00edr\u00e9get\u0151 kr\u00e9m 150 ml - Emspoma webshop\" \/>\n<meta property=\"og:description\" content=\"Az innovat\u00edv \u00f6sszet\u00e9tel\u0171 l\u00e1gy kr\u00e9m h\u00e1rom dimenzi\u00f3ban form\u00e1lja alakod. Karcs\u00fas\u00edt\u00e1shoz, alakform\u00e1l\u00e1shoz extra hat\u00e9kony z\u00f6ld k\u00e1v\u00e9s \u00fajdons\u00e1g bio rozmaring-kivonattal. A zs\u00edr\u00e9get\u00e9sben meghat\u00e1roz\u00f3 szerepet j\u00e1tsz\u00f3 teofillin, L-carnitin, term\u00e9szetes z\u00f6ld k\u00e1v\u00e9-kivonat klorog\u00e9nsav tartalma seg\u00edti a zs\u00edrp\u00e1rn\u00e1k lebont\u00e1s\u00e1t, g\u00e1tolva a zs\u00edrlerak\u00f3d\u00e1st, fokozza a sejtek anyagcser\u00e9j\u00e9t. B\u0151rbar\u00e1t \u00f6sszet\u00e9tel\u0171. Hidrat\u00e1l, feszes\u00edt, antioxid\u00e1ns, anti-aging sejtv\u00e9d\u0151 hat\u00e1s\u00fa.\" \/>\n<meta property=\"og:url\" content=\"http:\/\/jadebeauty.hu\/?product=reforma-3d-karcsusito-lotion-zold-kaveval-150-ml\" \/>\n<meta property=\"og:site_name\" content=\"Emspoma webshop\" \/>\n<meta property=\"article:publisher\" content=\"https:\/\/www.facebook.com\/masszazsbirodalom\/\" \/>\n<meta property=\"article:modified_time\" content=\"2026-01-14T07:58:32+00:00\" \/>\n<meta property=\"og:image\" content=\"http:\/\/jadebeauty.hu\/wp-content\/uploads\/2026\/01\/ReForma-3D-Karcsusito-lotion-150-ml.jpg\" \/>\n\t<meta property=\"og:image:width\" content=\"400\" \/>\n\t<meta property=\"og:image:height\" content=\"400\" \/>\n<meta name=\"twitter:card\" content=\"summary\" \/>\n<meta name=\"twitter:site\" content=\"@masszazs_bir\" \/>\n<script type=\"application\/ld+json\" class=\"yoast-schema-graph\">{\"@context\":\"https:\/\/schema.org\",\"@graph\":[{\"@type\":\"WebSite\",\"@id\":\"http:\/\/jadebeauty.hu\/#website\",\"url\":\"http:\/\/jadebeauty.hu\/\",\"name\":\"Emspoma webshop\",\"description\":\"\",\"potentialAction\":[{\"@type\":\"SearchAction\",\"target\":{\"@type\":\"EntryPoint\",\"urlTemplate\":\"http:\/\/jadebeauty.hu\/?s={search_term_string}\"},\"query-input\":\"required name=search_term_string\"}],\"inLanguage\":\"hu\"},{\"@type\":\"ImageObject\",\"@id\":\"http:\/\/jadebeauty.hu\/?product=reforma-3d-karcsusito-lotion-zold-kaveval-150-ml#primaryimage\",\"inLanguage\":\"hu\",\"url\":\"http:\/\/jadebeauty.hu\/wp-content\/uploads\/2026\/01\/ReForma-3D-Karcsusito-lotion-150-ml.jpg\",\"contentUrl\":\"http:\/\/jadebeauty.hu\/wp-content\/uploads\/2026\/01\/ReForma-3D-Karcsusito-lotion-150-ml.jpg\",\"width\":400,\"height\":400},{\"@type\":\"WebPage\",\"@id\":\"http:\/\/jadebeauty.hu\/?product=reforma-3d-karcsusito-lotion-zold-kaveval-150-ml#webpage\",\"url\":\"http:\/\/jadebeauty.hu\/?product=reforma-3d-karcsusito-lotion-zold-kaveval-150-ml\",\"name\":\"Fit Coffee 3D karcs\\u00fas\\u00edt\\u00f3, zs\\u00edr\\u00e9get\\u0151 kr\\u00e9m 150 ml - Emspoma webshop\",\"isPartOf\":{\"@id\":\"http:\/\/jadebeauty.hu\/#website\"},\"primaryImageOfPage\":{\"@id\":\"http:\/\/jadebeauty.hu\/?product=reforma-3d-karcsusito-lotion-zold-kaveval-150-ml#primaryimage\"},\"datePublished\":\"2016-07-13T19:11:31+00:00\",\"dateModified\":\"2026-01-14T07:58:32+00:00\",\"breadcrumb\":{\"@id\":\"http:\/\/jadebeauty.hu\/?product=reforma-3d-karcsusito-lotion-zold-kaveval-150-ml#breadcrumb\"},\"inLanguage\":\"hu\",\"potentialAction\":[{\"@type\":\"ReadAction\",\"target\":[\"http:\/\/jadebeauty.hu\/?product=reforma-3d-karcsusito-lotion-zold-kaveval-150-ml\"]}]},{\"@type\":\"BreadcrumbList\",\"@id\":\"http:\/\/jadebeauty.hu\/?product=reforma-3d-karcsusito-lotion-zold-kaveval-150-ml#breadcrumb\",\"itemListElement\":[{\"@type\":\"ListItem\",\"position\":1,\"name\":\"Home\",\"item\":\"http:\/\/jadebeauty.hu\/\"},{\"@type\":\"ListItem\",\"position\":2,\"name\":\"\\u00dczlet\",\"item\":\"http:\/\/jadebeauty.hu\/?page_id=4\"},{\"@type\":\"ListItem\",\"position\":3,\"name\":\"Fit Coffee 3D karcs\\u00fas\\u00edt\\u00f3, zs\\u00edr\\u00e9get\\u0151 kr\\u00e9m 150 ml\"}]}]}<\/script>\n<!-- \/ Yoast SEO plugin. -->","yoast_head_json":{"title":"Fit Coffee 3D karcs\u00fas\u00edt\u00f3, zs\u00edr\u00e9get\u0151 kr\u00e9m 150 ml - Emspoma webshop","robots":{"index":"index","follow":"follow","max-snippet":"max-snippet:-1","max-image-preview":"max-image-preview:large","max-video-preview":"max-video-preview:-1"},"canonical":"http:\/\/jadebeauty.hu\/?product=reforma-3d-karcsusito-lotion-zold-kaveval-150-ml","og_locale":"hu_HU","og_type":"article","og_title":"Fit Coffee 3D karcs\u00fas\u00edt\u00f3, zs\u00edr\u00e9get\u0151 kr\u00e9m 150 ml - Emspoma webshop","og_description":"Az innovat\u00edv \u00f6sszet\u00e9tel\u0171 l\u00e1gy kr\u00e9m h\u00e1rom dimenzi\u00f3ban form\u00e1lja alakod. Karcs\u00fas\u00edt\u00e1shoz, alakform\u00e1l\u00e1shoz extra hat\u00e9kony z\u00f6ld k\u00e1v\u00e9s \u00fajdons\u00e1g bio rozmaring-kivonattal. A zs\u00edr\u00e9get\u00e9sben meghat\u00e1roz\u00f3 szerepet j\u00e1tsz\u00f3 teofillin, L-carnitin, term\u00e9szetes z\u00f6ld k\u00e1v\u00e9-kivonat klorog\u00e9nsav tartalma seg\u00edti a zs\u00edrp\u00e1rn\u00e1k lebont\u00e1s\u00e1t, g\u00e1tolva a zs\u00edrlerak\u00f3d\u00e1st, fokozza a sejtek anyagcser\u00e9j\u00e9t. B\u0151rbar\u00e1t \u00f6sszet\u00e9tel\u0171. Hidrat\u00e1l, feszes\u00edt, antioxid\u00e1ns, anti-aging sejtv\u00e9d\u0151 hat\u00e1s\u00fa.","og_url":"http:\/\/jadebeauty.hu\/?product=reforma-3d-karcsusito-lotion-zold-kaveval-150-ml","og_site_name":"Emspoma webshop","article_publisher":"https:\/\/www.facebook.com\/masszazsbirodalom\/","article_modified_time":"2026-01-14T07:58:32+00:00","og_image":[{"width":400,"height":400,"url":"http:\/\/jadebeauty.hu\/wp-content\/uploads\/2026\/01\/ReForma-3D-Karcsusito-lotion-150-ml.jpg","type":"image\/jpeg"}],"twitter_card":"summary","twitter_site":"@masszazs_bir","schema":{"@context":"https:\/\/schema.org","@graph":[{"@type":"WebSite","@id":"http:\/\/jadebeauty.hu\/#website","url":"http:\/\/jadebeauty.hu\/","name":"Emspoma webshop","description":"","potentialAction":[{"@type":"SearchAction","target":{"@type":"EntryPoint","urlTemplate":"http:\/\/jadebeauty.hu\/?s={search_term_string}"},"query-input":"required name=search_term_string"}],"inLanguage":"hu"},{"@type":"ImageObject","@id":"http:\/\/jadebeauty.hu\/?product=reforma-3d-karcsusito-lotion-zold-kaveval-150-ml#primaryimage","inLanguage":"hu","url":"http:\/\/jadebeauty.hu\/wp-content\/uploads\/2026\/01\/ReForma-3D-Karcsusito-lotion-150-ml.jpg","contentUrl":"http:\/\/jadebeauty.hu\/wp-content\/uploads\/2026\/01\/ReForma-3D-Karcsusito-lotion-150-ml.jpg","width":400,"height":400},{"@type":"WebPage","@id":"http:\/\/jadebeauty.hu\/?product=reforma-3d-karcsusito-lotion-zold-kaveval-150-ml#webpage","url":"http:\/\/jadebeauty.hu\/?product=reforma-3d-karcsusito-lotion-zold-kaveval-150-ml","name":"Fit Coffee 3D karcs\u00fas\u00edt\u00f3, zs\u00edr\u00e9get\u0151 kr\u00e9m 150 ml - Emspoma webshop","isPartOf":{"@id":"http:\/\/jadebeauty.hu\/#website"},"primaryImageOfPage":{"@id":"http:\/\/jadebeauty.hu\/?product=reforma-3d-karcsusito-lotion-zold-kaveval-150-ml#primaryimage"},"datePublished":"2016-07-13T19:11:31+00:00","dateModified":"2026-01-14T07:58:32+00:00","breadcrumb":{"@id":"http:\/\/jadebeauty.hu\/?product=reforma-3d-karcsusito-lotion-zold-kaveval-150-ml#breadcrumb"},"inLanguage":"hu","potentialAction":[{"@type":"ReadAction","target":["http:\/\/jadebeauty.hu\/?product=reforma-3d-karcsusito-lotion-zold-kaveval-150-ml"]}]},{"@type":"BreadcrumbList","@id":"http:\/\/jadebeauty.hu\/?product=reforma-3d-karcsusito-lotion-zold-kaveval-150-ml#breadcrumb","itemListElement":[{"@type":"ListItem","position":1,"name":"Home","item":"http:\/\/jadebeauty.hu\/"},{"@type":"ListItem","position":2,"name":"\u00dczlet","item":"http:\/\/jadebeauty.hu\/?page_id=4"},{"@type":"ListItem","position":3,"name":"Fit Coffee 3D karcs\u00fas\u00edt\u00f3, zs\u00edr\u00e9get\u0151 kr\u00e9m 150 ml"}]}]}},"_links":{"self":[{"href":"http:\/\/jadebeauty.hu\/index.php?rest_route=\/wp\/v2\/product\/849"}],"collection":[{"href":"http:\/\/jadebeauty.hu\/index.php?rest_route=\/wp\/v2\/product"}],"about":[{"href":"http:\/\/jadebeauty.hu\/index.php?rest_route=\/wp\/v2\/types\/product"}],"wp:featuredmedia":[{"embeddable":true,"href":"http:\/\/jadebeauty.hu\/index.php?rest_route=\/wp\/v2\/media\/2788"}],"wp:attachment":[{"href":"http:\/\/jadebeauty.hu\/index.php?rest_route=%2Fwp%2Fv2%2Fmedia&parent=849"}],"wp:term":[{"taxonomy":"product_cat","embeddable":true,"href":"http:\/\/jadebeauty.hu\/index.php?rest_route=%2Fwp%2Fv2%2Fproduct_cat&post=849"},{"taxonomy":"product_tag","embeddable":true,"href":"http:\/\/jadebeauty.hu\/index.php?rest_route=%2Fwp%2Fv2%2Fproduct_tag&post=849"}],"curies":[{"name":"wp","href":"https:\/\/api.w.org\/{rel}","templated":true}]}}