{"id":911,"date":"2016-07-17T13:41:15","date_gmt":"2016-07-17T13:41:15","guid":{"rendered":"http:\/\/jadebeauty.hu\/termek\/relax-line-koromvirag-mehfu-masszazsolaj-1000-ml\/"},"modified":"2024-07-14T20:13:45","modified_gmt":"2024-07-14T20:13:45","slug":"relax-line-koromvirag-mehfu-masszazsolaj-1000-ml","status":"publish","type":"product","link":"http:\/\/jadebeauty.hu\/?product=relax-line-koromvirag-mehfu-masszazsolaj-1000-ml","title":{"rendered":"RELAX LINE &#8211; k\u00f6r\u00f6mvir\u00e1g m\u00e9hf\u0171 massz\u00e1zsolaj 1000 ml"},"content":{"rendered":"","protected":false},"excerpt":{"rendered":"<p>A RELAX LINE massz\u00e1zsolaj csal\u00e1d paraffin \u00e9s napraforg\u00f3 olaj tartalm\u00fa term\u00e9kcsal\u00e1d.<\/p>\n<p>Friss\u00edt\u0151, \u00e9l\u00e9nk\u00edt\u0151 \u00e9s egyben nyugtat\u00f3 hat\u00e1s\u00fa olaj. Friss\u00edt\u0151massz\u00e1zshoz aj\u00e1nljuk. A k\u00f6r\u00f6mvir\u00e1g fert\u0151tlen\u00edt\u0151 \u00e9s gomba\u00f6l\u0151 hat\u00e1s\u00fa, a m\u00e9hf\u0171 (citromf\u0171) \u00edz\u00fcleti betegs\u00e9gekre, izomg\u00f6rcs\u00f6kre t\u00f6k\u00e9letesen haszn\u00e1lhat\u00f3. Nem tartalmaz mesters\u00e9ges sz\u00edn-, \u00e9s \u00e1llati anyagot.<\/p>\n<p><strong>ALKALMAZ\u00c1S:<\/strong>\u00a0K\u00fcls\u0151leges haszn\u00e1latra. Sz\u00e1raz, tiszt\u00edtott, \u00e9p b\u0151r\u00f6n lehet alkalmazni. Ker\u00fclni kell a szembe vagy a sz\u00e1jba jut\u00e1st. Allergi\u00e1s reakci\u00f3 megel\u0151z\u00e9s\u00e9re helyezz\u00fcnk kis mennyis\u00e9g\u0171 olajat a b\u0151rre. Haszn\u00e1lat ut\u00e1n alaposan mosson kezet. Az olaj nem alkalmas gyermekek sz\u00e1m\u00e1ra. H\u0171v\u00f6s, sz\u00e1raz helyen t\u00e1roland\u00f3.<\/p>\n<p>&nbsp;<\/p>\n","protected":false},"featured_media":1414,"template":"","meta":[],"product_cat":[61,222],"product_tag":[226,60,227,223,224],"yoast_head":"<!-- This site is optimized with the Yoast SEO plugin v17.4 - https:\/\/yoast.com\/wordpress\/plugins\/seo\/ -->\n<title>RELAX LINE - k\u00f6r\u00f6mvir\u00e1g m\u00e9hf\u0171 massz\u00e1zsolaj 1000 ml - Emspoma webshop<\/title>\n<meta name=\"robots\" content=\"index, follow, max-snippet:-1, max-image-preview:large, max-video-preview:-1\" \/>\n<link rel=\"canonical\" href=\"http:\/\/jadebeauty.hu\/?product=relax-line-koromvirag-mehfu-masszazsolaj-1000-ml\" \/>\n<meta property=\"og:locale\" content=\"hu_HU\" \/>\n<meta property=\"og:type\" content=\"article\" \/>\n<meta property=\"og:title\" content=\"RELAX LINE - k\u00f6r\u00f6mvir\u00e1g m\u00e9hf\u0171 massz\u00e1zsolaj 1000 ml - Emspoma webshop\" \/>\n<meta property=\"og:description\" content=\"A RELAX LINE massz\u00e1zsolaj csal\u00e1d paraffin \u00e9s napraforg\u00f3 olaj tartalm\u00fa term\u00e9kcsal\u00e1d. Friss\u00edt\u0151, \u00e9l\u00e9nk\u00edt\u0151 \u00e9s egyben nyugtat\u00f3 hat\u00e1s\u00fa olaj. Friss\u00edt\u0151massz\u00e1zshoz aj\u00e1nljuk. A k\u00f6r\u00f6mvir\u00e1g fert\u0151tlen\u00edt\u0151 \u00e9s gomba\u00f6l\u0151 hat\u00e1s\u00fa, a m\u00e9hf\u0171 (citromf\u0171) \u00edz\u00fcleti betegs\u00e9gekre, izomg\u00f6rcs\u00f6kre t\u00f6k\u00e9letesen haszn\u00e1lhat\u00f3. Nem tartalmaz mesters\u00e9ges sz\u00edn-, \u00e9s \u00e1llati anyagot. ALKALMAZ\u00c1S:\u00a0K\u00fcls\u0151leges haszn\u00e1latra. Sz\u00e1raz, tiszt\u00edtott, \u00e9p b\u0151r\u00f6n lehet alkalmazni. Ker\u00fclni kell a szembe vagy a sz\u00e1jba jut\u00e1st. Allergi\u00e1s reakci\u00f3 megel\u0151z\u00e9s\u00e9re helyezz\u00fcnk kis mennyis\u00e9g\u0171 olajat a b\u0151rre. Haszn\u00e1lat ut\u00e1n alaposan mosson kezet. Az olaj nem alkalmas gyermekek sz\u00e1m\u00e1ra. H\u0171v\u00f6s, sz\u00e1raz helyen t\u00e1roland\u00f3. &nbsp;\" \/>\n<meta property=\"og:url\" content=\"http:\/\/jadebeauty.hu\/?product=relax-line-koromvirag-mehfu-masszazsolaj-1000-ml\" \/>\n<meta property=\"og:site_name\" content=\"Emspoma webshop\" \/>\n<meta property=\"article:publisher\" content=\"https:\/\/www.facebook.com\/masszazsbirodalom\/\" \/>\n<meta property=\"article:modified_time\" content=\"2024-07-14T20:13:45+00:00\" \/>\n<meta property=\"og:image\" content=\"http:\/\/jadebeauty.hu\/wp-content\/uploads\/2016\/09\/2-masszazsolaj-relax-line-koromvirag-mehf-1000mlok.jpg\" \/>\n\t<meta property=\"og:image:width\" content=\"300\" \/>\n\t<meta property=\"og:image:height\" content=\"300\" \/>\n<meta name=\"twitter:card\" content=\"summary\" \/>\n<meta name=\"twitter:site\" content=\"@masszazs_bir\" \/>\n<script type=\"application\/ld+json\" class=\"yoast-schema-graph\">{\"@context\":\"https:\/\/schema.org\",\"@graph\":[{\"@type\":\"WebSite\",\"@id\":\"http:\/\/jadebeauty.hu\/#website\",\"url\":\"http:\/\/jadebeauty.hu\/\",\"name\":\"Emspoma webshop\",\"description\":\"\",\"potentialAction\":[{\"@type\":\"SearchAction\",\"target\":{\"@type\":\"EntryPoint\",\"urlTemplate\":\"http:\/\/jadebeauty.hu\/?s={search_term_string}\"},\"query-input\":\"required name=search_term_string\"}],\"inLanguage\":\"hu\"},{\"@type\":\"ImageObject\",\"@id\":\"http:\/\/jadebeauty.hu\/?product=relax-line-koromvirag-mehfu-masszazsolaj-1000-ml#primaryimage\",\"inLanguage\":\"hu\",\"url\":\"http:\/\/jadebeauty.hu\/wp-content\/uploads\/2016\/09\/2-masszazsolaj-relax-line-koromvirag-mehf-1000mlok.jpg\",\"contentUrl\":\"http:\/\/jadebeauty.hu\/wp-content\/uploads\/2016\/09\/2-masszazsolaj-relax-line-koromvirag-mehf-1000mlok.jpg\",\"width\":300,\"height\":300,\"caption\":\"RELAX LINE - k\\u00f6r\\u00f6mvir\\u00e1g m\\u00e9hf\\u0171 massz\\u00e1zsolaj 1000 ml\"},{\"@type\":\"WebPage\",\"@id\":\"http:\/\/jadebeauty.hu\/?product=relax-line-koromvirag-mehfu-masszazsolaj-1000-ml#webpage\",\"url\":\"http:\/\/jadebeauty.hu\/?product=relax-line-koromvirag-mehfu-masszazsolaj-1000-ml\",\"name\":\"RELAX LINE - k\\u00f6r\\u00f6mvir\\u00e1g m\\u00e9hf\\u0171 massz\\u00e1zsolaj 1000 ml - Emspoma webshop\",\"isPartOf\":{\"@id\":\"http:\/\/jadebeauty.hu\/#website\"},\"primaryImageOfPage\":{\"@id\":\"http:\/\/jadebeauty.hu\/?product=relax-line-koromvirag-mehfu-masszazsolaj-1000-ml#primaryimage\"},\"datePublished\":\"2016-07-17T13:41:15+00:00\",\"dateModified\":\"2024-07-14T20:13:45+00:00\",\"breadcrumb\":{\"@id\":\"http:\/\/jadebeauty.hu\/?product=relax-line-koromvirag-mehfu-masszazsolaj-1000-ml#breadcrumb\"},\"inLanguage\":\"hu\",\"potentialAction\":[{\"@type\":\"ReadAction\",\"target\":[\"http:\/\/jadebeauty.hu\/?product=relax-line-koromvirag-mehfu-masszazsolaj-1000-ml\"]}]},{\"@type\":\"BreadcrumbList\",\"@id\":\"http:\/\/jadebeauty.hu\/?product=relax-line-koromvirag-mehfu-masszazsolaj-1000-ml#breadcrumb\",\"itemListElement\":[{\"@type\":\"ListItem\",\"position\":1,\"name\":\"Home\",\"item\":\"http:\/\/jadebeauty.hu\/\"},{\"@type\":\"ListItem\",\"position\":2,\"name\":\"\\u00dczlet\",\"item\":\"http:\/\/jadebeauty.hu\/?page_id=4\"},{\"@type\":\"ListItem\",\"position\":3,\"name\":\"RELAX LINE &#8211; k\\u00f6r\\u00f6mvir\\u00e1g m\\u00e9hf\\u0171 massz\\u00e1zsolaj 1000 ml\"}]}]}<\/script>\n<!-- \/ Yoast SEO plugin. -->","yoast_head_json":{"title":"RELAX LINE - k\u00f6r\u00f6mvir\u00e1g m\u00e9hf\u0171 massz\u00e1zsolaj 1000 ml - Emspoma webshop","robots":{"index":"index","follow":"follow","max-snippet":"max-snippet:-1","max-image-preview":"max-image-preview:large","max-video-preview":"max-video-preview:-1"},"canonical":"http:\/\/jadebeauty.hu\/?product=relax-line-koromvirag-mehfu-masszazsolaj-1000-ml","og_locale":"hu_HU","og_type":"article","og_title":"RELAX LINE - k\u00f6r\u00f6mvir\u00e1g m\u00e9hf\u0171 massz\u00e1zsolaj 1000 ml - Emspoma webshop","og_description":"A RELAX LINE massz\u00e1zsolaj csal\u00e1d paraffin \u00e9s napraforg\u00f3 olaj tartalm\u00fa term\u00e9kcsal\u00e1d. Friss\u00edt\u0151, \u00e9l\u00e9nk\u00edt\u0151 \u00e9s egyben nyugtat\u00f3 hat\u00e1s\u00fa olaj. Friss\u00edt\u0151massz\u00e1zshoz aj\u00e1nljuk. A k\u00f6r\u00f6mvir\u00e1g fert\u0151tlen\u00edt\u0151 \u00e9s gomba\u00f6l\u0151 hat\u00e1s\u00fa, a m\u00e9hf\u0171 (citromf\u0171) \u00edz\u00fcleti betegs\u00e9gekre, izomg\u00f6rcs\u00f6kre t\u00f6k\u00e9letesen haszn\u00e1lhat\u00f3. Nem tartalmaz mesters\u00e9ges sz\u00edn-, \u00e9s \u00e1llati anyagot. ALKALMAZ\u00c1S:\u00a0K\u00fcls\u0151leges haszn\u00e1latra. Sz\u00e1raz, tiszt\u00edtott, \u00e9p b\u0151r\u00f6n lehet alkalmazni. Ker\u00fclni kell a szembe vagy a sz\u00e1jba jut\u00e1st. Allergi\u00e1s reakci\u00f3 megel\u0151z\u00e9s\u00e9re helyezz\u00fcnk kis mennyis\u00e9g\u0171 olajat a b\u0151rre. Haszn\u00e1lat ut\u00e1n alaposan mosson kezet. Az olaj nem alkalmas gyermekek sz\u00e1m\u00e1ra. H\u0171v\u00f6s, sz\u00e1raz helyen t\u00e1roland\u00f3. &nbsp;","og_url":"http:\/\/jadebeauty.hu\/?product=relax-line-koromvirag-mehfu-masszazsolaj-1000-ml","og_site_name":"Emspoma webshop","article_publisher":"https:\/\/www.facebook.com\/masszazsbirodalom\/","article_modified_time":"2024-07-14T20:13:45+00:00","og_image":[{"width":300,"height":300,"url":"http:\/\/jadebeauty.hu\/wp-content\/uploads\/2016\/09\/2-masszazsolaj-relax-line-koromvirag-mehf-1000mlok.jpg","type":"image\/jpeg"}],"twitter_card":"summary","twitter_site":"@masszazs_bir","schema":{"@context":"https:\/\/schema.org","@graph":[{"@type":"WebSite","@id":"http:\/\/jadebeauty.hu\/#website","url":"http:\/\/jadebeauty.hu\/","name":"Emspoma webshop","description":"","potentialAction":[{"@type":"SearchAction","target":{"@type":"EntryPoint","urlTemplate":"http:\/\/jadebeauty.hu\/?s={search_term_string}"},"query-input":"required name=search_term_string"}],"inLanguage":"hu"},{"@type":"ImageObject","@id":"http:\/\/jadebeauty.hu\/?product=relax-line-koromvirag-mehfu-masszazsolaj-1000-ml#primaryimage","inLanguage":"hu","url":"http:\/\/jadebeauty.hu\/wp-content\/uploads\/2016\/09\/2-masszazsolaj-relax-line-koromvirag-mehf-1000mlok.jpg","contentUrl":"http:\/\/jadebeauty.hu\/wp-content\/uploads\/2016\/09\/2-masszazsolaj-relax-line-koromvirag-mehf-1000mlok.jpg","width":300,"height":300,"caption":"RELAX LINE - k\u00f6r\u00f6mvir\u00e1g m\u00e9hf\u0171 massz\u00e1zsolaj 1000 ml"},{"@type":"WebPage","@id":"http:\/\/jadebeauty.hu\/?product=relax-line-koromvirag-mehfu-masszazsolaj-1000-ml#webpage","url":"http:\/\/jadebeauty.hu\/?product=relax-line-koromvirag-mehfu-masszazsolaj-1000-ml","name":"RELAX LINE - k\u00f6r\u00f6mvir\u00e1g m\u00e9hf\u0171 massz\u00e1zsolaj 1000 ml - Emspoma webshop","isPartOf":{"@id":"http:\/\/jadebeauty.hu\/#website"},"primaryImageOfPage":{"@id":"http:\/\/jadebeauty.hu\/?product=relax-line-koromvirag-mehfu-masszazsolaj-1000-ml#primaryimage"},"datePublished":"2016-07-17T13:41:15+00:00","dateModified":"2024-07-14T20:13:45+00:00","breadcrumb":{"@id":"http:\/\/jadebeauty.hu\/?product=relax-line-koromvirag-mehfu-masszazsolaj-1000-ml#breadcrumb"},"inLanguage":"hu","potentialAction":[{"@type":"ReadAction","target":["http:\/\/jadebeauty.hu\/?product=relax-line-koromvirag-mehfu-masszazsolaj-1000-ml"]}]},{"@type":"BreadcrumbList","@id":"http:\/\/jadebeauty.hu\/?product=relax-line-koromvirag-mehfu-masszazsolaj-1000-ml#breadcrumb","itemListElement":[{"@type":"ListItem","position":1,"name":"Home","item":"http:\/\/jadebeauty.hu\/"},{"@type":"ListItem","position":2,"name":"\u00dczlet","item":"http:\/\/jadebeauty.hu\/?page_id=4"},{"@type":"ListItem","position":3,"name":"RELAX LINE &#8211; k\u00f6r\u00f6mvir\u00e1g m\u00e9hf\u0171 massz\u00e1zsolaj 1000 ml"}]}]}},"_links":{"self":[{"href":"http:\/\/jadebeauty.hu\/index.php?rest_route=\/wp\/v2\/product\/911"}],"collection":[{"href":"http:\/\/jadebeauty.hu\/index.php?rest_route=\/wp\/v2\/product"}],"about":[{"href":"http:\/\/jadebeauty.hu\/index.php?rest_route=\/wp\/v2\/types\/product"}],"wp:featuredmedia":[{"embeddable":true,"href":"http:\/\/jadebeauty.hu\/index.php?rest_route=\/wp\/v2\/media\/1414"}],"wp:attachment":[{"href":"http:\/\/jadebeauty.hu\/index.php?rest_route=%2Fwp%2Fv2%2Fmedia&parent=911"}],"wp:term":[{"taxonomy":"product_cat","embeddable":true,"href":"http:\/\/jadebeauty.hu\/index.php?rest_route=%2Fwp%2Fv2%2Fproduct_cat&post=911"},{"taxonomy":"product_tag","embeddable":true,"href":"http:\/\/jadebeauty.hu\/index.php?rest_route=%2Fwp%2Fv2%2Fproduct_tag&post=911"}],"curies":[{"name":"wp","href":"https:\/\/api.w.org\/{rel}","templated":true}]}}