{"id":939,"date":"2016-07-17T16:10:08","date_gmt":"2016-07-17T16:10:08","guid":{"rendered":"http:\/\/jadebeauty.hu\/?post_type=product&#038;p=939"},"modified":"2023-12-22T14:47:19","modified_gmt":"2023-12-22T14:47:19","slug":"yamuna-melyhidratalo-krem-1000-ml","status":"publish","type":"product","link":"http:\/\/jadebeauty.hu\/?product=yamuna-melyhidratalo-krem-1000-ml","title":{"rendered":"Yamuna m\u00e9lyhidrat\u00e1l\u00f3 kr\u00e9m 1000 ml"},"content":{"rendered":"","protected":false},"excerpt":{"rendered":"<p>Els\u0151sorban az arc \u00e9s a nyak mindennapos \u00e1pol\u00e1s\u00e1ra aj\u00e1nljuk. Term\u00e9szetes hat\u00f3anyagokat, kollag\u00e9nt (v\u00edzmegk\u00f6t\u0151 feh\u00e9rj\u00e9t) \u00e9s liposz\u00f3m\u00e1s vitaminokat (A, B, E \u00e9s F) tartalmaz\u00f3 hidrat\u00e1l\u00f3 kr\u00e9m. Kett\u0151s hat\u00e1s\u00fa term\u00e9k, amely egyar\u00e1nt alkalmas az arcb\u0151r massz\u00edroz\u00e1s\u00e1ra \u00e9s a smink elt\u00e1vol\u00edt\u00e1s\u00e1ra. Haszn\u00e1lata sor\u00e1n s\u00edkos\u00edtja az arcb\u0151rt, ugyanakkor m\u00e9lyhidrat\u00e1l\u00f3 hat\u00e1s\u00fa \u00f6sszetev\u0151i (kollag\u00e9n, liposz\u00f3ma, lipidek) n\u00f6velik a b\u0151r rugalmass\u00e1g\u00e1t, valamint regener\u00e1lj\u00e1k a kisz\u00e1radt b\u0151rt. Vitamintartalm\u00e1val vitaliz\u00e1lja \u00e9s helyre\u00e1ll\u00edtja a b\u0151r \u00e9letfolyamatait. Minden b\u0151rt\u00edpusra alkalmazhat\u00f3, nappali haszn\u00e1latra aj\u00e1nljuk. Sz\u00ednez\u00e9ket nem tartalmaz. K\u00e9mhat\u00e1sa b\u0151rbar\u00e1t (pH=5.5).<\/p>\n","protected":false},"featured_media":1429,"template":"","meta":[],"product_cat":[23,231],"product_tag":[48,11,230],"yoast_head":"<!-- This site is optimized with the Yoast SEO plugin v17.4 - https:\/\/yoast.com\/wordpress\/plugins\/seo\/ -->\n<title>Yamuna m\u00e9lyhidrat\u00e1l\u00f3 kr\u00e9m 1000 ml - Emspoma webshop<\/title>\n<meta name=\"robots\" content=\"index, follow, max-snippet:-1, max-image-preview:large, max-video-preview:-1\" \/>\n<link rel=\"canonical\" href=\"http:\/\/jadebeauty.hu\/?product=yamuna-melyhidratalo-krem-1000-ml\" \/>\n<meta property=\"og:locale\" content=\"hu_HU\" \/>\n<meta property=\"og:type\" content=\"article\" \/>\n<meta property=\"og:title\" content=\"Yamuna m\u00e9lyhidrat\u00e1l\u00f3 kr\u00e9m 1000 ml - Emspoma webshop\" \/>\n<meta property=\"og:description\" content=\"Els\u0151sorban az arc \u00e9s a nyak mindennapos \u00e1pol\u00e1s\u00e1ra aj\u00e1nljuk. Term\u00e9szetes hat\u00f3anyagokat, kollag\u00e9nt (v\u00edzmegk\u00f6t\u0151 feh\u00e9rj\u00e9t) \u00e9s liposz\u00f3m\u00e1s vitaminokat (A, B, E \u00e9s F) tartalmaz\u00f3 hidrat\u00e1l\u00f3 kr\u00e9m. Kett\u0151s hat\u00e1s\u00fa term\u00e9k, amely egyar\u00e1nt alkalmas az arcb\u0151r massz\u00edroz\u00e1s\u00e1ra \u00e9s a smink elt\u00e1vol\u00edt\u00e1s\u00e1ra. Haszn\u00e1lata sor\u00e1n s\u00edkos\u00edtja az arcb\u0151rt, ugyanakkor m\u00e9lyhidrat\u00e1l\u00f3 hat\u00e1s\u00fa \u00f6sszetev\u0151i (kollag\u00e9n, liposz\u00f3ma, lipidek) n\u00f6velik a b\u0151r rugalmass\u00e1g\u00e1t, valamint regener\u00e1lj\u00e1k a kisz\u00e1radt b\u0151rt. Vitamintartalm\u00e1val vitaliz\u00e1lja \u00e9s helyre\u00e1ll\u00edtja a b\u0151r \u00e9letfolyamatait. Minden b\u0151rt\u00edpusra alkalmazhat\u00f3, nappali haszn\u00e1latra aj\u00e1nljuk. Sz\u00ednez\u00e9ket nem tartalmaz. K\u00e9mhat\u00e1sa b\u0151rbar\u00e1t (pH=5.5).\" \/>\n<meta property=\"og:url\" content=\"http:\/\/jadebeauty.hu\/?product=yamuna-melyhidratalo-krem-1000-ml\" \/>\n<meta property=\"og:site_name\" content=\"Emspoma webshop\" \/>\n<meta property=\"article:publisher\" content=\"https:\/\/www.facebook.com\/masszazsbirodalom\/\" \/>\n<meta property=\"article:modified_time\" content=\"2023-12-22T14:47:19+00:00\" \/>\n<meta property=\"og:image\" content=\"http:\/\/jadebeauty.hu\/wp-content\/uploads\/2016\/09\/16-yamuna-melyhidratalo-kremok.jpg\" \/>\n\t<meta property=\"og:image:width\" content=\"300\" \/>\n\t<meta property=\"og:image:height\" content=\"300\" \/>\n<meta name=\"twitter:card\" content=\"summary\" \/>\n<meta name=\"twitter:site\" content=\"@masszazs_bir\" \/>\n<script type=\"application\/ld+json\" class=\"yoast-schema-graph\">{\"@context\":\"https:\/\/schema.org\",\"@graph\":[{\"@type\":\"WebSite\",\"@id\":\"http:\/\/jadebeauty.hu\/#website\",\"url\":\"http:\/\/jadebeauty.hu\/\",\"name\":\"Emspoma webshop\",\"description\":\"\",\"potentialAction\":[{\"@type\":\"SearchAction\",\"target\":{\"@type\":\"EntryPoint\",\"urlTemplate\":\"http:\/\/jadebeauty.hu\/?s={search_term_string}\"},\"query-input\":\"required name=search_term_string\"}],\"inLanguage\":\"hu\"},{\"@type\":\"ImageObject\",\"@id\":\"http:\/\/jadebeauty.hu\/?product=yamuna-melyhidratalo-krem-1000-ml#primaryimage\",\"inLanguage\":\"hu\",\"url\":\"http:\/\/jadebeauty.hu\/wp-content\/uploads\/2016\/09\/16-yamuna-melyhidratalo-kremok.jpg\",\"contentUrl\":\"http:\/\/jadebeauty.hu\/wp-content\/uploads\/2016\/09\/16-yamuna-melyhidratalo-kremok.jpg\",\"width\":300,\"height\":300,\"caption\":\"Yamuna m\\u00e9lyhidrat\\u00e1l\\u00f3 kr\\u00e9m 1000 ml\"},{\"@type\":\"WebPage\",\"@id\":\"http:\/\/jadebeauty.hu\/?product=yamuna-melyhidratalo-krem-1000-ml#webpage\",\"url\":\"http:\/\/jadebeauty.hu\/?product=yamuna-melyhidratalo-krem-1000-ml\",\"name\":\"Yamuna m\\u00e9lyhidrat\\u00e1l\\u00f3 kr\\u00e9m 1000 ml - Emspoma webshop\",\"isPartOf\":{\"@id\":\"http:\/\/jadebeauty.hu\/#website\"},\"primaryImageOfPage\":{\"@id\":\"http:\/\/jadebeauty.hu\/?product=yamuna-melyhidratalo-krem-1000-ml#primaryimage\"},\"datePublished\":\"2016-07-17T16:10:08+00:00\",\"dateModified\":\"2023-12-22T14:47:19+00:00\",\"breadcrumb\":{\"@id\":\"http:\/\/jadebeauty.hu\/?product=yamuna-melyhidratalo-krem-1000-ml#breadcrumb\"},\"inLanguage\":\"hu\",\"potentialAction\":[{\"@type\":\"ReadAction\",\"target\":[\"http:\/\/jadebeauty.hu\/?product=yamuna-melyhidratalo-krem-1000-ml\"]}]},{\"@type\":\"BreadcrumbList\",\"@id\":\"http:\/\/jadebeauty.hu\/?product=yamuna-melyhidratalo-krem-1000-ml#breadcrumb\",\"itemListElement\":[{\"@type\":\"ListItem\",\"position\":1,\"name\":\"Home\",\"item\":\"http:\/\/jadebeauty.hu\/\"},{\"@type\":\"ListItem\",\"position\":2,\"name\":\"\\u00dczlet\",\"item\":\"http:\/\/jadebeauty.hu\/?page_id=4\"},{\"@type\":\"ListItem\",\"position\":3,\"name\":\"Yamuna m\\u00e9lyhidrat\\u00e1l\\u00f3 kr\\u00e9m 1000 ml\"}]}]}<\/script>\n<!-- \/ Yoast SEO plugin. -->","yoast_head_json":{"title":"Yamuna m\u00e9lyhidrat\u00e1l\u00f3 kr\u00e9m 1000 ml - Emspoma webshop","robots":{"index":"index","follow":"follow","max-snippet":"max-snippet:-1","max-image-preview":"max-image-preview:large","max-video-preview":"max-video-preview:-1"},"canonical":"http:\/\/jadebeauty.hu\/?product=yamuna-melyhidratalo-krem-1000-ml","og_locale":"hu_HU","og_type":"article","og_title":"Yamuna m\u00e9lyhidrat\u00e1l\u00f3 kr\u00e9m 1000 ml - Emspoma webshop","og_description":"Els\u0151sorban az arc \u00e9s a nyak mindennapos \u00e1pol\u00e1s\u00e1ra aj\u00e1nljuk. Term\u00e9szetes hat\u00f3anyagokat, kollag\u00e9nt (v\u00edzmegk\u00f6t\u0151 feh\u00e9rj\u00e9t) \u00e9s liposz\u00f3m\u00e1s vitaminokat (A, B, E \u00e9s F) tartalmaz\u00f3 hidrat\u00e1l\u00f3 kr\u00e9m. Kett\u0151s hat\u00e1s\u00fa term\u00e9k, amely egyar\u00e1nt alkalmas az arcb\u0151r massz\u00edroz\u00e1s\u00e1ra \u00e9s a smink elt\u00e1vol\u00edt\u00e1s\u00e1ra. Haszn\u00e1lata sor\u00e1n s\u00edkos\u00edtja az arcb\u0151rt, ugyanakkor m\u00e9lyhidrat\u00e1l\u00f3 hat\u00e1s\u00fa \u00f6sszetev\u0151i (kollag\u00e9n, liposz\u00f3ma, lipidek) n\u00f6velik a b\u0151r rugalmass\u00e1g\u00e1t, valamint regener\u00e1lj\u00e1k a kisz\u00e1radt b\u0151rt. Vitamintartalm\u00e1val vitaliz\u00e1lja \u00e9s helyre\u00e1ll\u00edtja a b\u0151r \u00e9letfolyamatait. Minden b\u0151rt\u00edpusra alkalmazhat\u00f3, nappali haszn\u00e1latra aj\u00e1nljuk. Sz\u00ednez\u00e9ket nem tartalmaz. K\u00e9mhat\u00e1sa b\u0151rbar\u00e1t (pH=5.5).","og_url":"http:\/\/jadebeauty.hu\/?product=yamuna-melyhidratalo-krem-1000-ml","og_site_name":"Emspoma webshop","article_publisher":"https:\/\/www.facebook.com\/masszazsbirodalom\/","article_modified_time":"2023-12-22T14:47:19+00:00","og_image":[{"width":300,"height":300,"url":"http:\/\/jadebeauty.hu\/wp-content\/uploads\/2016\/09\/16-yamuna-melyhidratalo-kremok.jpg","type":"image\/jpeg"}],"twitter_card":"summary","twitter_site":"@masszazs_bir","schema":{"@context":"https:\/\/schema.org","@graph":[{"@type":"WebSite","@id":"http:\/\/jadebeauty.hu\/#website","url":"http:\/\/jadebeauty.hu\/","name":"Emspoma webshop","description":"","potentialAction":[{"@type":"SearchAction","target":{"@type":"EntryPoint","urlTemplate":"http:\/\/jadebeauty.hu\/?s={search_term_string}"},"query-input":"required name=search_term_string"}],"inLanguage":"hu"},{"@type":"ImageObject","@id":"http:\/\/jadebeauty.hu\/?product=yamuna-melyhidratalo-krem-1000-ml#primaryimage","inLanguage":"hu","url":"http:\/\/jadebeauty.hu\/wp-content\/uploads\/2016\/09\/16-yamuna-melyhidratalo-kremok.jpg","contentUrl":"http:\/\/jadebeauty.hu\/wp-content\/uploads\/2016\/09\/16-yamuna-melyhidratalo-kremok.jpg","width":300,"height":300,"caption":"Yamuna m\u00e9lyhidrat\u00e1l\u00f3 kr\u00e9m 1000 ml"},{"@type":"WebPage","@id":"http:\/\/jadebeauty.hu\/?product=yamuna-melyhidratalo-krem-1000-ml#webpage","url":"http:\/\/jadebeauty.hu\/?product=yamuna-melyhidratalo-krem-1000-ml","name":"Yamuna m\u00e9lyhidrat\u00e1l\u00f3 kr\u00e9m 1000 ml - Emspoma webshop","isPartOf":{"@id":"http:\/\/jadebeauty.hu\/#website"},"primaryImageOfPage":{"@id":"http:\/\/jadebeauty.hu\/?product=yamuna-melyhidratalo-krem-1000-ml#primaryimage"},"datePublished":"2016-07-17T16:10:08+00:00","dateModified":"2023-12-22T14:47:19+00:00","breadcrumb":{"@id":"http:\/\/jadebeauty.hu\/?product=yamuna-melyhidratalo-krem-1000-ml#breadcrumb"},"inLanguage":"hu","potentialAction":[{"@type":"ReadAction","target":["http:\/\/jadebeauty.hu\/?product=yamuna-melyhidratalo-krem-1000-ml"]}]},{"@type":"BreadcrumbList","@id":"http:\/\/jadebeauty.hu\/?product=yamuna-melyhidratalo-krem-1000-ml#breadcrumb","itemListElement":[{"@type":"ListItem","position":1,"name":"Home","item":"http:\/\/jadebeauty.hu\/"},{"@type":"ListItem","position":2,"name":"\u00dczlet","item":"http:\/\/jadebeauty.hu\/?page_id=4"},{"@type":"ListItem","position":3,"name":"Yamuna m\u00e9lyhidrat\u00e1l\u00f3 kr\u00e9m 1000 ml"}]}]}},"_links":{"self":[{"href":"http:\/\/jadebeauty.hu\/index.php?rest_route=\/wp\/v2\/product\/939"}],"collection":[{"href":"http:\/\/jadebeauty.hu\/index.php?rest_route=\/wp\/v2\/product"}],"about":[{"href":"http:\/\/jadebeauty.hu\/index.php?rest_route=\/wp\/v2\/types\/product"}],"wp:featuredmedia":[{"embeddable":true,"href":"http:\/\/jadebeauty.hu\/index.php?rest_route=\/wp\/v2\/media\/1429"}],"wp:attachment":[{"href":"http:\/\/jadebeauty.hu\/index.php?rest_route=%2Fwp%2Fv2%2Fmedia&parent=939"}],"wp:term":[{"taxonomy":"product_cat","embeddable":true,"href":"http:\/\/jadebeauty.hu\/index.php?rest_route=%2Fwp%2Fv2%2Fproduct_cat&post=939"},{"taxonomy":"product_tag","embeddable":true,"href":"http:\/\/jadebeauty.hu\/index.php?rest_route=%2Fwp%2Fv2%2Fproduct_tag&post=939"}],"curies":[{"name":"wp","href":"https:\/\/api.w.org\/{rel}","templated":true}]}}